{"id":598,"date":"2026-02-01T16:11:39","date_gmt":"2026-02-01T16:11:39","guid":{"rendered":"https:\/\/www.residence-croma.fr\/?page_id=598"},"modified":"2026-02-01T16:16:51","modified_gmt":"2026-02-01T16:16:51","slug":"avisos-legales","status":"publish","type":"page","link":"https:\/\/www.residence-croma.fr\/es\/avisos-legales\/","title":{"rendered":"avisos legales"},"content":{"rendered":"<div id=\"tw-target-text-container\" class=\"tw-ta-container tw-nfl\" role=\"text\">\n<p style=\"text-align: center\"><span class=\"Y2IQFc\" lang=\"es\">Propietario: <\/span><\/p>\n<p style=\"text-align: center\"><span class=\"Y2IQFc\" lang=\"es\">16 rue du Paradis 86270 La Roche-Posay FRANCIA CROMA <\/span><\/p>\n<p style=\"text-align: center\"><span class=\"Y2IQFc\" lang=\"es\">SARL con un capital de 75.000 \u20ac SIRET: 412 559 973 00026<\/span><\/p>\n<p style=\"text-align: center\"><span class=\"Y2IQFc\" lang=\"es\">N.\u00ba IVA FR412559973 <\/span><\/p>\n<p style=\"text-align: center\"><span class=\"Y2IQFc\" lang=\"es\">Queda estrictamente prohibida la reproducci\u00f3n, incluso parcial, de este sitio web sin nuestro consentimiento previo, de conformidad con las disposiciones del C\u00f3digo de la Propiedad Intelectual franc\u00e9s. <\/span><\/p>\n<p style=\"text-align: center\"><span class=\"Y2IQFc\" lang=\"es\">CROMA Residence informa que el contenido de este sitio web puede modificarse o actualizarse sin previo aviso y no constituye un compromiso contractual. <\/span><\/p>\n<p style=\"text-align: center\"><span class=\"Y2IQFc\" lang=\"es\">El responsable de la publicaci\u00f3n y la creaci\u00f3n de contenidos es el Sr. Yann Dupuy. <\/span><\/p>\n<p style=\"text-align: center\"><span class=\"Y2IQFc\" lang=\"es\">Alojamiento: <\/span><\/p>\n<p style=\"text-align: center\"><span class=\"Y2IQFc\" lang=\"es\">WPEngine, Inc. Irongate House, <\/span><\/p>\n<p style=\"text-align: center\"><span class=\"Y2IQFc\" lang=\"es\">22-30 Duke\u2019s Place, Londres, EC3A 7LP, <\/span><\/p>\n<p style=\"text-align: center\"><span class=\"Y2IQFc\" lang=\"es\">Reino Unido Tel\u00e9fono: 08 00 50 53 049<\/span><\/p>\n<p style=\"text-align: center\"><span class=\"Y2IQFc\" lang=\"es\"> Editorial: <\/span><\/p>\n<p style=\"text-align: center\"><span class=\"Y2IQFc\" lang=\"es\">D-EDGE Company 66, rue des Archives,<\/span><\/p>\n<p style=\"text-align: center\"><span class=\"Y2IQFc\" lang=\"es\"> Par\u00eds (75003) RCS PARIS <\/span><\/p>\n<p style=\"text-align: center\"><span class=\"Y2IQFc\" lang=\"es\">n.\u00b0 431 513 852 Derechos de acceso del usuario y datos personales:<\/span><\/p>\n<\/div>\n<div id=\"tw-target-text-container\" class=\"tw-ta-container tw-nfl\" style=\"text-align: center\" role=\"text\">\n<pre class=\"tw-data-text tw-text-large tw-ta\" dir=\"ltr\" role=\"text\" data-placeholder=\"Traduction\" data-ved=\"2ahUKEwjyr9Gm-LeSAxVcVKQEHdhBIYoQ3ewLegQIDBAV\" aria-label=\"Texte traduit\u00a0: Derechos de acceso del usuario y datos personales: De conformidad con lo dispuesto en la Ley de Protecci\u00f3n de Datos de Francia del 6 de enero de 1978, el tratamiento de los datos personales recopilados en este sitio web ha sido declarado a la CNIL (actualmente en curso de tratamiento). Los usuarios de este sitio web tienen derecho a acceder, modificar, rectificar y suprimir sus datos personales (art\u00edculo 34 de la Ley de Protecci\u00f3n de Datos de Francia). Para ejercer este derecho, los usuarios pueden ponerse en contacto con CROMA utilizando la informaci\u00f3n de contacto proporcionada anteriormente. Ninguna informaci\u00f3n recopilada durante el registro en el sitio web de con\u00e9com se compartir\u00e1 con terceros. Cr\u00e9dito de la foto: OOSHOT Las fotos son solo ilustrativas.\"><span class=\"Y2IQFc\" lang=\"es\">Derechos de acceso del usuario y datos personales:\r\n\r\nDe conformidad con lo dispuesto en la Ley de Protecci\u00f3n de Datos de Francia del 6 de enero de 1978,\r\n el tratamiento de los datos personales recopilados en este sitio web ha sido declarado a la CNIL (actualmente en curso de tratamiento). \r\nLos usuarios de este sitio web tienen derecho a acceder, modificar, rectificar y suprimir sus datos personales (art\u00edculo 34 de la Ley de Protecci\u00f3n de Datos de Francia).\r\n\r\nPara ejercer este derecho, \r\nlos usuarios pueden ponerse en contacto con CROMA utilizando la informaci\u00f3n de contacto proporcionada anteriormente.\r\n Ninguna informaci\u00f3n recopilada durante el registro en el sitio web de con\u00e9com se compartir\u00e1 con terceros.\r\n\r\nCr\u00e9dito de la foto: OOSHOT\r\nLas fotos son solo ilustrativas.\r\n\r\n<\/span><\/pre>\n<div id=\"tw-target-text-container\" class=\"tw-ta-container tw-nfl\" role=\"text\">\n<pre class=\"tw-data-text tw-text-large tw-ta\" dir=\"ltr\" role=\"text\" data-placeholder=\"Traduction\" data-ved=\"2ahUKEwjyr9Gm-LeSAxVcVKQEHdhBIYoQ3ewLegQIDBAV\" aria-label=\"Texte traduit\u00a0: M\u00e1s informaci\u00f3n y configuraci\u00f3n de cookies: Esta secci\u00f3n le informa sobre el uso de cookies en nuestro sitio web y c\u00f3mo configurarlas. \u00bfQu\u00e9 es una cookie? Las cookies son peque\u00f1os archivos de texto que se almacenan en su ordenador\/tableta\/smartphone\/smart TV\/consola de videojuegos conectada a internet cuando visita un sitio web. Su finalidad es recopilar informaci\u00f3n sobre su actividad de navegaci\u00f3n y ofrecerle ofertas y servicios personalizados. Las cookies son gestionadas por su navegador web. \u00bfPor qu\u00e9 utilizamos cookies? Nos permiten verificar el correcto funcionamiento del sitio web y, por ejemplo, guardar sus preferencias, validar su suscripci\u00f3n e iniciar sesi\u00f3n en su cuenta de cliente. Tambi\u00e9n utilizamos cookies para medir la audiencia de nuestro sitio web. Esto nos permite analizar el tr\u00e1fico y el uso de nuestros sitios web y mejorar continuamente nuestros servicios y contenido. \u00bfC\u00f3mo aceptar o rechazar las cookies?\"><span class=\"Y2IQFc\" lang=\"es\">M\u00e1s informaci\u00f3n y configuraci\u00f3n de cookies:\r\n\r\nEsta secci\u00f3n le informa sobre el uso de cookies en nuestro sitio web y c\u00f3mo configurarlas.\r\n\r\n\u00bfQu\u00e9 es una cookie?\r\n\r\nLas cookies son peque\u00f1os archivos de texto que se almacenan en su ordenador\/tableta\/smartphone\/smart TV\/consola de videojuegos conectada a internet cuando visita un sitio web. Su finalidad es recopilar informaci\u00f3n sobre su actividad de navegaci\u00f3n y ofrecerle ofertas y servicios personalizados.\r\nLas cookies son gestionadas por su navegador web.\r\n\r\n\u00bfPor qu\u00e9 utilizamos cookies?\r\n\r\nNos permiten verificar el correcto funcionamiento del sitio web y, por ejemplo, guardar sus preferencias, validar su suscripci\u00f3n e iniciar sesi\u00f3n en su cuenta de cliente.\r\n\r\nTambi\u00e9n utilizamos cookies para medir la audiencia de nuestro sitio web. Esto nos permite analizar el tr\u00e1fico y el uso de nuestros sitios web y mejorar continuamente nuestros servicios y contenido.\r\n\r\n\u00bfC\u00f3mo aceptar o rechazar las cookies?\r\n\r\n<\/span><\/pre>\n<pre id=\"tw-target-text\" class=\"tw-data-text tw-text-large tw-ta\" dir=\"ltr\" role=\"text\" data-placeholder=\"Traduction\" data-ved=\"2ahUKEwjyr9Gm-LeSAxVcVKQEHdhBIYoQ3ewLegQIDBAV\" aria-label=\"Texte traduit\u00a0: Al continuar navegando por nuestro sitio, acepta el uso de cookies. La secci\u00f3n &quot;Ayuda&quot; de su navegador explica c\u00f3mo configurar y deshabilitar las cookies. Para m\u00e1s informaci\u00f3n, consulte la directiva europea.\"><span class=\"Y2IQFc\" lang=\"es\">Al continuar navegando por nuestro sitio, acepta el uso de cookies.\r\n\r\nLa secci\u00f3n \"Ayuda\" de su navegador explica c\u00f3mo configurar y deshabilitar las cookies.\r\n\r\nPara m\u00e1s informaci\u00f3n, consulte la directiva europea<\/span><\/pre>\n<\/div>\n<div id=\"tw-target-rmn-container\" class=\"tw-target-rmn tw-ta-container tw-nfl\" role=\"text\">\n<pre id=\"tw-target-rmn\" class=\"tw-data-placeholder tw-text-small tw-ta\" dir=\"ltr\" role=\"text\" data-placeholder=\"\"><\/pre>\n<\/div>\n<\/div>\n<div id=\"tw-target-rmn-container\" class=\"tw-target-rmn tw-ta-container tw-nfl\" role=\"text\">\n<pre id=\"tw-target-rmn\" class=\"tw-data-placeholder tw-text-small tw-ta\" dir=\"ltr\" role=\"text\" data-placeholder=\"\"><\/pre>\n<\/div>\n<div id=\"tw-target-text-container\" class=\"tw-ta-container tw-nfl\" role=\"text\">\n<p>&nbsp;<\/p>\n<\/div>\n<div id=\"tw-target-rmn-container\" class=\"tw-target-rmn tw-ta-container tw-nfl\" role=\"text\">\n<pre id=\"tw-target-rmn\" class=\"tw-data-placeholder tw-text-small tw-ta\" dir=\"ltr\" role=\"text\" data-placeholder=\"\"><\/pre>\n<\/div>\n","protected":false},"excerpt":{"rendered":"<p>Propietario: 16 rue du Paradis 86270 La Roche-Posay FRANCIA CROMA SARL con un capital de 75.000 \u20ac SIRET: 412 559 973 00026 N.\u00ba IVA FR412559973 Queda estrictamente prohibida la reproducci\u00f3n, incluso parcial, de este sitio web sin nuestro consentimiento previo, de conformidad con las disposiciones del C\u00f3digo de la Propiedad Intelectual franc\u00e9s. CROMA Residence informa [&hellip;]<\/p>\n","protected":false},"author":375,"featured_media":476,"parent":0,"menu_order":100,"comment_status":"closed","ping_status":"closed","template":"","meta":{"footnotes":""},"class_list":["post-598","page","type-page","status-publish","has-post-thumbnail","hentry"],"yoast_head":"<!-- This site is optimized with the Yoast SEO plugin v26.9 - https:\/\/yoast.com\/product\/yoast-seo-wordpress\/ -->\n<title>avisos legales - Residence Croma<\/title>\n<meta name=\"description\" content=\"Propietario: 16 rue du Paradis 86270 La Roche-Posay FRANCIA CROMA SARL con un capital de 75.000 \u20ac SIRET: 412 559 973 00026 N.\u00ba IVA FR412559973 Queda\" \/>\n<meta name=\"robots\" content=\"index, follow, max-snippet:-1, max-image-preview:large, max-video-preview:-1\" \/>\n<link rel=\"canonical\" href=\"https:\/\/www.residence-croma.fr\/es\/avisos-legales\/\" \/>\n<meta property=\"og:locale\" content=\"es_ES\" \/>\n<meta property=\"og:type\" content=\"article\" \/>\n<meta property=\"og:title\" content=\"avisos legales - Residence Croma\" \/>\n<meta property=\"og:description\" content=\"Propietario: 16 rue du Paradis 86270 La Roche-Posay FRANCIA CROMA SARL con un capital de 75.000 \u20ac SIRET: 412 559 973 00026 N.\u00ba IVA FR412559973 Queda\" \/>\n<meta property=\"og:url\" content=\"https:\/\/www.residence-croma.fr\/es\/avisos-legales\/\" \/>\n<meta property=\"og:site_name\" content=\"Residence Croma\" \/>\n<meta property=\"article:modified_time\" content=\"2026-02-01T16:16:51+00:00\" \/>\n<meta property=\"og:image\" content=\"https:\/\/www.residence-croma.fr\/wp-content\/uploads\/sites\/366\/2025\/12\/Design-sans-titre.png\" \/>\n\t<meta property=\"og:image:width\" content=\"500\" \/>\n\t<meta property=\"og:image:height\" content=\"500\" \/>\n\t<meta property=\"og:image:type\" content=\"image\/png\" \/>\n<meta name=\"twitter:card\" content=\"summary_large_image\" \/>\n<meta name=\"twitter:label1\" content=\"Tiempo de lectura\" \/>\n\t<meta name=\"twitter:data1\" content=\"2 minutos\" \/>\n<script type=\"application\/ld+json\" class=\"yoast-schema-graph\">{\"@context\":\"https:\/\/schema.org\",\"@graph\":[{\"@type\":\"WebPage\",\"@id\":\"https:\/\/www.residence-croma.fr\/es\/avisos-legales\/\",\"url\":\"https:\/\/www.residence-croma.fr\/es\/avisos-legales\/\",\"name\":\"avisos legales - Residence Croma\",\"isPartOf\":{\"@id\":\"https:\/\/www.residence-croma.fr\/es\/#website\"},\"primaryImageOfPage\":{\"@id\":\"https:\/\/www.residence-croma.fr\/es\/avisos-legales\/#primaryimage\"},\"image\":{\"@id\":\"https:\/\/www.residence-croma.fr\/es\/avisos-legales\/#primaryimage\"},\"thumbnailUrl\":\"https:\/\/www.residence-croma.fr\/wp-content\/uploads\/sites\/366\/2025\/12\/Design-sans-titre.png\",\"datePublished\":\"2026-02-01T16:11:39+00:00\",\"dateModified\":\"2026-02-01T16:16:51+00:00\",\"description\":\"Propietario: 16 rue du Paradis 86270 La Roche-Posay FRANCIA CROMA SARL con un capital de 75.000 \u20ac SIRET: 412 559 973 00026 N.\u00ba IVA FR412559973 Queda\",\"breadcrumb\":{\"@id\":\"https:\/\/www.residence-croma.fr\/es\/avisos-legales\/#breadcrumb\"},\"inLanguage\":\"es\",\"potentialAction\":[{\"@type\":\"ReadAction\",\"target\":[\"https:\/\/www.residence-croma.fr\/es\/avisos-legales\/\"]}]},{\"@type\":\"ImageObject\",\"inLanguage\":\"es\",\"@id\":\"https:\/\/www.residence-croma.fr\/es\/avisos-legales\/#primaryimage\",\"url\":\"https:\/\/www.residence-croma.fr\/wp-content\/uploads\/sites\/366\/2025\/12\/Design-sans-titre.png\",\"contentUrl\":\"https:\/\/www.residence-croma.fr\/wp-content\/uploads\/sites\/366\/2025\/12\/Design-sans-titre.png\",\"width\":500,\"height\":500},{\"@type\":\"BreadcrumbList\",\"@id\":\"https:\/\/www.residence-croma.fr\/es\/avisos-legales\/#breadcrumb\",\"itemListElement\":[{\"@type\":\"ListItem\",\"position\":1,\"name\":\"Home\",\"item\":\"https:\/\/www.residence-croma.fr\/es\/\"},{\"@type\":\"ListItem\",\"position\":2,\"name\":\"avisos legales\"}]},{\"@type\":\"WebSite\",\"@id\":\"https:\/\/www.residence-croma.fr\/es\/#website\",\"url\":\"https:\/\/www.residence-croma.fr\/es\/\",\"name\":\"Residence Croma\",\"description\":\"\",\"potentialAction\":[{\"@type\":\"SearchAction\",\"target\":{\"@type\":\"EntryPoint\",\"urlTemplate\":\"https:\/\/www.residence-croma.fr\/es\/?s={search_term_string}\"},\"query-input\":{\"@type\":\"PropertyValueSpecification\",\"valueRequired\":true,\"valueName\":\"search_term_string\"}}],\"inLanguage\":\"es\"}]}<\/script>\n<!-- \/ Yoast SEO plugin. -->","yoast_head_json":{"title":"avisos legales - Residence Croma","description":"Propietario: 16 rue du Paradis 86270 La Roche-Posay FRANCIA CROMA SARL con un capital de 75.000 \u20ac SIRET: 412 559 973 00026 N.\u00ba IVA FR412559973 Queda","robots":{"index":"index","follow":"follow","max-snippet":"max-snippet:-1","max-image-preview":"max-image-preview:large","max-video-preview":"max-video-preview:-1"},"canonical":"https:\/\/www.residence-croma.fr\/es\/avisos-legales\/","og_locale":"es_ES","og_type":"article","og_title":"avisos legales - Residence Croma","og_description":"Propietario: 16 rue du Paradis 86270 La Roche-Posay FRANCIA CROMA SARL con un capital de 75.000 \u20ac SIRET: 412 559 973 00026 N.\u00ba IVA FR412559973 Queda","og_url":"https:\/\/www.residence-croma.fr\/es\/avisos-legales\/","og_site_name":"Residence Croma","article_modified_time":"2026-02-01T16:16:51+00:00","og_image":[{"width":500,"height":500,"url":"https:\/\/www.residence-croma.fr\/wp-content\/uploads\/sites\/366\/2025\/12\/Design-sans-titre.png","type":"image\/png"}],"twitter_card":"summary_large_image","twitter_misc":{"Tiempo de lectura":"2 minutos"},"schema":{"@context":"https:\/\/schema.org","@graph":[{"@type":"WebPage","@id":"https:\/\/www.residence-croma.fr\/es\/avisos-legales\/","url":"https:\/\/www.residence-croma.fr\/es\/avisos-legales\/","name":"avisos legales - Residence Croma","isPartOf":{"@id":"https:\/\/www.residence-croma.fr\/es\/#website"},"primaryImageOfPage":{"@id":"https:\/\/www.residence-croma.fr\/es\/avisos-legales\/#primaryimage"},"image":{"@id":"https:\/\/www.residence-croma.fr\/es\/avisos-legales\/#primaryimage"},"thumbnailUrl":"https:\/\/www.residence-croma.fr\/wp-content\/uploads\/sites\/366\/2025\/12\/Design-sans-titre.png","datePublished":"2026-02-01T16:11:39+00:00","dateModified":"2026-02-01T16:16:51+00:00","description":"Propietario: 16 rue du Paradis 86270 La Roche-Posay FRANCIA CROMA SARL con un capital de 75.000 \u20ac SIRET: 412 559 973 00026 N.\u00ba IVA FR412559973 Queda","breadcrumb":{"@id":"https:\/\/www.residence-croma.fr\/es\/avisos-legales\/#breadcrumb"},"inLanguage":"es","potentialAction":[{"@type":"ReadAction","target":["https:\/\/www.residence-croma.fr\/es\/avisos-legales\/"]}]},{"@type":"ImageObject","inLanguage":"es","@id":"https:\/\/www.residence-croma.fr\/es\/avisos-legales\/#primaryimage","url":"https:\/\/www.residence-croma.fr\/wp-content\/uploads\/sites\/366\/2025\/12\/Design-sans-titre.png","contentUrl":"https:\/\/www.residence-croma.fr\/wp-content\/uploads\/sites\/366\/2025\/12\/Design-sans-titre.png","width":500,"height":500},{"@type":"BreadcrumbList","@id":"https:\/\/www.residence-croma.fr\/es\/avisos-legales\/#breadcrumb","itemListElement":[{"@type":"ListItem","position":1,"name":"Home","item":"https:\/\/www.residence-croma.fr\/es\/"},{"@type":"ListItem","position":2,"name":"avisos legales"}]},{"@type":"WebSite","@id":"https:\/\/www.residence-croma.fr\/es\/#website","url":"https:\/\/www.residence-croma.fr\/es\/","name":"Residence Croma","description":"","potentialAction":[{"@type":"SearchAction","target":{"@type":"EntryPoint","urlTemplate":"https:\/\/www.residence-croma.fr\/es\/?s={search_term_string}"},"query-input":{"@type":"PropertyValueSpecification","valueRequired":true,"valueName":"search_term_string"}}],"inLanguage":"es"}]}},"acf":[],"_links":{"self":[{"href":"https:\/\/www.residence-croma.fr\/es\/wp-json\/wp\/v2\/pages\/598","targetHints":{"allow":["GET"]}}],"collection":[{"href":"https:\/\/www.residence-croma.fr\/es\/wp-json\/wp\/v2\/pages"}],"about":[{"href":"https:\/\/www.residence-croma.fr\/es\/wp-json\/wp\/v2\/types\/page"}],"author":[{"embeddable":true,"href":"https:\/\/www.residence-croma.fr\/es\/wp-json\/wp\/v2\/users\/375"}],"replies":[{"embeddable":true,"href":"https:\/\/www.residence-croma.fr\/es\/wp-json\/wp\/v2\/comments?post=598"}],"version-history":[{"count":0,"href":"https:\/\/www.residence-croma.fr\/es\/wp-json\/wp\/v2\/pages\/598\/revisions"}],"wp:featuredmedia":[{"embeddable":true,"href":"https:\/\/www.residence-croma.fr\/es\/wp-json\/wp\/v2\/media\/476"}],"wp:attachment":[{"href":"https:\/\/www.residence-croma.fr\/es\/wp-json\/wp\/v2\/media?parent=598"}],"curies":[{"name":"wp","href":"https:\/\/api.w.org\/{rel}","templated":true}]}}