{"id":594,"date":"2026-02-01T15:58:10","date_gmt":"2026-02-01T15:58:10","guid":{"rendered":"https:\/\/www.residence-croma.fr\/?page_id=594"},"modified":"2026-02-01T15:59:28","modified_gmt":"2026-02-01T15:59:28","slug":"594-2","status":"publish","type":"page","link":"https:\/\/www.residence-croma.fr\/es\/594-2\/","title":{"rendered":""},"content":{"rendered":"<div id=\"tw-target-text-container\" class=\"tw-ta-container tw-nfl\" role=\"text\">\n<h3 id=\"tw-target-text\" class=\"tw-data-text tw-text-large tw-ta\" dir=\"ltr\" role=\"text\" data-placeholder=\"Traduction\" data-ved=\"2ahUKEwjyr9Gm-LeSAxVcVKQEHdhBIYoQ3ewLegQIDBAV\" aria-label=\"Texte traduit\u00a0: Residencia CROMA: Paz, Confort y Descubrimiento en La Roche-Posay Enclavada en el coraz\u00f3n de La Roche-Posay, la residencia CROMA combina tranquilidad y confort. A cinco minutos a pie del centro y a pasos de las Termas del Conn\u00e9table y del Spa Source, es el lugar ideal para disfrutar plenamente de este reconocido destino de bienestar. La residencia CROMA le da la bienvenida a un entorno natural y relajante, perfecto para recargar energ\u00edas tras un d\u00eda de tratamientos o excursiones. Nuestros alojamientos ofrecen todas las comodidades necesarias para una estancia relajante, ya sea para tratamientos termales, una escapada tranquila o unas vacaciones en familia. Su c\u00e9ntrica ubicaci\u00f3n le permite acceder f\u00e1cilmente al casino y al hip\u00f3dromo para disfrutar de animadas veladas o para pasear por las calles del pueblo. Gastronom\u00eda y alta cocina: Descubra el rico patrimonio culinario de la regi\u00f3n con una selecci\u00f3n de restaurantes cercanos: - En el pueblo: L\u2019\u00c9picure, Le Bistrot Gourmand, L\u2019Auberge de la Roche. En los alrededores: Le Local en Oyr\u00e9, La Maison DALAIS en Petit-Pressigny, Le Clos de la Ribaudi\u00e8re en Chasseneuil-du-Poitou.\"><span class=\"Y2IQFc\" lang=\"es\">Residencia CROMA:<\/span><\/h3>\n<h3 class=\"tw-data-text tw-text-large tw-ta\" dir=\"ltr\" role=\"text\" data-placeholder=\"Traduction\" data-ved=\"2ahUKEwjyr9Gm-LeSAxVcVKQEHdhBIYoQ3ewLegQIDBAV\" aria-label=\"Texte traduit\u00a0: Residencia CROMA: Paz, Confort y Descubrimiento en La Roche-Posay Enclavada en el coraz\u00f3n de La Roche-Posay, la residencia CROMA combina tranquilidad y confort. A cinco minutos a pie del centro y a pasos de las Termas del Conn\u00e9table y del Spa Source, es el lugar ideal para disfrutar plenamente de este reconocido destino de bienestar. La residencia CROMA le da la bienvenida a un entorno natural y relajante, perfecto para recargar energ\u00edas tras un d\u00eda de tratamientos o excursiones. Nuestros alojamientos ofrecen todas las comodidades necesarias para una estancia relajante, ya sea para tratamientos termales, una escapada tranquila o unas vacaciones en familia. Su c\u00e9ntrica ubicaci\u00f3n le permite acceder f\u00e1cilmente al casino y al hip\u00f3dromo para disfrutar de animadas veladas o para pasear por las calles del pueblo. Gastronom\u00eda y alta cocina: Descubra el rico patrimonio culinario de la regi\u00f3n con una selecci\u00f3n de restaurantes cercanos: - En el pueblo: L\u2019\u00c9picure, Le Bistrot Gourmand, L\u2019Auberge de la Roche. En los alrededores: Le Local en Oyr\u00e9, La Maison DALAIS en Petit-Pressigny, Le Clos de la Ribaudi\u00e8re en Chasseneuil-du-Poitou.\"><span class=\"Y2IQFc\" lang=\"es\"> Paz, Confort y Descubrimiento en La Roche-Posay Enclavada en el coraz\u00f3n de La Roche-Posay, la residencia CROMA combina tranquilidad y confort.<\/span><\/h3>\n<h3 class=\"tw-data-text tw-text-large tw-ta\" dir=\"ltr\" role=\"text\" data-placeholder=\"Traduction\" data-ved=\"2ahUKEwjyr9Gm-LeSAxVcVKQEHdhBIYoQ3ewLegQIDBAV\" aria-label=\"Texte traduit\u00a0: Residencia CROMA: Paz, Confort y Descubrimiento en La Roche-Posay Enclavada en el coraz\u00f3n de La Roche-Posay, la residencia CROMA combina tranquilidad y confort. A cinco minutos a pie del centro y a pasos de las Termas del Conn\u00e9table y del Spa Source, es el lugar ideal para disfrutar plenamente de este reconocido destino de bienestar. La residencia CROMA le da la bienvenida a un entorno natural y relajante, perfecto para recargar energ\u00edas tras un d\u00eda de tratamientos o excursiones. Nuestros alojamientos ofrecen todas las comodidades necesarias para una estancia relajante, ya sea para tratamientos termales, una escapada tranquila o unas vacaciones en familia. Su c\u00e9ntrica ubicaci\u00f3n le permite acceder f\u00e1cilmente al casino y al hip\u00f3dromo para disfrutar de animadas veladas o para pasear por las calles del pueblo. Gastronom\u00eda y alta cocina: Descubra el rico patrimonio culinario de la regi\u00f3n con una selecci\u00f3n de restaurantes cercanos: - En el pueblo: L\u2019\u00c9picure, Le Bistrot Gourmand, L\u2019Auberge de la Roche. En los alrededores: Le Local en Oyr\u00e9, La Maison DALAIS en Petit-Pressigny, Le Clos de la Ribaudi\u00e8re en Chasseneuil-du-Poitou.\"><span class=\"Y2IQFc\" lang=\"es\">A cinco minutos a pie del centro y a pasos de las Termas del Conn\u00e9table y del Spa Source, es el lugar ideal para disfrutar plenamente de este reconocido destino de bienestar. <\/span><\/h3>\n<h3 class=\"tw-data-text tw-text-large tw-ta\" dir=\"ltr\" role=\"text\" data-placeholder=\"Traduction\" data-ved=\"2ahUKEwjyr9Gm-LeSAxVcVKQEHdhBIYoQ3ewLegQIDBAV\" aria-label=\"Texte traduit\u00a0: Residencia CROMA: Paz, Confort y Descubrimiento en La Roche-Posay Enclavada en el coraz\u00f3n de La Roche-Posay, la residencia CROMA combina tranquilidad y confort. A cinco minutos a pie del centro y a pasos de las Termas del Conn\u00e9table y del Spa Source, es el lugar ideal para disfrutar plenamente de este reconocido destino de bienestar. La residencia CROMA le da la bienvenida a un entorno natural y relajante, perfecto para recargar energ\u00edas tras un d\u00eda de tratamientos o excursiones. Nuestros alojamientos ofrecen todas las comodidades necesarias para una estancia relajante, ya sea para tratamientos termales, una escapada tranquila o unas vacaciones en familia. Su c\u00e9ntrica ubicaci\u00f3n le permite acceder f\u00e1cilmente al casino y al hip\u00f3dromo para disfrutar de animadas veladas o para pasear por las calles del pueblo. Gastronom\u00eda y alta cocina: Descubra el rico patrimonio culinario de la regi\u00f3n con una selecci\u00f3n de restaurantes cercanos: - En el pueblo: L\u2019\u00c9picure, Le Bistrot Gourmand, L\u2019Auberge de la Roche. En los alrededores: Le Local en Oyr\u00e9, La Maison DALAIS en Petit-Pressigny, Le Clos de la Ribaudi\u00e8re en Chasseneuil-du-Poitou.\"><span class=\"Y2IQFc\" lang=\"es\">La residencia CROMA le da la bienvenida a un entorno natural y relajante, perfecto para recargar energ\u00edas tras un d\u00eda de tratamientos o excursiones. <\/span><\/h3>\n<h3 class=\"tw-data-text tw-text-large tw-ta\" dir=\"ltr\" role=\"text\" data-placeholder=\"Traduction\" data-ved=\"2ahUKEwjyr9Gm-LeSAxVcVKQEHdhBIYoQ3ewLegQIDBAV\" aria-label=\"Texte traduit\u00a0: Residencia CROMA: Paz, Confort y Descubrimiento en La Roche-Posay Enclavada en el coraz\u00f3n de La Roche-Posay, la residencia CROMA combina tranquilidad y confort. A cinco minutos a pie del centro y a pasos de las Termas del Conn\u00e9table y del Spa Source, es el lugar ideal para disfrutar plenamente de este reconocido destino de bienestar. La residencia CROMA le da la bienvenida a un entorno natural y relajante, perfecto para recargar energ\u00edas tras un d\u00eda de tratamientos o excursiones. Nuestros alojamientos ofrecen todas las comodidades necesarias para una estancia relajante, ya sea para tratamientos termales, una escapada tranquila o unas vacaciones en familia. Su c\u00e9ntrica ubicaci\u00f3n le permite acceder f\u00e1cilmente al casino y al hip\u00f3dromo para disfrutar de animadas veladas o para pasear por las calles del pueblo. Gastronom\u00eda y alta cocina: Descubra el rico patrimonio culinario de la regi\u00f3n con una selecci\u00f3n de restaurantes cercanos: - En el pueblo: L\u2019\u00c9picure, Le Bistrot Gourmand, L\u2019Auberge de la Roche. En los alrededores: Le Local en Oyr\u00e9, La Maison DALAIS en Petit-Pressigny, Le Clos de la Ribaudi\u00e8re en Chasseneuil-du-Poitou.\"><span class=\"Y2IQFc\" lang=\"es\">Nuestros alojamientos ofrecen todas las comodidades necesarias para una estancia relajante, ya sea para tratamientos termales, una escapada tranquila o unas vacaciones en familia. <\/span><\/h3>\n<h3 class=\"tw-data-text tw-text-large tw-ta\" dir=\"ltr\" role=\"text\" data-placeholder=\"Traduction\" data-ved=\"2ahUKEwjyr9Gm-LeSAxVcVKQEHdhBIYoQ3ewLegQIDBAV\" aria-label=\"Texte traduit\u00a0: Residencia CROMA: Paz, Confort y Descubrimiento en La Roche-Posay Enclavada en el coraz\u00f3n de La Roche-Posay, la residencia CROMA combina tranquilidad y confort. A cinco minutos a pie del centro y a pasos de las Termas del Conn\u00e9table y del Spa Source, es el lugar ideal para disfrutar plenamente de este reconocido destino de bienestar. La residencia CROMA le da la bienvenida a un entorno natural y relajante, perfecto para recargar energ\u00edas tras un d\u00eda de tratamientos o excursiones. Nuestros alojamientos ofrecen todas las comodidades necesarias para una estancia relajante, ya sea para tratamientos termales, una escapada tranquila o unas vacaciones en familia. Su c\u00e9ntrica ubicaci\u00f3n le permite acceder f\u00e1cilmente al casino y al hip\u00f3dromo para disfrutar de animadas veladas o para pasear por las calles del pueblo. Gastronom\u00eda y alta cocina: Descubra el rico patrimonio culinario de la regi\u00f3n con una selecci\u00f3n de restaurantes cercanos: - En el pueblo: L\u2019\u00c9picure, Le Bistrot Gourmand, L\u2019Auberge de la Roche. En los alrededores: Le Local en Oyr\u00e9, La Maison DALAIS en Petit-Pressigny, Le Clos de la Ribaudi\u00e8re en Chasseneuil-du-Poitou.\"><span class=\"Y2IQFc\" lang=\"es\">Su c\u00e9ntrica ubicaci\u00f3n le permite acceder f\u00e1cilmente al casino y al hip\u00f3dromo para disfrutar de animadas veladas o para pasear por las calles del pueblo. <\/span><\/h3>\n<h3 class=\"tw-data-text tw-text-large tw-ta\" dir=\"ltr\" role=\"text\" data-placeholder=\"Traduction\" data-ved=\"2ahUKEwjyr9Gm-LeSAxVcVKQEHdhBIYoQ3ewLegQIDBAV\" aria-label=\"Texte traduit\u00a0: Residencia CROMA: Paz, Confort y Descubrimiento en La Roche-Posay Enclavada en el coraz\u00f3n de La Roche-Posay, la residencia CROMA combina tranquilidad y confort. A cinco minutos a pie del centro y a pasos de las Termas del Conn\u00e9table y del Spa Source, es el lugar ideal para disfrutar plenamente de este reconocido destino de bienestar. La residencia CROMA le da la bienvenida a un entorno natural y relajante, perfecto para recargar energ\u00edas tras un d\u00eda de tratamientos o excursiones. Nuestros alojamientos ofrecen todas las comodidades necesarias para una estancia relajante, ya sea para tratamientos termales, una escapada tranquila o unas vacaciones en familia. Su c\u00e9ntrica ubicaci\u00f3n le permite acceder f\u00e1cilmente al casino y al hip\u00f3dromo para disfrutar de animadas veladas o para pasear por las calles del pueblo. Gastronom\u00eda y alta cocina: Descubra el rico patrimonio culinario de la regi\u00f3n con una selecci\u00f3n de restaurantes cercanos: - En el pueblo: L\u2019\u00c9picure, Le Bistrot Gourmand, L\u2019Auberge de la Roche. En los alrededores: Le Local en Oyr\u00e9, La Maison DALAIS en Petit-Pressigny, Le Clos de la Ribaudi\u00e8re en Chasseneuil-du-Poitou.\"><span class=\"Y2IQFc\" lang=\"es\">Gastronom\u00eda y alta cocina: <\/span><\/h3>\n<h3 class=\"tw-data-text tw-text-large tw-ta\" dir=\"ltr\" role=\"text\" data-placeholder=\"Traduction\" data-ved=\"2ahUKEwjyr9Gm-LeSAxVcVKQEHdhBIYoQ3ewLegQIDBAV\" aria-label=\"Texte traduit\u00a0: Residencia CROMA: Paz, Confort y Descubrimiento en La Roche-Posay Enclavada en el coraz\u00f3n de La Roche-Posay, la residencia CROMA combina tranquilidad y confort. A cinco minutos a pie del centro y a pasos de las Termas del Conn\u00e9table y del Spa Source, es el lugar ideal para disfrutar plenamente de este reconocido destino de bienestar. La residencia CROMA le da la bienvenida a un entorno natural y relajante, perfecto para recargar energ\u00edas tras un d\u00eda de tratamientos o excursiones. Nuestros alojamientos ofrecen todas las comodidades necesarias para una estancia relajante, ya sea para tratamientos termales, una escapada tranquila o unas vacaciones en familia. Su c\u00e9ntrica ubicaci\u00f3n le permite acceder f\u00e1cilmente al casino y al hip\u00f3dromo para disfrutar de animadas veladas o para pasear por las calles del pueblo. Gastronom\u00eda y alta cocina: Descubra el rico patrimonio culinario de la regi\u00f3n con una selecci\u00f3n de restaurantes cercanos: - En el pueblo: L\u2019\u00c9picure, Le Bistrot Gourmand, L\u2019Auberge de la Roche. En los alrededores: Le Local en Oyr\u00e9, La Maison DALAIS en Petit-Pressigny, Le Clos de la Ribaudi\u00e8re en Chasseneuil-du-Poitou.\"><span class=\"Y2IQFc\" lang=\"es\">Descubra el rico patrimonio culinario de la regi\u00f3n con una selecci\u00f3n de restaurantes cercanos: &#8211; En el pueblo: L\u2019\u00c9picure, Le Bistrot Gourmand, L\u2019Auberge de la Roche. En los alrededores: Le Local en Oyr\u00e9, La Maison DALAIS en Petit-Pressigny, Le Clos de la Ribaudi\u00e8re en Chasseneuil-du-Poitou.<\/span><\/h3>\n<h3 id=\"tw-target-text\" class=\"tw-data-text tw-text-large tw-ta\" dir=\"ltr\" role=\"text\" data-placeholder=\"Traduction\" data-ved=\"2ahUKEwjyr9Gm-LeSAxVcVKQEHdhBIYoQ3ewLegQIDBAV\" aria-label=\"Texte traduit\u00a0: Actividades y excursiones:\n\u00bfTe apetece una escapada? Explora las orillas del Gartempe a pie o en bicicleta, visita el pintoresco pueblo de Angles-sur-l'Anglin, vive un d\u00eda lleno de emociones en Futuroscope o descubre los castillos del Valle del Loira y el famoso zool\u00f3gico de Beauval: todas ellas escapadas f\u00e1ciles desde la residencia.\"><span class=\"Y2IQFc\" lang=\"es\">Actividades y excursiones: <\/span><\/h3>\n<h3 class=\"tw-data-text tw-text-large tw-ta\" dir=\"ltr\" role=\"text\" data-placeholder=\"Traduction\" data-ved=\"2ahUKEwjyr9Gm-LeSAxVcVKQEHdhBIYoQ3ewLegQIDBAV\" aria-label=\"Texte traduit\u00a0: Actividades y excursiones:\n\u00bfTe apetece una escapada? Explora las orillas del Gartempe a pie o en bicicleta, visita el pintoresco pueblo de Angles-sur-l'Anglin, vive un d\u00eda lleno de emociones en Futuroscope o descubre los castillos del Valle del Loira y el famoso zool\u00f3gico de Beauval: todas ellas escapadas f\u00e1ciles desde la residencia.\"><span class=\"Y2IQFc\" lang=\"es\">\u00bfTe apetece una escapada? <\/span><\/h3>\n<h3 class=\"tw-data-text tw-text-large tw-ta\" dir=\"ltr\" role=\"text\" data-placeholder=\"Traduction\" data-ved=\"2ahUKEwjyr9Gm-LeSAxVcVKQEHdhBIYoQ3ewLegQIDBAV\" aria-label=\"Texte traduit\u00a0: Actividades y excursiones:\n\u00bfTe apetece una escapada? Explora las orillas del Gartempe a pie o en bicicleta, visita el pintoresco pueblo de Angles-sur-l'Anglin, vive un d\u00eda lleno de emociones en Futuroscope o descubre los castillos del Valle del Loira y el famoso zool\u00f3gico de Beauval: todas ellas escapadas f\u00e1ciles desde la residencia.\"><span class=\"Y2IQFc\" lang=\"es\">Explora las orillas del Gartempe a pie o en bicicleta, visita el pintoresco pueblo de Angles-sur-l&#8217;Anglin, vive un d\u00eda lleno de emociones en Futuroscope o descubre los castillos del Valle del Loira y el famoso zool\u00f3gico de Beauval: todas ellas escapadas f\u00e1ciles desde la residencia.<\/span><\/h3>\n<p>&nbsp;<\/p>\n<\/div>\n<div id=\"tw-target-rmn-container\" class=\"tw-target-rmn tw-ta-container tw-nfl\" role=\"text\">\n<pre id=\"tw-target-rmn\" class=\"tw-data-placeholder tw-text-small tw-ta\" dir=\"ltr\" role=\"text\" data-placeholder=\"\"><\/pre>\n<\/div>\n","protected":false},"excerpt":{"rendered":"<p>Residencia CROMA: Paz, Confort y Descubrimiento en La Roche-Posay Enclavada en el coraz\u00f3n de La Roche-Posay, la residencia CROMA combina tranquilidad y confort. A cinco minutos a pie del centro y a pasos de las Termas del Conn\u00e9table y del Spa Source, es el lugar ideal para disfrutar plenamente de este reconocido destino de bienestar. [&hellip;]<\/p>\n","protected":false},"author":375,"featured_media":516,"parent":0,"menu_order":60,"comment_status":"closed","ping_status":"closed","template":"template-location.php","meta":{"footnotes":""},"class_list":["post-594","page","type-page","status-publish","has-post-thumbnail","hentry"],"yoast_head":"<!-- This site is optimized with the Yoast SEO plugin v26.9 - https:\/\/yoast.com\/product\/yoast-seo-wordpress\/ -->\n<title>- Residence Croma<\/title>\n<meta name=\"description\" content=\"Residencia CROMA: Paz, Confort y Descubrimiento en La Roche-Posay Enclavada en el coraz\u00f3n de La Roche-Posay, la residencia CROMA combina tranquilidad y\" \/>\n<meta name=\"robots\" content=\"index, follow, max-snippet:-1, max-image-preview:large, max-video-preview:-1\" \/>\n<link rel=\"canonical\" href=\"https:\/\/www.residence-croma.fr\/es\/594-2\/\" \/>\n<meta property=\"og:locale\" content=\"es_ES\" \/>\n<meta property=\"og:type\" content=\"article\" \/>\n<meta property=\"og:title\" content=\"- Residence Croma\" \/>\n<meta property=\"og:description\" content=\"Residencia CROMA: Paz, Confort y Descubrimiento en La Roche-Posay Enclavada en el coraz\u00f3n de La Roche-Posay, la residencia CROMA combina tranquilidad y\" \/>\n<meta property=\"og:url\" content=\"https:\/\/www.residence-croma.fr\/es\/594-2\/\" \/>\n<meta property=\"og:site_name\" content=\"Residence Croma\" \/>\n<meta property=\"article:modified_time\" content=\"2026-02-01T15:59:28+00:00\" \/>\n<meta property=\"og:image\" content=\"https:\/\/www.residence-croma.fr\/wp-content\/uploads\/sites\/366\/2025\/12\/Sans-titre-3.jpg\" \/>\n\t<meta property=\"og:image:width\" content=\"300\" \/>\n\t<meta property=\"og:image:height\" content=\"168\" \/>\n\t<meta property=\"og:image:type\" content=\"image\/jpeg\" \/>\n<meta name=\"twitter:card\" content=\"summary_large_image\" \/>\n<meta name=\"twitter:label1\" content=\"Tiempo de lectura\" \/>\n\t<meta name=\"twitter:data1\" content=\"1 minuto\" \/>\n<script type=\"application\/ld+json\" class=\"yoast-schema-graph\">{\"@context\":\"https:\/\/schema.org\",\"@graph\":[{\"@type\":\"WebPage\",\"@id\":\"https:\/\/www.residence-croma.fr\/es\/594-2\/\",\"url\":\"https:\/\/www.residence-croma.fr\/es\/594-2\/\",\"name\":\"- Residence Croma\",\"isPartOf\":{\"@id\":\"https:\/\/www.residence-croma.fr\/es\/#website\"},\"primaryImageOfPage\":{\"@id\":\"https:\/\/www.residence-croma.fr\/es\/594-2\/#primaryimage\"},\"image\":{\"@id\":\"https:\/\/www.residence-croma.fr\/es\/594-2\/#primaryimage\"},\"thumbnailUrl\":\"https:\/\/www.residence-croma.fr\/wp-content\/uploads\/sites\/366\/2025\/12\/Sans-titre-3.jpg\",\"datePublished\":\"2026-02-01T15:58:10+00:00\",\"dateModified\":\"2026-02-01T15:59:28+00:00\",\"description\":\"Residencia CROMA: Paz, Confort y Descubrimiento en La Roche-Posay Enclavada en el coraz\u00f3n de La Roche-Posay, la residencia CROMA combina tranquilidad y\",\"inLanguage\":\"es\",\"potentialAction\":[{\"@type\":\"ReadAction\",\"target\":[\"https:\/\/www.residence-croma.fr\/es\/594-2\/\"]}]},{\"@type\":\"ImageObject\",\"inLanguage\":\"es\",\"@id\":\"https:\/\/www.residence-croma.fr\/es\/594-2\/#primaryimage\",\"url\":\"https:\/\/www.residence-croma.fr\/wp-content\/uploads\/sites\/366\/2025\/12\/Sans-titre-3.jpg\",\"contentUrl\":\"https:\/\/www.residence-croma.fr\/wp-content\/uploads\/sites\/366\/2025\/12\/Sans-titre-3.jpg\",\"width\":300,\"height\":168},{\"@type\":\"WebSite\",\"@id\":\"https:\/\/www.residence-croma.fr\/es\/#website\",\"url\":\"https:\/\/www.residence-croma.fr\/es\/\",\"name\":\"Residence Croma\",\"description\":\"\",\"potentialAction\":[{\"@type\":\"SearchAction\",\"target\":{\"@type\":\"EntryPoint\",\"urlTemplate\":\"https:\/\/www.residence-croma.fr\/es\/?s={search_term_string}\"},\"query-input\":{\"@type\":\"PropertyValueSpecification\",\"valueRequired\":true,\"valueName\":\"search_term_string\"}}],\"inLanguage\":\"es\"}]}<\/script>\n<!-- \/ Yoast SEO plugin. -->","yoast_head_json":{"title":"- Residence Croma","description":"Residencia CROMA: Paz, Confort y Descubrimiento en La Roche-Posay Enclavada en el coraz\u00f3n de La Roche-Posay, la residencia CROMA combina tranquilidad y","robots":{"index":"index","follow":"follow","max-snippet":"max-snippet:-1","max-image-preview":"max-image-preview:large","max-video-preview":"max-video-preview:-1"},"canonical":"https:\/\/www.residence-croma.fr\/es\/594-2\/","og_locale":"es_ES","og_type":"article","og_title":"- Residence Croma","og_description":"Residencia CROMA: Paz, Confort y Descubrimiento en La Roche-Posay Enclavada en el coraz\u00f3n de La Roche-Posay, la residencia CROMA combina tranquilidad y","og_url":"https:\/\/www.residence-croma.fr\/es\/594-2\/","og_site_name":"Residence Croma","article_modified_time":"2026-02-01T15:59:28+00:00","og_image":[{"width":300,"height":168,"url":"https:\/\/www.residence-croma.fr\/wp-content\/uploads\/sites\/366\/2025\/12\/Sans-titre-3.jpg","type":"image\/jpeg"}],"twitter_card":"summary_large_image","twitter_misc":{"Tiempo de lectura":"1 minuto"},"schema":{"@context":"https:\/\/schema.org","@graph":[{"@type":"WebPage","@id":"https:\/\/www.residence-croma.fr\/es\/594-2\/","url":"https:\/\/www.residence-croma.fr\/es\/594-2\/","name":"- Residence Croma","isPartOf":{"@id":"https:\/\/www.residence-croma.fr\/es\/#website"},"primaryImageOfPage":{"@id":"https:\/\/www.residence-croma.fr\/es\/594-2\/#primaryimage"},"image":{"@id":"https:\/\/www.residence-croma.fr\/es\/594-2\/#primaryimage"},"thumbnailUrl":"https:\/\/www.residence-croma.fr\/wp-content\/uploads\/sites\/366\/2025\/12\/Sans-titre-3.jpg","datePublished":"2026-02-01T15:58:10+00:00","dateModified":"2026-02-01T15:59:28+00:00","description":"Residencia CROMA: Paz, Confort y Descubrimiento en La Roche-Posay Enclavada en el coraz\u00f3n de La Roche-Posay, la residencia CROMA combina tranquilidad y","inLanguage":"es","potentialAction":[{"@type":"ReadAction","target":["https:\/\/www.residence-croma.fr\/es\/594-2\/"]}]},{"@type":"ImageObject","inLanguage":"es","@id":"https:\/\/www.residence-croma.fr\/es\/594-2\/#primaryimage","url":"https:\/\/www.residence-croma.fr\/wp-content\/uploads\/sites\/366\/2025\/12\/Sans-titre-3.jpg","contentUrl":"https:\/\/www.residence-croma.fr\/wp-content\/uploads\/sites\/366\/2025\/12\/Sans-titre-3.jpg","width":300,"height":168},{"@type":"WebSite","@id":"https:\/\/www.residence-croma.fr\/es\/#website","url":"https:\/\/www.residence-croma.fr\/es\/","name":"Residence Croma","description":"","potentialAction":[{"@type":"SearchAction","target":{"@type":"EntryPoint","urlTemplate":"https:\/\/www.residence-croma.fr\/es\/?s={search_term_string}"},"query-input":{"@type":"PropertyValueSpecification","valueRequired":true,"valueName":"search_term_string"}}],"inLanguage":"es"}]}},"acf":[],"_links":{"self":[{"href":"https:\/\/www.residence-croma.fr\/es\/wp-json\/wp\/v2\/pages\/594","targetHints":{"allow":["GET"]}}],"collection":[{"href":"https:\/\/www.residence-croma.fr\/es\/wp-json\/wp\/v2\/pages"}],"about":[{"href":"https:\/\/www.residence-croma.fr\/es\/wp-json\/wp\/v2\/types\/page"}],"author":[{"embeddable":true,"href":"https:\/\/www.residence-croma.fr\/es\/wp-json\/wp\/v2\/users\/375"}],"replies":[{"embeddable":true,"href":"https:\/\/www.residence-croma.fr\/es\/wp-json\/wp\/v2\/comments?post=594"}],"version-history":[{"count":0,"href":"https:\/\/www.residence-croma.fr\/es\/wp-json\/wp\/v2\/pages\/594\/revisions"}],"wp:featuredmedia":[{"embeddable":true,"href":"https:\/\/www.residence-croma.fr\/es\/wp-json\/wp\/v2\/media\/516"}],"wp:attachment":[{"href":"https:\/\/www.residence-croma.fr\/es\/wp-json\/wp\/v2\/media?parent=594"}],"curies":[{"name":"wp","href":"https:\/\/api.w.org\/{rel}","templated":true}]}}