{"id":589,"date":"2026-02-01T15:24:48","date_gmt":"2026-02-01T15:24:48","guid":{"rendered":"https:\/\/www.residence-croma.fr\/?page_id=589"},"modified":"2026-02-01T15:24:48","modified_gmt":"2026-02-01T15:24:48","slug":"paseo-en-bicicleta","status":"publish","type":"page","link":"https:\/\/www.residence-croma.fr\/es\/585-2\/paseo-en-bicicleta\/","title":{"rendered":"paseo en bicicleta"},"content":{"rendered":"<div id=\"tw-target-text-container\" class=\"tw-ta-container tw-nfl\" role=\"text\">\n<h3 id=\"tw-target-text\" class=\"tw-data-text tw-text-large tw-ta\" dir=\"ltr\" role=\"text\" data-placeholder=\"Traduction\" data-ved=\"2ahUKEwjyr9Gm-LeSAxVcVKQEHdhBIYoQ3ewLegQIDBAV\" aria-label=\"Texte traduit\u00a0: Descubra los apacibles paisajes del Valle de Gartempe: senderos sombreados, riberas silvestres y pueblos con encanto le acompa\u00f1ar\u00e1n en cada pedalada. Ya sea en familia, con amigos o solo, nuestras rutas, aptas para todos los niveles, transforman un simple paseo en una aut\u00e9ntica aventura en la naturaleza.\n\nAlquiler de bicicletas: Ofrecemos bicicletas f\u00e1ciles de usar y con mantenimiento regular para adultos y ni\u00f1os. Cascos, mapas de rutas y asesoramiento personalizado est\u00e1n disponibles bajo petici\u00f3n para un paseo sin preocupaciones.\n\nConsejos y rutas: Contacte con la Oficina de Turismo de La Roche-Posay o con nuestra recepci\u00f3n para encontrar las mejores rutas seg\u00fan la duraci\u00f3n de su excursi\u00f3n y su nivel f\u00edsico. Nuestro equipo le guiar\u00e1 hacia circuitos familiares, rutas m\u00e1s desafiantes o paseos tranquilos por el r\u00edo.\n\nOficina de Turismo de La Roche-Posay: https:\/\/www.larocheposay-tourisme.com\/\"><span class=\"Y2IQFc\" lang=\"es\">Descubra los apacibles paisajes del Valle de Gartempe:<\/span><\/h3>\n<h3 class=\"tw-data-text tw-text-large tw-ta\" dir=\"ltr\" role=\"text\" data-placeholder=\"Traduction\" data-ved=\"2ahUKEwjyr9Gm-LeSAxVcVKQEHdhBIYoQ3ewLegQIDBAV\" aria-label=\"Texte traduit\u00a0: Descubra los apacibles paisajes del Valle de Gartempe: senderos sombreados, riberas silvestres y pueblos con encanto le acompa\u00f1ar\u00e1n en cada pedalada. Ya sea en familia, con amigos o solo, nuestras rutas, aptas para todos los niveles, transforman un simple paseo en una aut\u00e9ntica aventura en la naturaleza.\n\nAlquiler de bicicletas: Ofrecemos bicicletas f\u00e1ciles de usar y con mantenimiento regular para adultos y ni\u00f1os. Cascos, mapas de rutas y asesoramiento personalizado est\u00e1n disponibles bajo petici\u00f3n para un paseo sin preocupaciones.\n\nConsejos y rutas: Contacte con la Oficina de Turismo de La Roche-Posay o con nuestra recepci\u00f3n para encontrar las mejores rutas seg\u00fan la duraci\u00f3n de su excursi\u00f3n y su nivel f\u00edsico. Nuestro equipo le guiar\u00e1 hacia circuitos familiares, rutas m\u00e1s desafiantes o paseos tranquilos por el r\u00edo.\n\nOficina de Turismo de La Roche-Posay: https:\/\/www.larocheposay-tourisme.com\/\"><span class=\"Y2IQFc\" lang=\"es\"> senderos sombreados, riberas silvestres y pueblos con encanto le acompa\u00f1ar\u00e1n en cada pedalada. Ya sea en familia, con amigos o solo, nuestras rutas, aptas para todos los niveles, transforman un simple paseo en una aut\u00e9ntica aventura en la naturaleza. <\/span><\/h3>\n<h3 class=\"tw-data-text tw-text-large tw-ta\" dir=\"ltr\" role=\"text\" data-placeholder=\"Traduction\" data-ved=\"2ahUKEwjyr9Gm-LeSAxVcVKQEHdhBIYoQ3ewLegQIDBAV\" aria-label=\"Texte traduit\u00a0: Descubra los apacibles paisajes del Valle de Gartempe: senderos sombreados, riberas silvestres y pueblos con encanto le acompa\u00f1ar\u00e1n en cada pedalada. Ya sea en familia, con amigos o solo, nuestras rutas, aptas para todos los niveles, transforman un simple paseo en una aut\u00e9ntica aventura en la naturaleza.\n\nAlquiler de bicicletas: Ofrecemos bicicletas f\u00e1ciles de usar y con mantenimiento regular para adultos y ni\u00f1os. Cascos, mapas de rutas y asesoramiento personalizado est\u00e1n disponibles bajo petici\u00f3n para un paseo sin preocupaciones.\n\nConsejos y rutas: Contacte con la Oficina de Turismo de La Roche-Posay o con nuestra recepci\u00f3n para encontrar las mejores rutas seg\u00fan la duraci\u00f3n de su excursi\u00f3n y su nivel f\u00edsico. Nuestro equipo le guiar\u00e1 hacia circuitos familiares, rutas m\u00e1s desafiantes o paseos tranquilos por el r\u00edo.\n\nOficina de Turismo de La Roche-Posay: https:\/\/www.larocheposay-tourisme.com\/\"><span class=\"Y2IQFc\" lang=\"es\">Alquiler de bicicletas: Ofrecemos bicicletas f\u00e1ciles de usar y con mantenimiento regular para adultos y ni\u00f1os. <\/span><\/h3>\n<h3 class=\"tw-data-text tw-text-large tw-ta\" dir=\"ltr\" role=\"text\" data-placeholder=\"Traduction\" data-ved=\"2ahUKEwjyr9Gm-LeSAxVcVKQEHdhBIYoQ3ewLegQIDBAV\" aria-label=\"Texte traduit\u00a0: Descubra los apacibles paisajes del Valle de Gartempe: senderos sombreados, riberas silvestres y pueblos con encanto le acompa\u00f1ar\u00e1n en cada pedalada. Ya sea en familia, con amigos o solo, nuestras rutas, aptas para todos los niveles, transforman un simple paseo en una aut\u00e9ntica aventura en la naturaleza.\n\nAlquiler de bicicletas: Ofrecemos bicicletas f\u00e1ciles de usar y con mantenimiento regular para adultos y ni\u00f1os. Cascos, mapas de rutas y asesoramiento personalizado est\u00e1n disponibles bajo petici\u00f3n para un paseo sin preocupaciones.\n\nConsejos y rutas: Contacte con la Oficina de Turismo de La Roche-Posay o con nuestra recepci\u00f3n para encontrar las mejores rutas seg\u00fan la duraci\u00f3n de su excursi\u00f3n y su nivel f\u00edsico. Nuestro equipo le guiar\u00e1 hacia circuitos familiares, rutas m\u00e1s desafiantes o paseos tranquilos por el r\u00edo.\n\nOficina de Turismo de La Roche-Posay: https:\/\/www.larocheposay-tourisme.com\/\"><span class=\"Y2IQFc\" lang=\"es\">Cascos, mapas de rutas y asesoramiento personalizado est\u00e1n disponibles bajo petici\u00f3n para un paseo sin preocupaciones. Consejos y rutas: Contacte con la Oficina de Turismo de La Roche-Posay o con nuestra recepci\u00f3n para encontrar las mejores rutas seg\u00fan la duraci\u00f3n de su excursi\u00f3n y su nivel f\u00edsico. <\/span><\/h3>\n<h3 class=\"tw-data-text tw-text-large tw-ta\" dir=\"ltr\" role=\"text\" data-placeholder=\"Traduction\" data-ved=\"2ahUKEwjyr9Gm-LeSAxVcVKQEHdhBIYoQ3ewLegQIDBAV\" aria-label=\"Texte traduit\u00a0: Descubra los apacibles paisajes del Valle de Gartempe: senderos sombreados, riberas silvestres y pueblos con encanto le acompa\u00f1ar\u00e1n en cada pedalada. Ya sea en familia, con amigos o solo, nuestras rutas, aptas para todos los niveles, transforman un simple paseo en una aut\u00e9ntica aventura en la naturaleza.\n\nAlquiler de bicicletas: Ofrecemos bicicletas f\u00e1ciles de usar y con mantenimiento regular para adultos y ni\u00f1os. Cascos, mapas de rutas y asesoramiento personalizado est\u00e1n disponibles bajo petici\u00f3n para un paseo sin preocupaciones.\n\nConsejos y rutas: Contacte con la Oficina de Turismo de La Roche-Posay o con nuestra recepci\u00f3n para encontrar las mejores rutas seg\u00fan la duraci\u00f3n de su excursi\u00f3n y su nivel f\u00edsico. Nuestro equipo le guiar\u00e1 hacia circuitos familiares, rutas m\u00e1s desafiantes o paseos tranquilos por el r\u00edo.\n\nOficina de Turismo de La Roche-Posay: https:\/\/www.larocheposay-tourisme.com\/\"><span class=\"Y2IQFc\" lang=\"es\">Nuestro equipo le guiar\u00e1 hacia circuitos familiares, rutas m\u00e1s desafiantes o paseos tranquilos por el r\u00edo.<\/span><\/h3>\n<h3 class=\"tw-data-text tw-text-large tw-ta\" dir=\"ltr\" role=\"text\" data-placeholder=\"Traduction\" data-ved=\"2ahUKEwjyr9Gm-LeSAxVcVKQEHdhBIYoQ3ewLegQIDBAV\" aria-label=\"Texte traduit\u00a0: Descubra los apacibles paisajes del Valle de Gartempe: senderos sombreados, riberas silvestres y pueblos con encanto le acompa\u00f1ar\u00e1n en cada pedalada. Ya sea en familia, con amigos o solo, nuestras rutas, aptas para todos los niveles, transforman un simple paseo en una aut\u00e9ntica aventura en la naturaleza.\n\nAlquiler de bicicletas: Ofrecemos bicicletas f\u00e1ciles de usar y con mantenimiento regular para adultos y ni\u00f1os. Cascos, mapas de rutas y asesoramiento personalizado est\u00e1n disponibles bajo petici\u00f3n para un paseo sin preocupaciones.\n\nConsejos y rutas: Contacte con la Oficina de Turismo de La Roche-Posay o con nuestra recepci\u00f3n para encontrar las mejores rutas seg\u00fan la duraci\u00f3n de su excursi\u00f3n y su nivel f\u00edsico. Nuestro equipo le guiar\u00e1 hacia circuitos familiares, rutas m\u00e1s desafiantes o paseos tranquilos por el r\u00edo.\n\nOficina de Turismo de La Roche-Posay: https:\/\/www.larocheposay-tourisme.com\/\"><span class=\"Y2IQFc\" lang=\"es\">Oficina de Turismo de La Roche-Posay: <a href=\"https:\/\/www.larocheposay-tourisme.com\/\">https:\/\/www.larocheposay-tourisme.com\/<\/a><\/span><\/h3>\n<\/div>\n<div id=\"tw-target-rmn-container\" class=\"tw-target-rmn tw-ta-container tw-nfl\" role=\"text\">\n<pre id=\"tw-target-rmn\" class=\"tw-data-placeholder tw-text-small tw-ta\" dir=\"ltr\" role=\"text\" data-placeholder=\"\"><\/pre>\n<\/div>\n","protected":false},"excerpt":{"rendered":"<p>Descubra los apacibles paisajes del Valle de Gartempe: senderos sombreados, riberas silvestres y pueblos con encanto le acompa\u00f1ar\u00e1n en cada pedalada. Ya sea en familia, con amigos o solo, nuestras rutas, aptas para todos los niveles, transforman un simple paseo en una aut\u00e9ntica aventura en la naturaleza. Alquiler de bicicletas: Ofrecemos bicicletas f\u00e1ciles de usar [&hellip;]<\/p>\n","protected":false},"author":375,"featured_media":550,"parent":585,"menu_order":440,"comment_status":"closed","ping_status":"closed","template":"template-default-3.php","meta":{"footnotes":""},"class_list":["post-589","page","type-page","status-publish","has-post-thumbnail","hentry"],"yoast_head":"<!-- This site is optimized with the Yoast SEO plugin v26.9 - https:\/\/yoast.com\/product\/yoast-seo-wordpress\/ -->\n<title>paseo en bicicleta - Residence Croma<\/title>\n<meta name=\"description\" content=\"Descubra los apacibles paisajes del Valle de Gartempe: senderos sombreados, riberas silvestres y pueblos con encanto le acompa\u00f1ar\u00e1n en cada pedalada. Ya\" \/>\n<meta name=\"robots\" content=\"index, follow, max-snippet:-1, max-image-preview:large, max-video-preview:-1\" \/>\n<link rel=\"canonical\" href=\"https:\/\/www.residence-croma.fr\/es\/585-2\/paseo-en-bicicleta\/\" \/>\n<meta property=\"og:locale\" content=\"es_ES\" \/>\n<meta property=\"og:type\" content=\"article\" \/>\n<meta property=\"og:title\" content=\"paseo en bicicleta - Residence Croma\" \/>\n<meta property=\"og:description\" content=\"Descubra los apacibles paisajes del Valle de Gartempe: senderos sombreados, riberas silvestres y pueblos con encanto le acompa\u00f1ar\u00e1n en cada pedalada. Ya\" \/>\n<meta property=\"og:url\" content=\"https:\/\/www.residence-croma.fr\/es\/585-2\/paseo-en-bicicleta\/\" \/>\n<meta property=\"og:site_name\" content=\"Residence Croma\" \/>\n<meta property=\"og:image\" content=\"https:\/\/www.residence-croma.fr\/wp-content\/uploads\/sites\/366\/2025\/12\/images-velo.jpg\" \/>\n\t<meta property=\"og:image:width\" content=\"300\" \/>\n\t<meta property=\"og:image:height\" content=\"168\" \/>\n\t<meta property=\"og:image:type\" content=\"image\/jpeg\" \/>\n<meta name=\"twitter:card\" content=\"summary_large_image\" \/>\n<meta name=\"twitter:label1\" content=\"Tiempo de lectura\" \/>\n\t<meta name=\"twitter:data1\" content=\"1 minuto\" \/>\n<script type=\"application\/ld+json\" class=\"yoast-schema-graph\">{\"@context\":\"https:\/\/schema.org\",\"@graph\":[{\"@type\":\"WebPage\",\"@id\":\"https:\/\/www.residence-croma.fr\/es\/585-2\/paseo-en-bicicleta\/\",\"url\":\"https:\/\/www.residence-croma.fr\/es\/585-2\/paseo-en-bicicleta\/\",\"name\":\"paseo en bicicleta - Residence Croma\",\"isPartOf\":{\"@id\":\"https:\/\/www.residence-croma.fr\/es\/#website\"},\"primaryImageOfPage\":{\"@id\":\"https:\/\/www.residence-croma.fr\/es\/585-2\/paseo-en-bicicleta\/#primaryimage\"},\"image\":{\"@id\":\"https:\/\/www.residence-croma.fr\/es\/585-2\/paseo-en-bicicleta\/#primaryimage\"},\"thumbnailUrl\":\"https:\/\/www.residence-croma.fr\/wp-content\/uploads\/sites\/366\/2025\/12\/images-velo.jpg\",\"datePublished\":\"2026-02-01T15:24:48+00:00\",\"description\":\"Descubra los apacibles paisajes del Valle de Gartempe: senderos sombreados, riberas silvestres y pueblos con encanto le acompa\u00f1ar\u00e1n en cada pedalada. Ya\",\"breadcrumb\":{\"@id\":\"https:\/\/www.residence-croma.fr\/es\/585-2\/paseo-en-bicicleta\/#breadcrumb\"},\"inLanguage\":\"es\",\"potentialAction\":[{\"@type\":\"ReadAction\",\"target\":[\"https:\/\/www.residence-croma.fr\/es\/585-2\/paseo-en-bicicleta\/\"]}]},{\"@type\":\"ImageObject\",\"inLanguage\":\"es\",\"@id\":\"https:\/\/www.residence-croma.fr\/es\/585-2\/paseo-en-bicicleta\/#primaryimage\",\"url\":\"https:\/\/www.residence-croma.fr\/wp-content\/uploads\/sites\/366\/2025\/12\/images-velo.jpg\",\"contentUrl\":\"https:\/\/www.residence-croma.fr\/wp-content\/uploads\/sites\/366\/2025\/12\/images-velo.jpg\",\"width\":300,\"height\":168},{\"@type\":\"BreadcrumbList\",\"@id\":\"https:\/\/www.residence-croma.fr\/es\/585-2\/paseo-en-bicicleta\/#breadcrumb\",\"itemListElement\":[{\"@type\":\"ListItem\",\"position\":1,\"name\":\"Home\",\"item\":\"https:\/\/www.residence-croma.fr\/es\/\"},{\"@type\":\"ListItem\",\"position\":2,\"name\":\"ocio y actividades\",\"item\":\"https:\/\/www.residence-croma.fr\/es\/585-2\/\"},{\"@type\":\"ListItem\",\"position\":3,\"name\":\"paseo en bicicleta\"}]},{\"@type\":\"WebSite\",\"@id\":\"https:\/\/www.residence-croma.fr\/es\/#website\",\"url\":\"https:\/\/www.residence-croma.fr\/es\/\",\"name\":\"Residence Croma\",\"description\":\"\",\"potentialAction\":[{\"@type\":\"SearchAction\",\"target\":{\"@type\":\"EntryPoint\",\"urlTemplate\":\"https:\/\/www.residence-croma.fr\/es\/?s={search_term_string}\"},\"query-input\":{\"@type\":\"PropertyValueSpecification\",\"valueRequired\":true,\"valueName\":\"search_term_string\"}}],\"inLanguage\":\"es\"}]}<\/script>\n<!-- \/ Yoast SEO plugin. -->","yoast_head_json":{"title":"paseo en bicicleta - Residence Croma","description":"Descubra los apacibles paisajes del Valle de Gartempe: senderos sombreados, riberas silvestres y pueblos con encanto le acompa\u00f1ar\u00e1n en cada pedalada. Ya","robots":{"index":"index","follow":"follow","max-snippet":"max-snippet:-1","max-image-preview":"max-image-preview:large","max-video-preview":"max-video-preview:-1"},"canonical":"https:\/\/www.residence-croma.fr\/es\/585-2\/paseo-en-bicicleta\/","og_locale":"es_ES","og_type":"article","og_title":"paseo en bicicleta - Residence Croma","og_description":"Descubra los apacibles paisajes del Valle de Gartempe: senderos sombreados, riberas silvestres y pueblos con encanto le acompa\u00f1ar\u00e1n en cada pedalada. Ya","og_url":"https:\/\/www.residence-croma.fr\/es\/585-2\/paseo-en-bicicleta\/","og_site_name":"Residence Croma","og_image":[{"width":300,"height":168,"url":"https:\/\/www.residence-croma.fr\/wp-content\/uploads\/sites\/366\/2025\/12\/images-velo.jpg","type":"image\/jpeg"}],"twitter_card":"summary_large_image","twitter_misc":{"Tiempo de lectura":"1 minuto"},"schema":{"@context":"https:\/\/schema.org","@graph":[{"@type":"WebPage","@id":"https:\/\/www.residence-croma.fr\/es\/585-2\/paseo-en-bicicleta\/","url":"https:\/\/www.residence-croma.fr\/es\/585-2\/paseo-en-bicicleta\/","name":"paseo en bicicleta - Residence Croma","isPartOf":{"@id":"https:\/\/www.residence-croma.fr\/es\/#website"},"primaryImageOfPage":{"@id":"https:\/\/www.residence-croma.fr\/es\/585-2\/paseo-en-bicicleta\/#primaryimage"},"image":{"@id":"https:\/\/www.residence-croma.fr\/es\/585-2\/paseo-en-bicicleta\/#primaryimage"},"thumbnailUrl":"https:\/\/www.residence-croma.fr\/wp-content\/uploads\/sites\/366\/2025\/12\/images-velo.jpg","datePublished":"2026-02-01T15:24:48+00:00","description":"Descubra los apacibles paisajes del Valle de Gartempe: senderos sombreados, riberas silvestres y pueblos con encanto le acompa\u00f1ar\u00e1n en cada pedalada. Ya","breadcrumb":{"@id":"https:\/\/www.residence-croma.fr\/es\/585-2\/paseo-en-bicicleta\/#breadcrumb"},"inLanguage":"es","potentialAction":[{"@type":"ReadAction","target":["https:\/\/www.residence-croma.fr\/es\/585-2\/paseo-en-bicicleta\/"]}]},{"@type":"ImageObject","inLanguage":"es","@id":"https:\/\/www.residence-croma.fr\/es\/585-2\/paseo-en-bicicleta\/#primaryimage","url":"https:\/\/www.residence-croma.fr\/wp-content\/uploads\/sites\/366\/2025\/12\/images-velo.jpg","contentUrl":"https:\/\/www.residence-croma.fr\/wp-content\/uploads\/sites\/366\/2025\/12\/images-velo.jpg","width":300,"height":168},{"@type":"BreadcrumbList","@id":"https:\/\/www.residence-croma.fr\/es\/585-2\/paseo-en-bicicleta\/#breadcrumb","itemListElement":[{"@type":"ListItem","position":1,"name":"Home","item":"https:\/\/www.residence-croma.fr\/es\/"},{"@type":"ListItem","position":2,"name":"ocio y actividades","item":"https:\/\/www.residence-croma.fr\/es\/585-2\/"},{"@type":"ListItem","position":3,"name":"paseo en bicicleta"}]},{"@type":"WebSite","@id":"https:\/\/www.residence-croma.fr\/es\/#website","url":"https:\/\/www.residence-croma.fr\/es\/","name":"Residence Croma","description":"","potentialAction":[{"@type":"SearchAction","target":{"@type":"EntryPoint","urlTemplate":"https:\/\/www.residence-croma.fr\/es\/?s={search_term_string}"},"query-input":{"@type":"PropertyValueSpecification","valueRequired":true,"valueName":"search_term_string"}}],"inLanguage":"es"}]}},"acf":[],"_links":{"self":[{"href":"https:\/\/www.residence-croma.fr\/es\/wp-json\/wp\/v2\/pages\/589","targetHints":{"allow":["GET"]}}],"collection":[{"href":"https:\/\/www.residence-croma.fr\/es\/wp-json\/wp\/v2\/pages"}],"about":[{"href":"https:\/\/www.residence-croma.fr\/es\/wp-json\/wp\/v2\/types\/page"}],"author":[{"embeddable":true,"href":"https:\/\/www.residence-croma.fr\/es\/wp-json\/wp\/v2\/users\/375"}],"replies":[{"embeddable":true,"href":"https:\/\/www.residence-croma.fr\/es\/wp-json\/wp\/v2\/comments?post=589"}],"version-history":[{"count":0,"href":"https:\/\/www.residence-croma.fr\/es\/wp-json\/wp\/v2\/pages\/589\/revisions"}],"up":[{"embeddable":true,"href":"https:\/\/www.residence-croma.fr\/es\/wp-json\/wp\/v2\/pages\/585"}],"wp:featuredmedia":[{"embeddable":true,"href":"https:\/\/www.residence-croma.fr\/es\/wp-json\/wp\/v2\/media\/550"}],"wp:attachment":[{"href":"https:\/\/www.residence-croma.fr\/es\/wp-json\/wp\/v2\/media?parent=589"}],"curies":[{"name":"wp","href":"https:\/\/api.w.org\/{rel}","templated":true}]}}