{"id":584,"date":"2026-02-01T15:10:03","date_gmt":"2026-02-01T15:10:03","guid":{"rendered":"https:\/\/www.residence-croma.fr\/?page_id=584"},"modified":"2026-02-01T15:10:58","modified_gmt":"2026-02-01T15:10:58","slug":"jardin-compartido","status":"publish","type":"page","link":"https:\/\/www.residence-croma.fr\/es\/585-2\/jardin-compartido\/","title":{"rendered":"Jard\u00edn compartido"},"content":{"rendered":"<div id=\"tw-target-text-container\" class=\"tw-ta-container tw-nfl\" role=\"text\">\n<h3 id=\"tw-target-text\" class=\"tw-data-text tw-text-large tw-ta\" dir=\"ltr\" role=\"text\" data-placeholder=\"Traduction\" data-ved=\"2ahUKEwjyr9Gm-LeSAxVcVKQEHdhBIYoQ3ewLegQIDBAV\" aria-label=\"Texte traduit\u00a0: El Jard\u00edn Compartido de Villas CROMA En el coraz\u00f3n de la residencia Villas CROMA, descubra un jard\u00edn compartido donde aromas y sabores le esperan en cada rinc\u00f3n. D\u00e9jese cautivar por la deliciosa fragancia de las plantas arom\u00e1ticas: elija unas hojas de menta para una infusi\u00f3n refrescante, una ramita de romero para dar sabor a sus platos o un poco de verbena para un toque dulce. El tomillo realzar\u00e1 sus recetas, mientras que la verbena puede transformarse en una reconfortante infusi\u00f3n para acompa\u00f1ar sus tardes. Este jard\u00edn no es solo un espacio para compartir y disfrutar, sino tambi\u00e9n un remanso de paz. Acom\u00f3dese a la sombra de un \u00e1rbol, con un libro en la mano, y disfrute de un momento de relax en el verde entorno de la residencia. Rel\u00e1jese, respire, saboree... Bienvenido a la Residencia Villas CROMA.\"><span class=\"Y2IQFc\" lang=\"es\">El Jard\u00edn Compartido de Villas CROMA <\/span><\/h3>\n<h3 class=\"tw-data-text tw-text-large tw-ta\" dir=\"ltr\" role=\"text\" data-placeholder=\"Traduction\" data-ved=\"2ahUKEwjyr9Gm-LeSAxVcVKQEHdhBIYoQ3ewLegQIDBAV\" aria-label=\"Texte traduit\u00a0: El Jard\u00edn Compartido de Villas CROMA En el coraz\u00f3n de la residencia Villas CROMA, descubra un jard\u00edn compartido donde aromas y sabores le esperan en cada rinc\u00f3n. D\u00e9jese cautivar por la deliciosa fragancia de las plantas arom\u00e1ticas: elija unas hojas de menta para una infusi\u00f3n refrescante, una ramita de romero para dar sabor a sus platos o un poco de verbena para un toque dulce. El tomillo realzar\u00e1 sus recetas, mientras que la verbena puede transformarse en una reconfortante infusi\u00f3n para acompa\u00f1ar sus tardes. Este jard\u00edn no es solo un espacio para compartir y disfrutar, sino tambi\u00e9n un remanso de paz. Acom\u00f3dese a la sombra de un \u00e1rbol, con un libro en la mano, y disfrute de un momento de relax en el verde entorno de la residencia. Rel\u00e1jese, respire, saboree... Bienvenido a la Residencia Villas CROMA.\"><span class=\"Y2IQFc\" lang=\"es\">En el coraz\u00f3n de la residencia Villas CROMA, descubra un jard\u00edn compartido donde aromas y sabores le esperan en cada rinc\u00f3n. <\/span><\/h3>\n<h3 class=\"tw-data-text tw-text-large tw-ta\" dir=\"ltr\" role=\"text\" data-placeholder=\"Traduction\" data-ved=\"2ahUKEwjyr9Gm-LeSAxVcVKQEHdhBIYoQ3ewLegQIDBAV\" aria-label=\"Texte traduit\u00a0: El Jard\u00edn Compartido de Villas CROMA En el coraz\u00f3n de la residencia Villas CROMA, descubra un jard\u00edn compartido donde aromas y sabores le esperan en cada rinc\u00f3n. D\u00e9jese cautivar por la deliciosa fragancia de las plantas arom\u00e1ticas: elija unas hojas de menta para una infusi\u00f3n refrescante, una ramita de romero para dar sabor a sus platos o un poco de verbena para un toque dulce. El tomillo realzar\u00e1 sus recetas, mientras que la verbena puede transformarse en una reconfortante infusi\u00f3n para acompa\u00f1ar sus tardes. Este jard\u00edn no es solo un espacio para compartir y disfrutar, sino tambi\u00e9n un remanso de paz. Acom\u00f3dese a la sombra de un \u00e1rbol, con un libro en la mano, y disfrute de un momento de relax en el verde entorno de la residencia. Rel\u00e1jese, respire, saboree... Bienvenido a la Residencia Villas CROMA.\"><span class=\"Y2IQFc\" lang=\"es\">D\u00e9jese cautivar por la deliciosa fragancia de las plantas arom\u00e1ticas: <\/span><\/h3>\n<h3 class=\"tw-data-text tw-text-large tw-ta\" dir=\"ltr\" role=\"text\" data-placeholder=\"Traduction\" data-ved=\"2ahUKEwjyr9Gm-LeSAxVcVKQEHdhBIYoQ3ewLegQIDBAV\" aria-label=\"Texte traduit\u00a0: El Jard\u00edn Compartido de Villas CROMA En el coraz\u00f3n de la residencia Villas CROMA, descubra un jard\u00edn compartido donde aromas y sabores le esperan en cada rinc\u00f3n. D\u00e9jese cautivar por la deliciosa fragancia de las plantas arom\u00e1ticas: elija unas hojas de menta para una infusi\u00f3n refrescante, una ramita de romero para dar sabor a sus platos o un poco de verbena para un toque dulce. El tomillo realzar\u00e1 sus recetas, mientras que la verbena puede transformarse en una reconfortante infusi\u00f3n para acompa\u00f1ar sus tardes. Este jard\u00edn no es solo un espacio para compartir y disfrutar, sino tambi\u00e9n un remanso de paz. Acom\u00f3dese a la sombra de un \u00e1rbol, con un libro en la mano, y disfrute de un momento de relax en el verde entorno de la residencia. Rel\u00e1jese, respire, saboree... Bienvenido a la Residencia Villas CROMA.\"><span class=\"Y2IQFc\" lang=\"es\">elija unas hojas de menta para una infusi\u00f3n refrescante, una ramita de romero para dar sabor a sus platos o un poco de verbena para un toque dulce.<\/span><\/h3>\n<h3 class=\"tw-data-text tw-text-large tw-ta\" dir=\"ltr\" role=\"text\" data-placeholder=\"Traduction\" data-ved=\"2ahUKEwjyr9Gm-LeSAxVcVKQEHdhBIYoQ3ewLegQIDBAV\" aria-label=\"Texte traduit\u00a0: El Jard\u00edn Compartido de Villas CROMA En el coraz\u00f3n de la residencia Villas CROMA, descubra un jard\u00edn compartido donde aromas y sabores le esperan en cada rinc\u00f3n. D\u00e9jese cautivar por la deliciosa fragancia de las plantas arom\u00e1ticas: elija unas hojas de menta para una infusi\u00f3n refrescante, una ramita de romero para dar sabor a sus platos o un poco de verbena para un toque dulce. El tomillo realzar\u00e1 sus recetas, mientras que la verbena puede transformarse en una reconfortante infusi\u00f3n para acompa\u00f1ar sus tardes. Este jard\u00edn no es solo un espacio para compartir y disfrutar, sino tambi\u00e9n un remanso de paz. Acom\u00f3dese a la sombra de un \u00e1rbol, con un libro en la mano, y disfrute de un momento de relax en el verde entorno de la residencia. Rel\u00e1jese, respire, saboree... Bienvenido a la Residencia Villas CROMA.\"><span class=\"Y2IQFc\" lang=\"es\"> El tomillo realzar\u00e1 sus recetas, mientras que la verbena puede transformarse en una reconfortante infusi\u00f3n para acompa\u00f1ar sus tardes.<\/span><\/h3>\n<h3 class=\"tw-data-text tw-text-large tw-ta\" dir=\"ltr\" role=\"text\" data-placeholder=\"Traduction\" data-ved=\"2ahUKEwjyr9Gm-LeSAxVcVKQEHdhBIYoQ3ewLegQIDBAV\" aria-label=\"Texte traduit\u00a0: El Jard\u00edn Compartido de Villas CROMA En el coraz\u00f3n de la residencia Villas CROMA, descubra un jard\u00edn compartido donde aromas y sabores le esperan en cada rinc\u00f3n. D\u00e9jese cautivar por la deliciosa fragancia de las plantas arom\u00e1ticas: elija unas hojas de menta para una infusi\u00f3n refrescante, una ramita de romero para dar sabor a sus platos o un poco de verbena para un toque dulce. El tomillo realzar\u00e1 sus recetas, mientras que la verbena puede transformarse en una reconfortante infusi\u00f3n para acompa\u00f1ar sus tardes. Este jard\u00edn no es solo un espacio para compartir y disfrutar, sino tambi\u00e9n un remanso de paz. Acom\u00f3dese a la sombra de un \u00e1rbol, con un libro en la mano, y disfrute de un momento de relax en el verde entorno de la residencia. Rel\u00e1jese, respire, saboree... Bienvenido a la Residencia Villas CROMA.\"><span class=\"Y2IQFc\" lang=\"es\"> Este jard\u00edn no es solo un espacio para compartir y disfrutar, sino tambi\u00e9n un remanso de paz.<\/span><\/h3>\n<h3 class=\"tw-data-text tw-text-large tw-ta\" dir=\"ltr\" role=\"text\" data-placeholder=\"Traduction\" data-ved=\"2ahUKEwjyr9Gm-LeSAxVcVKQEHdhBIYoQ3ewLegQIDBAV\" aria-label=\"Texte traduit\u00a0: El Jard\u00edn Compartido de Villas CROMA En el coraz\u00f3n de la residencia Villas CROMA, descubra un jard\u00edn compartido donde aromas y sabores le esperan en cada rinc\u00f3n. D\u00e9jese cautivar por la deliciosa fragancia de las plantas arom\u00e1ticas: elija unas hojas de menta para una infusi\u00f3n refrescante, una ramita de romero para dar sabor a sus platos o un poco de verbena para un toque dulce. El tomillo realzar\u00e1 sus recetas, mientras que la verbena puede transformarse en una reconfortante infusi\u00f3n para acompa\u00f1ar sus tardes. Este jard\u00edn no es solo un espacio para compartir y disfrutar, sino tambi\u00e9n un remanso de paz. Acom\u00f3dese a la sombra de un \u00e1rbol, con un libro en la mano, y disfrute de un momento de relax en el verde entorno de la residencia. Rel\u00e1jese, respire, saboree... Bienvenido a la Residencia Villas CROMA.\"><span class=\"Y2IQFc\" lang=\"es\"> Acom\u00f3dese a la sombra de un \u00e1rbol, con un libro en la mano, y disfrute de un momento de relax en el verde entorno de la residencia. <\/span><\/h3>\n<h3 class=\"tw-data-text tw-text-large tw-ta\" dir=\"ltr\" role=\"text\" data-placeholder=\"Traduction\" data-ved=\"2ahUKEwjyr9Gm-LeSAxVcVKQEHdhBIYoQ3ewLegQIDBAV\" aria-label=\"Texte traduit\u00a0: El Jard\u00edn Compartido de Villas CROMA En el coraz\u00f3n de la residencia Villas CROMA, descubra un jard\u00edn compartido donde aromas y sabores le esperan en cada rinc\u00f3n. D\u00e9jese cautivar por la deliciosa fragancia de las plantas arom\u00e1ticas: elija unas hojas de menta para una infusi\u00f3n refrescante, una ramita de romero para dar sabor a sus platos o un poco de verbena para un toque dulce. El tomillo realzar\u00e1 sus recetas, mientras que la verbena puede transformarse en una reconfortante infusi\u00f3n para acompa\u00f1ar sus tardes. Este jard\u00edn no es solo un espacio para compartir y disfrutar, sino tambi\u00e9n un remanso de paz. Acom\u00f3dese a la sombra de un \u00e1rbol, con un libro en la mano, y disfrute de un momento de relax en el verde entorno de la residencia. Rel\u00e1jese, respire, saboree... Bienvenido a la Residencia Villas CROMA.\"><span class=\"Y2IQFc\" lang=\"es\">Rel\u00e1jese, respire, saboree&#8230; Bienvenido a la Residencia Villas CROMA.<\/span><\/h3>\n<\/div>\n<div id=\"tw-target-rmn-container\" class=\"tw-target-rmn tw-ta-container tw-nfl\" role=\"text\">\n<pre id=\"tw-target-rmn\" class=\"tw-data-placeholder tw-text-small tw-ta\" dir=\"ltr\" role=\"text\" data-placeholder=\"\"><\/pre>\n<\/div>\n","protected":false},"excerpt":{"rendered":"<p>El Jard\u00edn Compartido de Villas CROMA En el coraz\u00f3n de la residencia Villas CROMA, descubra un jard\u00edn compartido donde aromas y sabores le esperan en cada rinc\u00f3n. D\u00e9jese cautivar por la deliciosa fragancia de las plantas arom\u00e1ticas: elija unas hojas de menta para una infusi\u00f3n refrescante, una ramita de romero para dar sabor a sus [&hellip;]<\/p>\n","protected":false},"author":375,"featured_media":356,"parent":585,"menu_order":420,"comment_status":"closed","ping_status":"closed","template":"template-default-3.php","meta":{"footnotes":""},"class_list":["post-584","page","type-page","status-publish","has-post-thumbnail","hentry"],"yoast_head":"<!-- This site is optimized with the Yoast SEO plugin v26.9 - https:\/\/yoast.com\/product\/yoast-seo-wordpress\/ -->\n<title>Jard\u00edn compartido - Residence Croma<\/title>\n<meta name=\"description\" content=\"El Jard\u00edn Compartido de Villas CROMA En el coraz\u00f3n de la residencia Villas CROMA, descubra un jard\u00edn compartido donde aromas y sabores le esperan en cada\" \/>\n<meta name=\"robots\" content=\"index, follow, max-snippet:-1, max-image-preview:large, max-video-preview:-1\" \/>\n<link rel=\"canonical\" href=\"https:\/\/www.residence-croma.fr\/es\/585-2\/jardin-compartido\/\" \/>\n<meta property=\"og:locale\" content=\"es_ES\" \/>\n<meta property=\"og:type\" content=\"article\" \/>\n<meta property=\"og:title\" content=\"Jard\u00edn compartido - Residence Croma\" \/>\n<meta property=\"og:description\" content=\"El Jard\u00edn Compartido de Villas CROMA En el coraz\u00f3n de la residencia Villas CROMA, descubra un jard\u00edn compartido donde aromas y sabores le esperan en cada\" \/>\n<meta property=\"og:url\" content=\"https:\/\/www.residence-croma.fr\/es\/585-2\/jardin-compartido\/\" \/>\n<meta property=\"og:site_name\" content=\"Residence Croma\" \/>\n<meta property=\"article:modified_time\" content=\"2026-02-01T15:10:58+00:00\" \/>\n<meta property=\"og:image\" content=\"https:\/\/www.residence-croma.fr\/wp-content\/uploads\/sites\/366\/2022\/07\/fb_sm_instagram_2851846618048630826_6167480098-01_pic.jpg\" \/>\n\t<meta property=\"og:image:width\" content=\"1080\" \/>\n\t<meta property=\"og:image:height\" content=\"810\" \/>\n\t<meta property=\"og:image:type\" content=\"image\/jpeg\" \/>\n<meta name=\"twitter:card\" content=\"summary_large_image\" \/>\n<meta name=\"twitter:label1\" content=\"Tiempo de lectura\" \/>\n\t<meta name=\"twitter:data1\" content=\"1 minuto\" \/>\n<script type=\"application\/ld+json\" class=\"yoast-schema-graph\">{\"@context\":\"https:\/\/schema.org\",\"@graph\":[{\"@type\":\"WebPage\",\"@id\":\"https:\/\/www.residence-croma.fr\/es\/585-2\/jardin-compartido\/\",\"url\":\"https:\/\/www.residence-croma.fr\/es\/585-2\/jardin-compartido\/\",\"name\":\"Jard\u00edn compartido - Residence Croma\",\"isPartOf\":{\"@id\":\"https:\/\/www.residence-croma.fr\/es\/#website\"},\"primaryImageOfPage\":{\"@id\":\"https:\/\/www.residence-croma.fr\/es\/585-2\/jardin-compartido\/#primaryimage\"},\"image\":{\"@id\":\"https:\/\/www.residence-croma.fr\/es\/585-2\/jardin-compartido\/#primaryimage\"},\"thumbnailUrl\":\"https:\/\/www.residence-croma.fr\/wp-content\/uploads\/sites\/366\/2022\/07\/fb_sm_instagram_2851846618048630826_6167480098-01_pic.jpg\",\"datePublished\":\"2026-02-01T15:10:03+00:00\",\"dateModified\":\"2026-02-01T15:10:58+00:00\",\"description\":\"El Jard\u00edn Compartido de Villas CROMA En el coraz\u00f3n de la residencia Villas CROMA, descubra un jard\u00edn compartido donde aromas y sabores le esperan en cada\",\"breadcrumb\":{\"@id\":\"https:\/\/www.residence-croma.fr\/es\/585-2\/jardin-compartido\/#breadcrumb\"},\"inLanguage\":\"es\",\"potentialAction\":[{\"@type\":\"ReadAction\",\"target\":[\"https:\/\/www.residence-croma.fr\/es\/585-2\/jardin-compartido\/\"]}]},{\"@type\":\"ImageObject\",\"inLanguage\":\"es\",\"@id\":\"https:\/\/www.residence-croma.fr\/es\/585-2\/jardin-compartido\/#primaryimage\",\"url\":\"https:\/\/www.residence-croma.fr\/wp-content\/uploads\/sites\/366\/2022\/07\/fb_sm_instagram_2851846618048630826_6167480098-01_pic.jpg\",\"contentUrl\":\"https:\/\/www.residence-croma.fr\/wp-content\/uploads\/sites\/366\/2022\/07\/fb_sm_instagram_2851846618048630826_6167480098-01_pic.jpg\",\"width\":1080,\"height\":810},{\"@type\":\"BreadcrumbList\",\"@id\":\"https:\/\/www.residence-croma.fr\/es\/585-2\/jardin-compartido\/#breadcrumb\",\"itemListElement\":[{\"@type\":\"ListItem\",\"position\":1,\"name\":\"Home\",\"item\":\"https:\/\/www.residence-croma.fr\/es\/\"},{\"@type\":\"ListItem\",\"position\":2,\"name\":\"Jard\u00edn compartido\"}]},{\"@type\":\"WebSite\",\"@id\":\"https:\/\/www.residence-croma.fr\/es\/#website\",\"url\":\"https:\/\/www.residence-croma.fr\/es\/\",\"name\":\"Residence Croma\",\"description\":\"\",\"potentialAction\":[{\"@type\":\"SearchAction\",\"target\":{\"@type\":\"EntryPoint\",\"urlTemplate\":\"https:\/\/www.residence-croma.fr\/es\/?s={search_term_string}\"},\"query-input\":{\"@type\":\"PropertyValueSpecification\",\"valueRequired\":true,\"valueName\":\"search_term_string\"}}],\"inLanguage\":\"es\"}]}<\/script>\n<!-- \/ Yoast SEO plugin. -->","yoast_head_json":{"title":"Jard\u00edn compartido - Residence Croma","description":"El Jard\u00edn Compartido de Villas CROMA En el coraz\u00f3n de la residencia Villas CROMA, descubra un jard\u00edn compartido donde aromas y sabores le esperan en cada","robots":{"index":"index","follow":"follow","max-snippet":"max-snippet:-1","max-image-preview":"max-image-preview:large","max-video-preview":"max-video-preview:-1"},"canonical":"https:\/\/www.residence-croma.fr\/es\/585-2\/jardin-compartido\/","og_locale":"es_ES","og_type":"article","og_title":"Jard\u00edn compartido - Residence Croma","og_description":"El Jard\u00edn Compartido de Villas CROMA En el coraz\u00f3n de la residencia Villas CROMA, descubra un jard\u00edn compartido donde aromas y sabores le esperan en cada","og_url":"https:\/\/www.residence-croma.fr\/es\/585-2\/jardin-compartido\/","og_site_name":"Residence Croma","article_modified_time":"2026-02-01T15:10:58+00:00","og_image":[{"width":1080,"height":810,"url":"https:\/\/www.residence-croma.fr\/wp-content\/uploads\/sites\/366\/2022\/07\/fb_sm_instagram_2851846618048630826_6167480098-01_pic.jpg","type":"image\/jpeg"}],"twitter_card":"summary_large_image","twitter_misc":{"Tiempo de lectura":"1 minuto"},"schema":{"@context":"https:\/\/schema.org","@graph":[{"@type":"WebPage","@id":"https:\/\/www.residence-croma.fr\/es\/585-2\/jardin-compartido\/","url":"https:\/\/www.residence-croma.fr\/es\/585-2\/jardin-compartido\/","name":"Jard\u00edn compartido - Residence Croma","isPartOf":{"@id":"https:\/\/www.residence-croma.fr\/es\/#website"},"primaryImageOfPage":{"@id":"https:\/\/www.residence-croma.fr\/es\/585-2\/jardin-compartido\/#primaryimage"},"image":{"@id":"https:\/\/www.residence-croma.fr\/es\/585-2\/jardin-compartido\/#primaryimage"},"thumbnailUrl":"https:\/\/www.residence-croma.fr\/wp-content\/uploads\/sites\/366\/2022\/07\/fb_sm_instagram_2851846618048630826_6167480098-01_pic.jpg","datePublished":"2026-02-01T15:10:03+00:00","dateModified":"2026-02-01T15:10:58+00:00","description":"El Jard\u00edn Compartido de Villas CROMA En el coraz\u00f3n de la residencia Villas CROMA, descubra un jard\u00edn compartido donde aromas y sabores le esperan en cada","breadcrumb":{"@id":"https:\/\/www.residence-croma.fr\/es\/585-2\/jardin-compartido\/#breadcrumb"},"inLanguage":"es","potentialAction":[{"@type":"ReadAction","target":["https:\/\/www.residence-croma.fr\/es\/585-2\/jardin-compartido\/"]}]},{"@type":"ImageObject","inLanguage":"es","@id":"https:\/\/www.residence-croma.fr\/es\/585-2\/jardin-compartido\/#primaryimage","url":"https:\/\/www.residence-croma.fr\/wp-content\/uploads\/sites\/366\/2022\/07\/fb_sm_instagram_2851846618048630826_6167480098-01_pic.jpg","contentUrl":"https:\/\/www.residence-croma.fr\/wp-content\/uploads\/sites\/366\/2022\/07\/fb_sm_instagram_2851846618048630826_6167480098-01_pic.jpg","width":1080,"height":810},{"@type":"BreadcrumbList","@id":"https:\/\/www.residence-croma.fr\/es\/585-2\/jardin-compartido\/#breadcrumb","itemListElement":[{"@type":"ListItem","position":1,"name":"Home","item":"https:\/\/www.residence-croma.fr\/es\/"},{"@type":"ListItem","position":2,"name":"Jard\u00edn compartido"}]},{"@type":"WebSite","@id":"https:\/\/www.residence-croma.fr\/es\/#website","url":"https:\/\/www.residence-croma.fr\/es\/","name":"Residence Croma","description":"","potentialAction":[{"@type":"SearchAction","target":{"@type":"EntryPoint","urlTemplate":"https:\/\/www.residence-croma.fr\/es\/?s={search_term_string}"},"query-input":{"@type":"PropertyValueSpecification","valueRequired":true,"valueName":"search_term_string"}}],"inLanguage":"es"}]}},"acf":[],"_links":{"self":[{"href":"https:\/\/www.residence-croma.fr\/es\/wp-json\/wp\/v2\/pages\/584","targetHints":{"allow":["GET"]}}],"collection":[{"href":"https:\/\/www.residence-croma.fr\/es\/wp-json\/wp\/v2\/pages"}],"about":[{"href":"https:\/\/www.residence-croma.fr\/es\/wp-json\/wp\/v2\/types\/page"}],"author":[{"embeddable":true,"href":"https:\/\/www.residence-croma.fr\/es\/wp-json\/wp\/v2\/users\/375"}],"replies":[{"embeddable":true,"href":"https:\/\/www.residence-croma.fr\/es\/wp-json\/wp\/v2\/comments?post=584"}],"version-history":[{"count":0,"href":"https:\/\/www.residence-croma.fr\/es\/wp-json\/wp\/v2\/pages\/584\/revisions"}],"up":[{"embeddable":true,"href":"https:\/\/www.residence-croma.fr\/es\/wp-json\/wp\/v2\/pages\/585"}],"wp:featuredmedia":[{"embeddable":true,"href":"https:\/\/www.residence-croma.fr\/es\/wp-json\/wp\/v2\/media\/356"}],"wp:attachment":[{"href":"https:\/\/www.residence-croma.fr\/es\/wp-json\/wp\/v2\/media?parent=584"}],"curies":[{"name":"wp","href":"https:\/\/api.w.org\/{rel}","templated":true}]}}