{"id":583,"date":"2026-02-01T15:07:32","date_gmt":"2026-02-01T15:07:32","guid":{"rendered":"https:\/\/www.residence-croma.fr\/?page_id=583"},"modified":"2026-02-01T15:52:48","modified_gmt":"2026-02-01T15:52:48","slug":"583-2","status":"publish","type":"page","link":"https:\/\/www.residence-croma.fr\/es\/585-2\/583-2\/","title":{"rendered":"PISCINAS CLIMATIZADAS"},"content":{"rendered":"<h3 id=\"tw-target-text\" class=\"tw-data-text tw-text-large tw-ta\" dir=\"ltr\" role=\"text\" data-placeholder=\"Traduction\" data-ved=\"2ahUKEwjyr9Gm-LeSAxVcVKQEHdhBIYoQ3ewLegQIDBAV\" aria-label=\"Texte traduit\u00a0: Disfrute de dos piscinas climatizadas en plena naturaleza \u2013 Les Villas Croma, La Roche-Posay En la residencia Les Villas Croma, descubra un aut\u00e9ntico remanso de paz en plena naturaleza en La Roche-Posay, Nueva Aquitania. Para su relajaci\u00f3n y bienestar, le ofrecemos dos piscinas climatizadas, abiertas en temporada de mayo a octubre, de 10:00 a 21:00, dise\u00f1adas para satisfacer tanto a familias como a quienes buscan tranquilidad. Una piscina dedicada a los ni\u00f1os, ideal para jugar con seguridad y disfrutar de los placeres del agua en familia. Una piscina para adultos, perfecta para nadar, recargar energ\u00edas o simplemente tomar el sol en un entorno tranquilo y relajante. Rodeadas de vegetaci\u00f3n, nuestras piscinas ofrecen un entorno \u00fanico donde se unen la serenidad y la comodidad. Ya sea que est\u00e9 aqu\u00ed para un tratamiento de spa, de vacaciones o para una escapada de fin de semana, apreciar\u00e1 la tranquilidad de este lugar, lejos del estr\u00e9s y cerca de lo que realmente importa. Venga a disfrutar de un momento de absoluta relajaci\u00f3n en Villas Croma, donde la naturaleza y el bienestar se unen. Abierto de mayo a octubre (si el tiempo lo permite)\"><span class=\"Y2IQFc\" lang=\"es\">Disfrute de dos piscinas climatizadas en plena naturaleza \u2013 Les Villas Croma, La Roche-Posay<\/span><\/h3>\n<h3 class=\"tw-data-text tw-text-large tw-ta\" dir=\"ltr\" role=\"text\" data-placeholder=\"Traduction\" data-ved=\"2ahUKEwjyr9Gm-LeSAxVcVKQEHdhBIYoQ3ewLegQIDBAV\" aria-label=\"Texte traduit\u00a0: Disfrute de dos piscinas climatizadas en plena naturaleza \u2013 Les Villas Croma, La Roche-Posay En la residencia Les Villas Croma, descubra un aut\u00e9ntico remanso de paz en plena naturaleza en La Roche-Posay, Nueva Aquitania. Para su relajaci\u00f3n y bienestar, le ofrecemos dos piscinas climatizadas, abiertas en temporada de mayo a octubre, de 10:00 a 21:00, dise\u00f1adas para satisfacer tanto a familias como a quienes buscan tranquilidad. Una piscina dedicada a los ni\u00f1os, ideal para jugar con seguridad y disfrutar de los placeres del agua en familia. Una piscina para adultos, perfecta para nadar, recargar energ\u00edas o simplemente tomar el sol en un entorno tranquilo y relajante. Rodeadas de vegetaci\u00f3n, nuestras piscinas ofrecen un entorno \u00fanico donde se unen la serenidad y la comodidad. Ya sea que est\u00e9 aqu\u00ed para un tratamiento de spa, de vacaciones o para una escapada de fin de semana, apreciar\u00e1 la tranquilidad de este lugar, lejos del estr\u00e9s y cerca de lo que realmente importa. Venga a disfrutar de un momento de absoluta relajaci\u00f3n en Villas Croma, donde la naturaleza y el bienestar se unen. Abierto de mayo a octubre (si el tiempo lo permite)\"><span class=\"Y2IQFc\" lang=\"es\">En la residencia Les Villas Croma, descubra un aut\u00e9ntico remanso de paz en plena naturaleza en La Roche-Posay, Nueva Aquitania. <\/span><\/h3>\n<h3 class=\"tw-data-text tw-text-large tw-ta\" dir=\"ltr\" role=\"text\" data-placeholder=\"Traduction\" data-ved=\"2ahUKEwjyr9Gm-LeSAxVcVKQEHdhBIYoQ3ewLegQIDBAV\" aria-label=\"Texte traduit\u00a0: Disfrute de dos piscinas climatizadas en plena naturaleza \u2013 Les Villas Croma, La Roche-Posay En la residencia Les Villas Croma, descubra un aut\u00e9ntico remanso de paz en plena naturaleza en La Roche-Posay, Nueva Aquitania. Para su relajaci\u00f3n y bienestar, le ofrecemos dos piscinas climatizadas, abiertas en temporada de mayo a octubre, de 10:00 a 21:00, dise\u00f1adas para satisfacer tanto a familias como a quienes buscan tranquilidad. Una piscina dedicada a los ni\u00f1os, ideal para jugar con seguridad y disfrutar de los placeres del agua en familia. Una piscina para adultos, perfecta para nadar, recargar energ\u00edas o simplemente tomar el sol en un entorno tranquilo y relajante. Rodeadas de vegetaci\u00f3n, nuestras piscinas ofrecen un entorno \u00fanico donde se unen la serenidad y la comodidad. Ya sea que est\u00e9 aqu\u00ed para un tratamiento de spa, de vacaciones o para una escapada de fin de semana, apreciar\u00e1 la tranquilidad de este lugar, lejos del estr\u00e9s y cerca de lo que realmente importa. Venga a disfrutar de un momento de absoluta relajaci\u00f3n en Villas Croma, donde la naturaleza y el bienestar se unen. Abierto de mayo a octubre (si el tiempo lo permite)\"><span class=\"Y2IQFc\" lang=\"es\">Para su relajaci\u00f3n y bienestar, le ofrecemos dos piscinas climatizadas, abiertas en temporada de mayo a octubre, de 10:00 a 21:00, dise\u00f1adas para satisfacer tanto a familias como a quienes buscan tranquilidad.<\/span><\/h3>\n<h3 class=\"tw-data-text tw-text-large tw-ta\" dir=\"ltr\" role=\"text\" data-placeholder=\"Traduction\" data-ved=\"2ahUKEwjyr9Gm-LeSAxVcVKQEHdhBIYoQ3ewLegQIDBAV\" aria-label=\"Texte traduit\u00a0: Disfrute de dos piscinas climatizadas en plena naturaleza \u2013 Les Villas Croma, La Roche-Posay En la residencia Les Villas Croma, descubra un aut\u00e9ntico remanso de paz en plena naturaleza en La Roche-Posay, Nueva Aquitania. Para su relajaci\u00f3n y bienestar, le ofrecemos dos piscinas climatizadas, abiertas en temporada de mayo a octubre, de 10:00 a 21:00, dise\u00f1adas para satisfacer tanto a familias como a quienes buscan tranquilidad. Una piscina dedicada a los ni\u00f1os, ideal para jugar con seguridad y disfrutar de los placeres del agua en familia. Una piscina para adultos, perfecta para nadar, recargar energ\u00edas o simplemente tomar el sol en un entorno tranquilo y relajante. Rodeadas de vegetaci\u00f3n, nuestras piscinas ofrecen un entorno \u00fanico donde se unen la serenidad y la comodidad. Ya sea que est\u00e9 aqu\u00ed para un tratamiento de spa, de vacaciones o para una escapada de fin de semana, apreciar\u00e1 la tranquilidad de este lugar, lejos del estr\u00e9s y cerca de lo que realmente importa. Venga a disfrutar de un momento de absoluta relajaci\u00f3n en Villas Croma, donde la naturaleza y el bienestar se unen. Abierto de mayo a octubre (si el tiempo lo permite)\"><span class=\"Y2IQFc\" lang=\"es\"> Una piscina dedicada a los ni\u00f1os, ideal para jugar con seguridad y disfrutar de los placeres del agua en familia. <\/span><\/h3>\n<h3 class=\"tw-data-text tw-text-large tw-ta\" dir=\"ltr\" role=\"text\" data-placeholder=\"Traduction\" data-ved=\"2ahUKEwjyr9Gm-LeSAxVcVKQEHdhBIYoQ3ewLegQIDBAV\" aria-label=\"Texte traduit\u00a0: Disfrute de dos piscinas climatizadas en plena naturaleza \u2013 Les Villas Croma, La Roche-Posay En la residencia Les Villas Croma, descubra un aut\u00e9ntico remanso de paz en plena naturaleza en La Roche-Posay, Nueva Aquitania. Para su relajaci\u00f3n y bienestar, le ofrecemos dos piscinas climatizadas, abiertas en temporada de mayo a octubre, de 10:00 a 21:00, dise\u00f1adas para satisfacer tanto a familias como a quienes buscan tranquilidad. Una piscina dedicada a los ni\u00f1os, ideal para jugar con seguridad y disfrutar de los placeres del agua en familia. Una piscina para adultos, perfecta para nadar, recargar energ\u00edas o simplemente tomar el sol en un entorno tranquilo y relajante. Rodeadas de vegetaci\u00f3n, nuestras piscinas ofrecen un entorno \u00fanico donde se unen la serenidad y la comodidad. Ya sea que est\u00e9 aqu\u00ed para un tratamiento de spa, de vacaciones o para una escapada de fin de semana, apreciar\u00e1 la tranquilidad de este lugar, lejos del estr\u00e9s y cerca de lo que realmente importa. Venga a disfrutar de un momento de absoluta relajaci\u00f3n en Villas Croma, donde la naturaleza y el bienestar se unen. Abierto de mayo a octubre (si el tiempo lo permite)\"><span class=\"Y2IQFc\" lang=\"es\">Una piscina para adultos, perfecta para nadar, recargar energ\u00edas o simplemente tomar el sol en un entorno tranquilo y relajante.<\/span><\/h3>\n<h3 class=\"tw-data-text tw-text-large tw-ta\" dir=\"ltr\" role=\"text\" data-placeholder=\"Traduction\" data-ved=\"2ahUKEwjyr9Gm-LeSAxVcVKQEHdhBIYoQ3ewLegQIDBAV\" aria-label=\"Texte traduit\u00a0: Disfrute de dos piscinas climatizadas en plena naturaleza \u2013 Les Villas Croma, La Roche-Posay En la residencia Les Villas Croma, descubra un aut\u00e9ntico remanso de paz en plena naturaleza en La Roche-Posay, Nueva Aquitania. Para su relajaci\u00f3n y bienestar, le ofrecemos dos piscinas climatizadas, abiertas en temporada de mayo a octubre, de 10:00 a 21:00, dise\u00f1adas para satisfacer tanto a familias como a quienes buscan tranquilidad. Una piscina dedicada a los ni\u00f1os, ideal para jugar con seguridad y disfrutar de los placeres del agua en familia. Una piscina para adultos, perfecta para nadar, recargar energ\u00edas o simplemente tomar el sol en un entorno tranquilo y relajante. Rodeadas de vegetaci\u00f3n, nuestras piscinas ofrecen un entorno \u00fanico donde se unen la serenidad y la comodidad. Ya sea que est\u00e9 aqu\u00ed para un tratamiento de spa, de vacaciones o para una escapada de fin de semana, apreciar\u00e1 la tranquilidad de este lugar, lejos del estr\u00e9s y cerca de lo que realmente importa. Venga a disfrutar de un momento de absoluta relajaci\u00f3n en Villas Croma, donde la naturaleza y el bienestar se unen. Abierto de mayo a octubre (si el tiempo lo permite)\"><span class=\"Y2IQFc\" lang=\"es\">Rodeadas de vegetaci\u00f3n, nuestras piscinas ofrecen un entorno \u00fanico donde se unen la serenidad y la comodidad. Ya sea que est\u00e9 aqu\u00ed para un tratamiento de spa, de vacaciones o para una escapada de fin de semana, apreciar\u00e1 la tranquilidad de este lugar, lejos del estr\u00e9s y cerca de lo que realmente importa. <\/span><\/h3>\n<h3 class=\"tw-data-text tw-text-large tw-ta\" dir=\"ltr\" role=\"text\" data-placeholder=\"Traduction\" data-ved=\"2ahUKEwjyr9Gm-LeSAxVcVKQEHdhBIYoQ3ewLegQIDBAV\" aria-label=\"Texte traduit\u00a0: Disfrute de dos piscinas climatizadas en plena naturaleza \u2013 Les Villas Croma, La Roche-Posay En la residencia Les Villas Croma, descubra un aut\u00e9ntico remanso de paz en plena naturaleza en La Roche-Posay, Nueva Aquitania. Para su relajaci\u00f3n y bienestar, le ofrecemos dos piscinas climatizadas, abiertas en temporada de mayo a octubre, de 10:00 a 21:00, dise\u00f1adas para satisfacer tanto a familias como a quienes buscan tranquilidad. Una piscina dedicada a los ni\u00f1os, ideal para jugar con seguridad y disfrutar de los placeres del agua en familia. Una piscina para adultos, perfecta para nadar, recargar energ\u00edas o simplemente tomar el sol en un entorno tranquilo y relajante. Rodeadas de vegetaci\u00f3n, nuestras piscinas ofrecen un entorno \u00fanico donde se unen la serenidad y la comodidad. Ya sea que est\u00e9 aqu\u00ed para un tratamiento de spa, de vacaciones o para una escapada de fin de semana, apreciar\u00e1 la tranquilidad de este lugar, lejos del estr\u00e9s y cerca de lo que realmente importa. Venga a disfrutar de un momento de absoluta relajaci\u00f3n en Villas Croma, donde la naturaleza y el bienestar se unen. Abierto de mayo a octubre (si el tiempo lo permite)\"><span class=\"Y2IQFc\" lang=\"es\">Venga a disfrutar de un momento de absoluta relajaci\u00f3n en Villas Croma, donde la naturaleza y el bienestar se unen. <\/span><\/h3>\n<h3 class=\"tw-data-text tw-text-large tw-ta\" dir=\"ltr\" role=\"text\" data-placeholder=\"Traduction\" data-ved=\"2ahUKEwjyr9Gm-LeSAxVcVKQEHdhBIYoQ3ewLegQIDBAV\" aria-label=\"Texte traduit\u00a0: Disfrute de dos piscinas climatizadas en plena naturaleza \u2013 Les Villas Croma, La Roche-Posay En la residencia Les Villas Croma, descubra un aut\u00e9ntico remanso de paz en plena naturaleza en La Roche-Posay, Nueva Aquitania. Para su relajaci\u00f3n y bienestar, le ofrecemos dos piscinas climatizadas, abiertas en temporada de mayo a octubre, de 10:00 a 21:00, dise\u00f1adas para satisfacer tanto a familias como a quienes buscan tranquilidad. Una piscina dedicada a los ni\u00f1os, ideal para jugar con seguridad y disfrutar de los placeres del agua en familia. Una piscina para adultos, perfecta para nadar, recargar energ\u00edas o simplemente tomar el sol en un entorno tranquilo y relajante. Rodeadas de vegetaci\u00f3n, nuestras piscinas ofrecen un entorno \u00fanico donde se unen la serenidad y la comodidad. Ya sea que est\u00e9 aqu\u00ed para un tratamiento de spa, de vacaciones o para una escapada de fin de semana, apreciar\u00e1 la tranquilidad de este lugar, lejos del estr\u00e9s y cerca de lo que realmente importa. Venga a disfrutar de un momento de absoluta relajaci\u00f3n en Villas Croma, donde la naturaleza y el bienestar se unen. Abierto de mayo a octubre (si el tiempo lo permite)\"><span class=\"Y2IQFc\" lang=\"es\">Abierto de mayo a octubre (si el tiempo lo permite)<\/span><\/h3>\n","protected":false},"excerpt":{"rendered":"<p>Disfrute de dos piscinas climatizadas en plena naturaleza \u2013 Les Villas Croma, La Roche-Posay En la residencia Les Villas Croma, descubra un aut\u00e9ntico remanso de paz en plena naturaleza en La Roche-Posay, Nueva Aquitania. Para su relajaci\u00f3n y bienestar, le ofrecemos dos piscinas climatizadas, abiertas en temporada de mayo a octubre, de 10:00 a 21:00, [&hellip;]<\/p>\n","protected":false},"author":375,"featured_media":0,"parent":585,"menu_order":410,"comment_status":"closed","ping_status":"closed","template":"template-default-3.php","meta":{"footnotes":""},"class_list":["post-583","page","type-page","status-publish","hentry"],"yoast_head":"<!-- This site is optimized with the Yoast SEO plugin v26.9 - https:\/\/yoast.com\/product\/yoast-seo-wordpress\/ -->\n<title>PISCINAS CLIMATIZADAS - Residence Croma<\/title>\n<meta name=\"description\" content=\"Disfrute de dos piscinas climatizadas en plena naturaleza \u2013 Les Villas Croma, La Roche-Posay En la residencia Les Villas Croma, descubra un aut\u00e9ntico\" \/>\n<meta name=\"robots\" content=\"index, follow, max-snippet:-1, max-image-preview:large, max-video-preview:-1\" \/>\n<link rel=\"canonical\" href=\"https:\/\/www.residence-croma.fr\/es\/585-2\/583-2\/\" \/>\n<meta property=\"og:locale\" content=\"es_ES\" \/>\n<meta property=\"og:type\" content=\"article\" \/>\n<meta property=\"og:title\" content=\"PISCINAS CLIMATIZADAS - Residence Croma\" \/>\n<meta property=\"og:description\" content=\"Disfrute de dos piscinas climatizadas en plena naturaleza \u2013 Les Villas Croma, La Roche-Posay En la residencia Les Villas Croma, descubra un aut\u00e9ntico\" \/>\n<meta property=\"og:url\" content=\"https:\/\/www.residence-croma.fr\/es\/585-2\/583-2\/\" \/>\n<meta property=\"og:site_name\" content=\"Residence Croma\" \/>\n<meta property=\"article:modified_time\" content=\"2026-02-01T15:52:48+00:00\" \/>\n<meta property=\"og:image\" content=\"https:\/\/www.residence-croma.fr\/wp-content\/uploads\/sites\/366\/2021\/11\/PETIT_GRAND-BASSIN-3.jpg\" \/>\n\t<meta property=\"og:image:width\" content=\"2200\" \/>\n\t<meta property=\"og:image:height\" content=\"1100\" \/>\n\t<meta property=\"og:image:type\" content=\"image\/jpeg\" \/>\n<meta name=\"twitter:card\" content=\"summary_large_image\" \/>\n<meta name=\"twitter:label1\" content=\"Tiempo de lectura\" \/>\n\t<meta name=\"twitter:data1\" content=\"1 minuto\" \/>\n<script type=\"application\/ld+json\" class=\"yoast-schema-graph\">{\"@context\":\"https:\/\/schema.org\",\"@graph\":[{\"@type\":\"WebPage\",\"@id\":\"https:\/\/www.residence-croma.fr\/es\/585-2\/583-2\/\",\"url\":\"https:\/\/www.residence-croma.fr\/es\/585-2\/583-2\/\",\"name\":\"PISCINAS CLIMATIZADAS - Residence Croma\",\"isPartOf\":{\"@id\":\"https:\/\/www.residence-croma.fr\/es\/#website\"},\"datePublished\":\"2026-02-01T15:07:32+00:00\",\"dateModified\":\"2026-02-01T15:52:48+00:00\",\"description\":\"Disfrute de dos piscinas climatizadas en plena naturaleza \u2013 Les Villas Croma, La Roche-Posay En la residencia Les Villas Croma, descubra un aut\u00e9ntico\",\"breadcrumb\":{\"@id\":\"https:\/\/www.residence-croma.fr\/es\/585-2\/583-2\/#breadcrumb\"},\"inLanguage\":\"es\",\"potentialAction\":[{\"@type\":\"ReadAction\",\"target\":[\"https:\/\/www.residence-croma.fr\/es\/585-2\/583-2\/\"]}]},{\"@type\":\"BreadcrumbList\",\"@id\":\"https:\/\/www.residence-croma.fr\/es\/585-2\/583-2\/#breadcrumb\",\"itemListElement\":[{\"@type\":\"ListItem\",\"position\":1,\"name\":\"Home\",\"item\":\"https:\/\/www.residence-croma.fr\/es\/\"},{\"@type\":\"ListItem\",\"position\":2,\"name\":\"ocio y actividades\",\"item\":\"https:\/\/www.residence-croma.fr\/es\/585-2\/\"},{\"@type\":\"ListItem\",\"position\":3,\"name\":\"PISCINAS CLIMATIZADAS\"}]},{\"@type\":\"WebSite\",\"@id\":\"https:\/\/www.residence-croma.fr\/es\/#website\",\"url\":\"https:\/\/www.residence-croma.fr\/es\/\",\"name\":\"Residence Croma\",\"description\":\"\",\"potentialAction\":[{\"@type\":\"SearchAction\",\"target\":{\"@type\":\"EntryPoint\",\"urlTemplate\":\"https:\/\/www.residence-croma.fr\/es\/?s={search_term_string}\"},\"query-input\":{\"@type\":\"PropertyValueSpecification\",\"valueRequired\":true,\"valueName\":\"search_term_string\"}}],\"inLanguage\":\"es\"}]}<\/script>\n<!-- \/ Yoast SEO plugin. -->","yoast_head_json":{"title":"PISCINAS CLIMATIZADAS - Residence Croma","description":"Disfrute de dos piscinas climatizadas en plena naturaleza \u2013 Les Villas Croma, La Roche-Posay En la residencia Les Villas Croma, descubra un aut\u00e9ntico","robots":{"index":"index","follow":"follow","max-snippet":"max-snippet:-1","max-image-preview":"max-image-preview:large","max-video-preview":"max-video-preview:-1"},"canonical":"https:\/\/www.residence-croma.fr\/es\/585-2\/583-2\/","og_locale":"es_ES","og_type":"article","og_title":"PISCINAS CLIMATIZADAS - Residence Croma","og_description":"Disfrute de dos piscinas climatizadas en plena naturaleza \u2013 Les Villas Croma, La Roche-Posay En la residencia Les Villas Croma, descubra un aut\u00e9ntico","og_url":"https:\/\/www.residence-croma.fr\/es\/585-2\/583-2\/","og_site_name":"Residence Croma","article_modified_time":"2026-02-01T15:52:48+00:00","og_image":[{"width":2200,"height":1100,"url":"https:\/\/www.residence-croma.fr\/wp-content\/uploads\/sites\/366\/2021\/11\/PETIT_GRAND-BASSIN-3.jpg","type":"image\/jpeg"}],"twitter_card":"summary_large_image","twitter_misc":{"Tiempo de lectura":"1 minuto"},"schema":{"@context":"https:\/\/schema.org","@graph":[{"@type":"WebPage","@id":"https:\/\/www.residence-croma.fr\/es\/585-2\/583-2\/","url":"https:\/\/www.residence-croma.fr\/es\/585-2\/583-2\/","name":"PISCINAS CLIMATIZADAS - Residence Croma","isPartOf":{"@id":"https:\/\/www.residence-croma.fr\/es\/#website"},"datePublished":"2026-02-01T15:07:32+00:00","dateModified":"2026-02-01T15:52:48+00:00","description":"Disfrute de dos piscinas climatizadas en plena naturaleza \u2013 Les Villas Croma, La Roche-Posay En la residencia Les Villas Croma, descubra un aut\u00e9ntico","breadcrumb":{"@id":"https:\/\/www.residence-croma.fr\/es\/585-2\/583-2\/#breadcrumb"},"inLanguage":"es","potentialAction":[{"@type":"ReadAction","target":["https:\/\/www.residence-croma.fr\/es\/585-2\/583-2\/"]}]},{"@type":"BreadcrumbList","@id":"https:\/\/www.residence-croma.fr\/es\/585-2\/583-2\/#breadcrumb","itemListElement":[{"@type":"ListItem","position":1,"name":"Home","item":"https:\/\/www.residence-croma.fr\/es\/"},{"@type":"ListItem","position":2,"name":"ocio y actividades","item":"https:\/\/www.residence-croma.fr\/es\/585-2\/"},{"@type":"ListItem","position":3,"name":"PISCINAS CLIMATIZADAS"}]},{"@type":"WebSite","@id":"https:\/\/www.residence-croma.fr\/es\/#website","url":"https:\/\/www.residence-croma.fr\/es\/","name":"Residence Croma","description":"","potentialAction":[{"@type":"SearchAction","target":{"@type":"EntryPoint","urlTemplate":"https:\/\/www.residence-croma.fr\/es\/?s={search_term_string}"},"query-input":{"@type":"PropertyValueSpecification","valueRequired":true,"valueName":"search_term_string"}}],"inLanguage":"es"}]}},"acf":[],"_links":{"self":[{"href":"https:\/\/www.residence-croma.fr\/es\/wp-json\/wp\/v2\/pages\/583","targetHints":{"allow":["GET"]}}],"collection":[{"href":"https:\/\/www.residence-croma.fr\/es\/wp-json\/wp\/v2\/pages"}],"about":[{"href":"https:\/\/www.residence-croma.fr\/es\/wp-json\/wp\/v2\/types\/page"}],"author":[{"embeddable":true,"href":"https:\/\/www.residence-croma.fr\/es\/wp-json\/wp\/v2\/users\/375"}],"replies":[{"embeddable":true,"href":"https:\/\/www.residence-croma.fr\/es\/wp-json\/wp\/v2\/comments?post=583"}],"version-history":[{"count":0,"href":"https:\/\/www.residence-croma.fr\/es\/wp-json\/wp\/v2\/pages\/583\/revisions"}],"up":[{"embeddable":true,"href":"https:\/\/www.residence-croma.fr\/es\/wp-json\/wp\/v2\/pages\/585"}],"wp:attachment":[{"href":"https:\/\/www.residence-croma.fr\/es\/wp-json\/wp\/v2\/media?parent=583"}],"curies":[{"name":"wp","href":"https:\/\/api.w.org\/{rel}","templated":true}]}}