{"id":582,"date":"2026-02-01T15:00:15","date_gmt":"2026-02-01T15:00:15","guid":{"rendered":"https:\/\/www.residence-croma.fr\/?page_id=582"},"modified":"2026-02-01T15:00:15","modified_gmt":"2026-02-01T15:00:15","slug":"lavanderia-autoservicio","status":"publish","type":"page","link":"https:\/\/www.residence-croma.fr\/es\/nuestros-servicios\/lavanderia-autoservicio\/","title":{"rendered":"Lavander\u00eda autoservicio"},"content":{"rendered":"<h3 id=\"tw-target-text\" class=\"tw-data-text tw-text-large tw-ta\" dir=\"ltr\" role=\"text\" data-placeholder=\"Traduction\" data-ved=\"2ahUKEwjyr9Gm-LeSAxVcVKQEHdhBIYoQ3ewLegQIDBAV\" aria-label=\"Texte traduit\u00a0: Lavadoras de autoservicio:\n\n\u00bfNecesitas lavar la ropa durante tu estancia?\nLa residencia ofrece una moderna y pr\u00e1ctica lavander\u00eda compartida. Encontrar\u00e1s lavadoras y secadoras de autoservicio, accesibles en cualquier momento para tu comodidad. Tambi\u00e9n hay un dispensador de detergente disponible en el alojamiento, lo que te facilitar\u00e1 las cosas si no has tra\u00eddo tu propio detergente.\n\n\u00a1Viaja ligero y disfruta de una colada limpia y fresca f\u00e1cilmente!\"><span class=\"Y2IQFc\" lang=\"es\">Lavadoras de autoservicio:<\/span><\/h3>\n<h3 class=\"tw-data-text tw-text-large tw-ta\" dir=\"ltr\" role=\"text\" data-placeholder=\"Traduction\" data-ved=\"2ahUKEwjyr9Gm-LeSAxVcVKQEHdhBIYoQ3ewLegQIDBAV\" aria-label=\"Texte traduit\u00a0: Lavadoras de autoservicio:\n\n\u00bfNecesitas lavar la ropa durante tu estancia?\nLa residencia ofrece una moderna y pr\u00e1ctica lavander\u00eda compartida. Encontrar\u00e1s lavadoras y secadoras de autoservicio, accesibles en cualquier momento para tu comodidad. Tambi\u00e9n hay un dispensador de detergente disponible en el alojamiento, lo que te facilitar\u00e1 las cosas si no has tra\u00eddo tu propio detergente.\n\n\u00a1Viaja ligero y disfruta de una colada limpia y fresca f\u00e1cilmente!\"><span class=\"Y2IQFc\" lang=\"es\">\u00bfNecesitas lavar la ropa durante tu estancia? <\/span><\/h3>\n<h3 class=\"tw-data-text tw-text-large tw-ta\" dir=\"ltr\" role=\"text\" data-placeholder=\"Traduction\" data-ved=\"2ahUKEwjyr9Gm-LeSAxVcVKQEHdhBIYoQ3ewLegQIDBAV\" aria-label=\"Texte traduit\u00a0: Lavadoras de autoservicio:\n\n\u00bfNecesitas lavar la ropa durante tu estancia?\nLa residencia ofrece una moderna y pr\u00e1ctica lavander\u00eda compartida. Encontrar\u00e1s lavadoras y secadoras de autoservicio, accesibles en cualquier momento para tu comodidad. Tambi\u00e9n hay un dispensador de detergente disponible en el alojamiento, lo que te facilitar\u00e1 las cosas si no has tra\u00eddo tu propio detergente.\n\n\u00a1Viaja ligero y disfruta de una colada limpia y fresca f\u00e1cilmente!\"><span class=\"Y2IQFc\" lang=\"es\">La residencia ofrece una moderna y pr\u00e1ctica lavander\u00eda compartida. <\/span><\/h3>\n<h3 class=\"tw-data-text tw-text-large tw-ta\" dir=\"ltr\" role=\"text\" data-placeholder=\"Traduction\" data-ved=\"2ahUKEwjyr9Gm-LeSAxVcVKQEHdhBIYoQ3ewLegQIDBAV\" aria-label=\"Texte traduit\u00a0: Lavadoras de autoservicio:\n\n\u00bfNecesitas lavar la ropa durante tu estancia?\nLa residencia ofrece una moderna y pr\u00e1ctica lavander\u00eda compartida. Encontrar\u00e1s lavadoras y secadoras de autoservicio, accesibles en cualquier momento para tu comodidad. Tambi\u00e9n hay un dispensador de detergente disponible en el alojamiento, lo que te facilitar\u00e1 las cosas si no has tra\u00eddo tu propio detergente.\n\n\u00a1Viaja ligero y disfruta de una colada limpia y fresca f\u00e1cilmente!\"><span class=\"Y2IQFc\" lang=\"es\">Encontrar\u00e1s lavadoras y secadoras de autoservicio, accesibles en cualquier momento para tu comodidad. Tambi\u00e9n hay un dispensador de detergente disponible en el alojamiento, lo que te facilitar\u00e1 las cosas si no has tra\u00eddo tu propio detergente.<\/span><\/h3>\n<h3 class=\"tw-data-text tw-text-large tw-ta\" dir=\"ltr\" role=\"text\" data-placeholder=\"Traduction\" data-ved=\"2ahUKEwjyr9Gm-LeSAxVcVKQEHdhBIYoQ3ewLegQIDBAV\" aria-label=\"Texte traduit\u00a0: Lavadoras de autoservicio:\n\n\u00bfNecesitas lavar la ropa durante tu estancia?\nLa residencia ofrece una moderna y pr\u00e1ctica lavander\u00eda compartida. Encontrar\u00e1s lavadoras y secadoras de autoservicio, accesibles en cualquier momento para tu comodidad. Tambi\u00e9n hay un dispensador de detergente disponible en el alojamiento, lo que te facilitar\u00e1 las cosas si no has tra\u00eddo tu propio detergente.\n\n\u00a1Viaja ligero y disfruta de una colada limpia y fresca f\u00e1cilmente!\"><span class=\"Y2IQFc\" lang=\"es\"> \u00a1Viaja ligero y disfruta de una colada limpia y fresca f\u00e1cilmente!<\/span><\/h3>\n","protected":false},"excerpt":{"rendered":"<p>Lavadoras de autoservicio: \u00bfNecesitas lavar la ropa durante tu estancia? La residencia ofrece una moderna y pr\u00e1ctica lavander\u00eda compartida. Encontrar\u00e1s lavadoras y secadoras de autoservicio, accesibles en cualquier momento para tu comodidad. Tambi\u00e9n hay un dispensador de detergente disponible en el alojamiento, lo que te facilitar\u00e1 las cosas si no has tra\u00eddo tu propio detergente. [&hellip;]<\/p>\n","protected":false},"author":375,"featured_media":289,"parent":576,"menu_order":350,"comment_status":"closed","ping_status":"closed","template":"template-default-3.php","meta":{"footnotes":""},"class_list":["post-582","page","type-page","status-publish","has-post-thumbnail","hentry"],"yoast_head":"<!-- This site is optimized with the Yoast SEO plugin v26.9 - https:\/\/yoast.com\/product\/yoast-seo-wordpress\/ -->\n<title>Lavander\u00eda autoservicio - Residence Croma<\/title>\n<meta name=\"description\" content=\"Lavadoras de autoservicio: \u00bfNecesitas lavar la ropa durante tu estancia? La residencia ofrece una moderna y pr\u00e1ctica lavander\u00eda compartida. Encontrar\u00e1s\" \/>\n<meta name=\"robots\" content=\"index, follow, max-snippet:-1, max-image-preview:large, max-video-preview:-1\" \/>\n<link rel=\"canonical\" href=\"https:\/\/www.residence-croma.fr\/es\/nuestros-servicios\/lavanderia-autoservicio\/\" \/>\n<meta property=\"og:locale\" content=\"es_ES\" \/>\n<meta property=\"og:type\" content=\"article\" \/>\n<meta property=\"og:title\" content=\"Lavander\u00eda autoservicio - Residence Croma\" \/>\n<meta property=\"og:description\" content=\"Lavadoras de autoservicio: \u00bfNecesitas lavar la ropa durante tu estancia? La residencia ofrece una moderna y pr\u00e1ctica lavander\u00eda compartida. Encontrar\u00e1s\" \/>\n<meta property=\"og:url\" content=\"https:\/\/www.residence-croma.fr\/es\/nuestros-servicios\/lavanderia-autoservicio\/\" \/>\n<meta property=\"og:site_name\" content=\"Residence Croma\" \/>\n<meta property=\"og:image\" content=\"https:\/\/www.residence-croma.fr\/wp-content\/uploads\/sites\/366\/2022\/03\/fb_sm_instagram_2780162925140287126_6167480098-02_pic.jpg\" \/>\n\t<meta property=\"og:image:width\" content=\"1080\" \/>\n\t<meta property=\"og:image:height\" content=\"810\" \/>\n\t<meta property=\"og:image:type\" content=\"image\/jpeg\" \/>\n<meta name=\"twitter:card\" content=\"summary_large_image\" \/>\n<script type=\"application\/ld+json\" class=\"yoast-schema-graph\">{\"@context\":\"https:\/\/schema.org\",\"@graph\":[{\"@type\":\"WebPage\",\"@id\":\"https:\/\/www.residence-croma.fr\/es\/nuestros-servicios\/lavanderia-autoservicio\/\",\"url\":\"https:\/\/www.residence-croma.fr\/es\/nuestros-servicios\/lavanderia-autoservicio\/\",\"name\":\"Lavander\u00eda autoservicio - Residence Croma\",\"isPartOf\":{\"@id\":\"https:\/\/www.residence-croma.fr\/es\/#website\"},\"primaryImageOfPage\":{\"@id\":\"https:\/\/www.residence-croma.fr\/es\/nuestros-servicios\/lavanderia-autoservicio\/#primaryimage\"},\"image\":{\"@id\":\"https:\/\/www.residence-croma.fr\/es\/nuestros-servicios\/lavanderia-autoservicio\/#primaryimage\"},\"thumbnailUrl\":\"https:\/\/www.residence-croma.fr\/wp-content\/uploads\/sites\/366\/2022\/03\/fb_sm_instagram_2780162925140287126_6167480098-02_pic.jpg\",\"datePublished\":\"2026-02-01T15:00:15+00:00\",\"description\":\"Lavadoras de autoservicio: \u00bfNecesitas lavar la ropa durante tu estancia? La residencia ofrece una moderna y pr\u00e1ctica lavander\u00eda compartida. Encontrar\u00e1s\",\"breadcrumb\":{\"@id\":\"https:\/\/www.residence-croma.fr\/es\/nuestros-servicios\/lavanderia-autoservicio\/#breadcrumb\"},\"inLanguage\":\"es\",\"potentialAction\":[{\"@type\":\"ReadAction\",\"target\":[\"https:\/\/www.residence-croma.fr\/es\/nuestros-servicios\/lavanderia-autoservicio\/\"]}]},{\"@type\":\"ImageObject\",\"inLanguage\":\"es\",\"@id\":\"https:\/\/www.residence-croma.fr\/es\/nuestros-servicios\/lavanderia-autoservicio\/#primaryimage\",\"url\":\"https:\/\/www.residence-croma.fr\/wp-content\/uploads\/sites\/366\/2022\/03\/fb_sm_instagram_2780162925140287126_6167480098-02_pic.jpg\",\"contentUrl\":\"https:\/\/www.residence-croma.fr\/wp-content\/uploads\/sites\/366\/2022\/03\/fb_sm_instagram_2780162925140287126_6167480098-02_pic.jpg\",\"width\":1080,\"height\":810},{\"@type\":\"BreadcrumbList\",\"@id\":\"https:\/\/www.residence-croma.fr\/es\/nuestros-servicios\/lavanderia-autoservicio\/#breadcrumb\",\"itemListElement\":[{\"@type\":\"ListItem\",\"position\":1,\"name\":\"Home\",\"item\":\"https:\/\/www.residence-croma.fr\/es\/\"},{\"@type\":\"ListItem\",\"position\":2,\"name\":\"nuestros servicios\",\"item\":\"https:\/\/www.residence-croma.fr\/es\/nuestros-servicios\/\"},{\"@type\":\"ListItem\",\"position\":3,\"name\":\"Lavander\u00eda autoservicio\"}]},{\"@type\":\"WebSite\",\"@id\":\"https:\/\/www.residence-croma.fr\/es\/#website\",\"url\":\"https:\/\/www.residence-croma.fr\/es\/\",\"name\":\"Residence Croma\",\"description\":\"\",\"potentialAction\":[{\"@type\":\"SearchAction\",\"target\":{\"@type\":\"EntryPoint\",\"urlTemplate\":\"https:\/\/www.residence-croma.fr\/es\/?s={search_term_string}\"},\"query-input\":{\"@type\":\"PropertyValueSpecification\",\"valueRequired\":true,\"valueName\":\"search_term_string\"}}],\"inLanguage\":\"es\"}]}<\/script>\n<!-- \/ Yoast SEO plugin. -->","yoast_head_json":{"title":"Lavander\u00eda autoservicio - Residence Croma","description":"Lavadoras de autoservicio: \u00bfNecesitas lavar la ropa durante tu estancia? La residencia ofrece una moderna y pr\u00e1ctica lavander\u00eda compartida. Encontrar\u00e1s","robots":{"index":"index","follow":"follow","max-snippet":"max-snippet:-1","max-image-preview":"max-image-preview:large","max-video-preview":"max-video-preview:-1"},"canonical":"https:\/\/www.residence-croma.fr\/es\/nuestros-servicios\/lavanderia-autoservicio\/","og_locale":"es_ES","og_type":"article","og_title":"Lavander\u00eda autoservicio - Residence Croma","og_description":"Lavadoras de autoservicio: \u00bfNecesitas lavar la ropa durante tu estancia? La residencia ofrece una moderna y pr\u00e1ctica lavander\u00eda compartida. Encontrar\u00e1s","og_url":"https:\/\/www.residence-croma.fr\/es\/nuestros-servicios\/lavanderia-autoservicio\/","og_site_name":"Residence Croma","og_image":[{"width":1080,"height":810,"url":"https:\/\/www.residence-croma.fr\/wp-content\/uploads\/sites\/366\/2022\/03\/fb_sm_instagram_2780162925140287126_6167480098-02_pic.jpg","type":"image\/jpeg"}],"twitter_card":"summary_large_image","schema":{"@context":"https:\/\/schema.org","@graph":[{"@type":"WebPage","@id":"https:\/\/www.residence-croma.fr\/es\/nuestros-servicios\/lavanderia-autoservicio\/","url":"https:\/\/www.residence-croma.fr\/es\/nuestros-servicios\/lavanderia-autoservicio\/","name":"Lavander\u00eda autoservicio - Residence Croma","isPartOf":{"@id":"https:\/\/www.residence-croma.fr\/es\/#website"},"primaryImageOfPage":{"@id":"https:\/\/www.residence-croma.fr\/es\/nuestros-servicios\/lavanderia-autoservicio\/#primaryimage"},"image":{"@id":"https:\/\/www.residence-croma.fr\/es\/nuestros-servicios\/lavanderia-autoservicio\/#primaryimage"},"thumbnailUrl":"https:\/\/www.residence-croma.fr\/wp-content\/uploads\/sites\/366\/2022\/03\/fb_sm_instagram_2780162925140287126_6167480098-02_pic.jpg","datePublished":"2026-02-01T15:00:15+00:00","description":"Lavadoras de autoservicio: \u00bfNecesitas lavar la ropa durante tu estancia? La residencia ofrece una moderna y pr\u00e1ctica lavander\u00eda compartida. Encontrar\u00e1s","breadcrumb":{"@id":"https:\/\/www.residence-croma.fr\/es\/nuestros-servicios\/lavanderia-autoservicio\/#breadcrumb"},"inLanguage":"es","potentialAction":[{"@type":"ReadAction","target":["https:\/\/www.residence-croma.fr\/es\/nuestros-servicios\/lavanderia-autoservicio\/"]}]},{"@type":"ImageObject","inLanguage":"es","@id":"https:\/\/www.residence-croma.fr\/es\/nuestros-servicios\/lavanderia-autoservicio\/#primaryimage","url":"https:\/\/www.residence-croma.fr\/wp-content\/uploads\/sites\/366\/2022\/03\/fb_sm_instagram_2780162925140287126_6167480098-02_pic.jpg","contentUrl":"https:\/\/www.residence-croma.fr\/wp-content\/uploads\/sites\/366\/2022\/03\/fb_sm_instagram_2780162925140287126_6167480098-02_pic.jpg","width":1080,"height":810},{"@type":"BreadcrumbList","@id":"https:\/\/www.residence-croma.fr\/es\/nuestros-servicios\/lavanderia-autoservicio\/#breadcrumb","itemListElement":[{"@type":"ListItem","position":1,"name":"Home","item":"https:\/\/www.residence-croma.fr\/es\/"},{"@type":"ListItem","position":2,"name":"nuestros servicios","item":"https:\/\/www.residence-croma.fr\/es\/nuestros-servicios\/"},{"@type":"ListItem","position":3,"name":"Lavander\u00eda autoservicio"}]},{"@type":"WebSite","@id":"https:\/\/www.residence-croma.fr\/es\/#website","url":"https:\/\/www.residence-croma.fr\/es\/","name":"Residence Croma","description":"","potentialAction":[{"@type":"SearchAction","target":{"@type":"EntryPoint","urlTemplate":"https:\/\/www.residence-croma.fr\/es\/?s={search_term_string}"},"query-input":{"@type":"PropertyValueSpecification","valueRequired":true,"valueName":"search_term_string"}}],"inLanguage":"es"}]}},"acf":[],"_links":{"self":[{"href":"https:\/\/www.residence-croma.fr\/es\/wp-json\/wp\/v2\/pages\/582","targetHints":{"allow":["GET"]}}],"collection":[{"href":"https:\/\/www.residence-croma.fr\/es\/wp-json\/wp\/v2\/pages"}],"about":[{"href":"https:\/\/www.residence-croma.fr\/es\/wp-json\/wp\/v2\/types\/page"}],"author":[{"embeddable":true,"href":"https:\/\/www.residence-croma.fr\/es\/wp-json\/wp\/v2\/users\/375"}],"replies":[{"embeddable":true,"href":"https:\/\/www.residence-croma.fr\/es\/wp-json\/wp\/v2\/comments?post=582"}],"version-history":[{"count":0,"href":"https:\/\/www.residence-croma.fr\/es\/wp-json\/wp\/v2\/pages\/582\/revisions"}],"up":[{"embeddable":true,"href":"https:\/\/www.residence-croma.fr\/es\/wp-json\/wp\/v2\/pages\/576"}],"wp:featuredmedia":[{"embeddable":true,"href":"https:\/\/www.residence-croma.fr\/es\/wp-json\/wp\/v2\/media\/289"}],"wp:attachment":[{"href":"https:\/\/www.residence-croma.fr\/es\/wp-json\/wp\/v2\/media?parent=582"}],"curies":[{"name":"wp","href":"https:\/\/api.w.org\/{rel}","templated":true}]}}