{"id":581,"date":"2026-02-01T14:58:00","date_gmt":"2026-02-01T14:58:00","guid":{"rendered":"https:\/\/www.residence-croma.fr\/?page_id=581"},"modified":"2026-02-01T14:58:00","modified_gmt":"2026-02-01T14:58:00","slug":"wi-fi","status":"publish","type":"page","link":"https:\/\/www.residence-croma.fr\/es\/nuestros-servicios\/wi-fi\/","title":{"rendered":"WI-FI"},"content":{"rendered":"<div id=\"tw-target-text-container\" class=\"tw-ta-container tw-nfl\" role=\"text\">\n<h3 id=\"tw-target-text\" class=\"tw-data-text tw-text-large tw-ta\" dir=\"ltr\" role=\"text\" data-placeholder=\"Traduction\" data-ved=\"2ahUKEwjyr9Gm-LeSAxVcVKQEHdhBIYoQ3ewLegQIDBAV\" aria-label=\"Texte traduit\u00a0: Tu vida profesional o familiar siempre a un clic:\n\nMantente conectado en todo momento gracias al wifi gratuito disponible en toda la residencia. Tanto si te alojas en un estudio como en un apartamento, disfruta de conexi\u00f3n de alta velocidad tanto en tu alojamiento como en las zonas comunes.\n\nTanto si est\u00e1s de vacaciones en un spa como en un viaje de negocios, sigue trabajando o ponte al d\u00eda con tus series favoritas. En vacaciones, planifica f\u00e1cilmente tus salidas y organiza tus excursiones tur\u00edsticas directamente desde tu smartphone o tablet.\n\nComodidad, practicidad y conectividad: todo est\u00e1 dise\u00f1ado para que tu estancia sea a\u00fan m\u00e1s agradable.\"><span class=\"Y2IQFc\" lang=\"es\">Tu vida profesional o familiar siempre a un clic: <\/span><\/h3>\n<h3 class=\"tw-data-text tw-text-large tw-ta\" dir=\"ltr\" role=\"text\" data-placeholder=\"Traduction\" data-ved=\"2ahUKEwjyr9Gm-LeSAxVcVKQEHdhBIYoQ3ewLegQIDBAV\" aria-label=\"Texte traduit\u00a0: Tu vida profesional o familiar siempre a un clic:\n\nMantente conectado en todo momento gracias al wifi gratuito disponible en toda la residencia. Tanto si te alojas en un estudio como en un apartamento, disfruta de conexi\u00f3n de alta velocidad tanto en tu alojamiento como en las zonas comunes.\n\nTanto si est\u00e1s de vacaciones en un spa como en un viaje de negocios, sigue trabajando o ponte al d\u00eda con tus series favoritas. En vacaciones, planifica f\u00e1cilmente tus salidas y organiza tus excursiones tur\u00edsticas directamente desde tu smartphone o tablet.\n\nComodidad, practicidad y conectividad: todo est\u00e1 dise\u00f1ado para que tu estancia sea a\u00fan m\u00e1s agradable.\"><span class=\"Y2IQFc\" lang=\"es\">Mantente conectado en todo momento gracias al wifi gratuito disponible en toda la residencia.<\/span><\/h3>\n<h3 class=\"tw-data-text tw-text-large tw-ta\" dir=\"ltr\" role=\"text\" data-placeholder=\"Traduction\" data-ved=\"2ahUKEwjyr9Gm-LeSAxVcVKQEHdhBIYoQ3ewLegQIDBAV\" aria-label=\"Texte traduit\u00a0: Tu vida profesional o familiar siempre a un clic:\n\nMantente conectado en todo momento gracias al wifi gratuito disponible en toda la residencia. Tanto si te alojas en un estudio como en un apartamento, disfruta de conexi\u00f3n de alta velocidad tanto en tu alojamiento como en las zonas comunes.\n\nTanto si est\u00e1s de vacaciones en un spa como en un viaje de negocios, sigue trabajando o ponte al d\u00eda con tus series favoritas. En vacaciones, planifica f\u00e1cilmente tus salidas y organiza tus excursiones tur\u00edsticas directamente desde tu smartphone o tablet.\n\nComodidad, practicidad y conectividad: todo est\u00e1 dise\u00f1ado para que tu estancia sea a\u00fan m\u00e1s agradable.\"><span class=\"Y2IQFc\" lang=\"es\"> Tanto si te alojas en un estudio como en un apartamento, disfruta de conexi\u00f3n de alta velocidad tanto en tu alojamiento como en las zonas comunes. Tanto si est\u00e1s de vacaciones en un spa como en un viaje de negocios, sigue trabajando o ponte al d\u00eda con tus series favoritas. <\/span><\/h3>\n<h3 class=\"tw-data-text tw-text-large tw-ta\" dir=\"ltr\" role=\"text\" data-placeholder=\"Traduction\" data-ved=\"2ahUKEwjyr9Gm-LeSAxVcVKQEHdhBIYoQ3ewLegQIDBAV\" aria-label=\"Texte traduit\u00a0: Tu vida profesional o familiar siempre a un clic:\n\nMantente conectado en todo momento gracias al wifi gratuito disponible en toda la residencia. Tanto si te alojas en un estudio como en un apartamento, disfruta de conexi\u00f3n de alta velocidad tanto en tu alojamiento como en las zonas comunes.\n\nTanto si est\u00e1s de vacaciones en un spa como en un viaje de negocios, sigue trabajando o ponte al d\u00eda con tus series favoritas. En vacaciones, planifica f\u00e1cilmente tus salidas y organiza tus excursiones tur\u00edsticas directamente desde tu smartphone o tablet.\n\nComodidad, practicidad y conectividad: todo est\u00e1 dise\u00f1ado para que tu estancia sea a\u00fan m\u00e1s agradable.\"><span class=\"Y2IQFc\" lang=\"es\">En vacaciones, planifica f\u00e1cilmente tus salidas y organiza tus excursiones tur\u00edsticas directamente desde tu smartphone o tablet. <\/span><\/h3>\n<h3 class=\"tw-data-text tw-text-large tw-ta\" dir=\"ltr\" role=\"text\" data-placeholder=\"Traduction\" data-ved=\"2ahUKEwjyr9Gm-LeSAxVcVKQEHdhBIYoQ3ewLegQIDBAV\" aria-label=\"Texte traduit\u00a0: Tu vida profesional o familiar siempre a un clic:\n\nMantente conectado en todo momento gracias al wifi gratuito disponible en toda la residencia. Tanto si te alojas en un estudio como en un apartamento, disfruta de conexi\u00f3n de alta velocidad tanto en tu alojamiento como en las zonas comunes.\n\nTanto si est\u00e1s de vacaciones en un spa como en un viaje de negocios, sigue trabajando o ponte al d\u00eda con tus series favoritas. En vacaciones, planifica f\u00e1cilmente tus salidas y organiza tus excursiones tur\u00edsticas directamente desde tu smartphone o tablet.\n\nComodidad, practicidad y conectividad: todo est\u00e1 dise\u00f1ado para que tu estancia sea a\u00fan m\u00e1s agradable.\"><span class=\"Y2IQFc\" lang=\"es\">Comodidad, practicidad y conectividad: todo est\u00e1 dise\u00f1ado para que tu estancia sea a\u00fan m\u00e1s agradable.<\/span><\/h3>\n<\/div>\n<div id=\"tw-target-rmn-container\" class=\"tw-target-rmn tw-ta-container tw-nfl\" role=\"text\">\n<pre id=\"tw-target-rmn\" class=\"tw-data-placeholder tw-text-small tw-ta\" dir=\"ltr\" role=\"text\" data-placeholder=\"\"><\/pre>\n<\/div>\n","protected":false},"excerpt":{"rendered":"<p>Tu vida profesional o familiar siempre a un clic: Mantente conectado en todo momento gracias al wifi gratuito disponible en toda la residencia. Tanto si te alojas en un estudio como en un apartamento, disfruta de conexi\u00f3n de alta velocidad tanto en tu alojamiento como en las zonas comunes. Tanto si est\u00e1s de vacaciones en [&hellip;]<\/p>\n","protected":false},"author":375,"featured_media":0,"parent":576,"menu_order":340,"comment_status":"closed","ping_status":"closed","template":"template-default-3.php","meta":{"footnotes":""},"class_list":["post-581","page","type-page","status-publish","hentry"],"yoast_head":"<!-- This site is optimized with the Yoast SEO plugin v26.9 - https:\/\/yoast.com\/product\/yoast-seo-wordpress\/ -->\n<title>WI-FI - Residence Croma<\/title>\n<meta name=\"description\" content=\"Tu vida profesional o familiar siempre a un clic: Mantente conectado en todo momento gracias al wifi gratuito disponible en toda la residencia. Tanto si\" \/>\n<meta name=\"robots\" content=\"index, follow, max-snippet:-1, max-image-preview:large, max-video-preview:-1\" \/>\n<link rel=\"canonical\" href=\"https:\/\/www.residence-croma.fr\/es\/nuestros-servicios\/wi-fi\/\" \/>\n<meta property=\"og:locale\" content=\"es_ES\" \/>\n<meta property=\"og:type\" content=\"article\" \/>\n<meta property=\"og:title\" content=\"WI-FI - Residence Croma\" \/>\n<meta property=\"og:description\" content=\"Tu vida profesional o familiar siempre a un clic: Mantente conectado en todo momento gracias al wifi gratuito disponible en toda la residencia. Tanto si\" \/>\n<meta property=\"og:url\" content=\"https:\/\/www.residence-croma.fr\/es\/nuestros-servicios\/wi-fi\/\" \/>\n<meta property=\"og:site_name\" content=\"Residence Croma\" \/>\n<meta name=\"twitter:card\" content=\"summary_large_image\" \/>\n<meta name=\"twitter:label1\" content=\"Tiempo de lectura\" \/>\n\t<meta name=\"twitter:data1\" content=\"1 minuto\" \/>\n<script type=\"application\/ld+json\" class=\"yoast-schema-graph\">{\"@context\":\"https:\/\/schema.org\",\"@graph\":[{\"@type\":\"WebPage\",\"@id\":\"https:\/\/www.residence-croma.fr\/es\/nuestros-servicios\/wi-fi\/\",\"url\":\"https:\/\/www.residence-croma.fr\/es\/nuestros-servicios\/wi-fi\/\",\"name\":\"WI-FI - Residence Croma\",\"isPartOf\":{\"@id\":\"https:\/\/www.residence-croma.fr\/es\/#website\"},\"datePublished\":\"2026-02-01T14:58:00+00:00\",\"description\":\"Tu vida profesional o familiar siempre a un clic: Mantente conectado en todo momento gracias al wifi gratuito disponible en toda la residencia. Tanto si\",\"breadcrumb\":{\"@id\":\"https:\/\/www.residence-croma.fr\/es\/nuestros-servicios\/wi-fi\/#breadcrumb\"},\"inLanguage\":\"es\",\"potentialAction\":[{\"@type\":\"ReadAction\",\"target\":[\"https:\/\/www.residence-croma.fr\/es\/nuestros-servicios\/wi-fi\/\"]}]},{\"@type\":\"BreadcrumbList\",\"@id\":\"https:\/\/www.residence-croma.fr\/es\/nuestros-servicios\/wi-fi\/#breadcrumb\",\"itemListElement\":[{\"@type\":\"ListItem\",\"position\":1,\"name\":\"Home\",\"item\":\"https:\/\/www.residence-croma.fr\/es\/\"},{\"@type\":\"ListItem\",\"position\":2,\"name\":\"nuestros servicios\",\"item\":\"https:\/\/www.residence-croma.fr\/es\/nuestros-servicios\/\"},{\"@type\":\"ListItem\",\"position\":3,\"name\":\"WI-FI\"}]},{\"@type\":\"WebSite\",\"@id\":\"https:\/\/www.residence-croma.fr\/es\/#website\",\"url\":\"https:\/\/www.residence-croma.fr\/es\/\",\"name\":\"Residence Croma\",\"description\":\"\",\"potentialAction\":[{\"@type\":\"SearchAction\",\"target\":{\"@type\":\"EntryPoint\",\"urlTemplate\":\"https:\/\/www.residence-croma.fr\/es\/?s={search_term_string}\"},\"query-input\":{\"@type\":\"PropertyValueSpecification\",\"valueRequired\":true,\"valueName\":\"search_term_string\"}}],\"inLanguage\":\"es\"}]}<\/script>\n<!-- \/ Yoast SEO plugin. -->","yoast_head_json":{"title":"WI-FI - Residence Croma","description":"Tu vida profesional o familiar siempre a un clic: Mantente conectado en todo momento gracias al wifi gratuito disponible en toda la residencia. Tanto si","robots":{"index":"index","follow":"follow","max-snippet":"max-snippet:-1","max-image-preview":"max-image-preview:large","max-video-preview":"max-video-preview:-1"},"canonical":"https:\/\/www.residence-croma.fr\/es\/nuestros-servicios\/wi-fi\/","og_locale":"es_ES","og_type":"article","og_title":"WI-FI - Residence Croma","og_description":"Tu vida profesional o familiar siempre a un clic: Mantente conectado en todo momento gracias al wifi gratuito disponible en toda la residencia. Tanto si","og_url":"https:\/\/www.residence-croma.fr\/es\/nuestros-servicios\/wi-fi\/","og_site_name":"Residence Croma","twitter_card":"summary_large_image","twitter_misc":{"Tiempo de lectura":"1 minuto"},"schema":{"@context":"https:\/\/schema.org","@graph":[{"@type":"WebPage","@id":"https:\/\/www.residence-croma.fr\/es\/nuestros-servicios\/wi-fi\/","url":"https:\/\/www.residence-croma.fr\/es\/nuestros-servicios\/wi-fi\/","name":"WI-FI - Residence Croma","isPartOf":{"@id":"https:\/\/www.residence-croma.fr\/es\/#website"},"datePublished":"2026-02-01T14:58:00+00:00","description":"Tu vida profesional o familiar siempre a un clic: Mantente conectado en todo momento gracias al wifi gratuito disponible en toda la residencia. Tanto si","breadcrumb":{"@id":"https:\/\/www.residence-croma.fr\/es\/nuestros-servicios\/wi-fi\/#breadcrumb"},"inLanguage":"es","potentialAction":[{"@type":"ReadAction","target":["https:\/\/www.residence-croma.fr\/es\/nuestros-servicios\/wi-fi\/"]}]},{"@type":"BreadcrumbList","@id":"https:\/\/www.residence-croma.fr\/es\/nuestros-servicios\/wi-fi\/#breadcrumb","itemListElement":[{"@type":"ListItem","position":1,"name":"Home","item":"https:\/\/www.residence-croma.fr\/es\/"},{"@type":"ListItem","position":2,"name":"nuestros servicios","item":"https:\/\/www.residence-croma.fr\/es\/nuestros-servicios\/"},{"@type":"ListItem","position":3,"name":"WI-FI"}]},{"@type":"WebSite","@id":"https:\/\/www.residence-croma.fr\/es\/#website","url":"https:\/\/www.residence-croma.fr\/es\/","name":"Residence Croma","description":"","potentialAction":[{"@type":"SearchAction","target":{"@type":"EntryPoint","urlTemplate":"https:\/\/www.residence-croma.fr\/es\/?s={search_term_string}"},"query-input":{"@type":"PropertyValueSpecification","valueRequired":true,"valueName":"search_term_string"}}],"inLanguage":"es"}]}},"acf":[],"_links":{"self":[{"href":"https:\/\/www.residence-croma.fr\/es\/wp-json\/wp\/v2\/pages\/581","targetHints":{"allow":["GET"]}}],"collection":[{"href":"https:\/\/www.residence-croma.fr\/es\/wp-json\/wp\/v2\/pages"}],"about":[{"href":"https:\/\/www.residence-croma.fr\/es\/wp-json\/wp\/v2\/types\/page"}],"author":[{"embeddable":true,"href":"https:\/\/www.residence-croma.fr\/es\/wp-json\/wp\/v2\/users\/375"}],"replies":[{"embeddable":true,"href":"https:\/\/www.residence-croma.fr\/es\/wp-json\/wp\/v2\/comments?post=581"}],"version-history":[{"count":0,"href":"https:\/\/www.residence-croma.fr\/es\/wp-json\/wp\/v2\/pages\/581\/revisions"}],"up":[{"embeddable":true,"href":"https:\/\/www.residence-croma.fr\/es\/wp-json\/wp\/v2\/pages\/576"}],"wp:attachment":[{"href":"https:\/\/www.residence-croma.fr\/es\/wp-json\/wp\/v2\/media?parent=581"}],"curies":[{"name":"wp","href":"https:\/\/api.w.org\/{rel}","templated":true}]}}