{"id":580,"date":"2026-02-01T14:56:33","date_gmt":"2026-02-01T14:56:33","guid":{"rendered":"https:\/\/www.residence-croma.fr\/?page_id=580"},"modified":"2026-02-01T14:56:33","modified_gmt":"2026-02-01T14:56:33","slug":"580-2","status":"publish","type":"page","link":"https:\/\/www.residence-croma.fr\/es\/nuestros-servicios\/580-2\/","title":{"rendered":""},"content":{"rendered":"<h3 id=\"tw-target-text\" class=\"tw-data-text tw-text-large tw-ta\" dir=\"ltr\" role=\"text\" data-placeholder=\"Traduction\" data-ved=\"2ahUKEwjyr9Gm-LeSAxVcVKQEHdhBIYoQ3ewLegQIDBAV\" aria-label=\"Texte traduit\u00a0: Aparcamiento gratuito para su veh\u00edculo\n\n\u00a1Llegue f\u00e1cilmente a la R\u00e9sidence Les Villas CROMA*** en coche!\nCada alojamiento dispone de una plaza de aparcamiento exterior gratuita junto a su apartamento. Esto le permite acceder f\u00e1cilmente a su veh\u00edculo para sus excursiones, ya sea de compras en el centro de La Roche-Posay o explorando los tesoros de la regi\u00f3n.\n\nNuestro aparcamiento tambi\u00e9n est\u00e1 equipado con estaciones de carga para veh\u00edculos el\u00e9ctricos y plazas reservadas para personas con movilidad reducida (PMR), lo que garantiza la comodidad de todos nuestros hu\u00e9spedes.\"><span class=\"Y2IQFc\" lang=\"es\">Aparcamiento gratuito para su veh\u00edculo \u00a1Llegue f\u00e1cilmente a la R\u00e9sidence Les Villas CROMA*** en coche! <\/span><\/h3>\n<h3 class=\"tw-data-text tw-text-large tw-ta\" dir=\"ltr\" role=\"text\" data-placeholder=\"Traduction\" data-ved=\"2ahUKEwjyr9Gm-LeSAxVcVKQEHdhBIYoQ3ewLegQIDBAV\" aria-label=\"Texte traduit\u00a0: Aparcamiento gratuito para su veh\u00edculo\n\n\u00a1Llegue f\u00e1cilmente a la R\u00e9sidence Les Villas CROMA*** en coche!\nCada alojamiento dispone de una plaza de aparcamiento exterior gratuita junto a su apartamento. Esto le permite acceder f\u00e1cilmente a su veh\u00edculo para sus excursiones, ya sea de compras en el centro de La Roche-Posay o explorando los tesoros de la regi\u00f3n.\n\nNuestro aparcamiento tambi\u00e9n est\u00e1 equipado con estaciones de carga para veh\u00edculos el\u00e9ctricos y plazas reservadas para personas con movilidad reducida (PMR), lo que garantiza la comodidad de todos nuestros hu\u00e9spedes.\"><span class=\"Y2IQFc\" lang=\"es\">Cada alojamiento dispone de una plaza de aparcamiento exterior gratuita junto a su apartamento. <\/span><\/h3>\n<h3 class=\"tw-data-text tw-text-large tw-ta\" dir=\"ltr\" role=\"text\" data-placeholder=\"Traduction\" data-ved=\"2ahUKEwjyr9Gm-LeSAxVcVKQEHdhBIYoQ3ewLegQIDBAV\" aria-label=\"Texte traduit\u00a0: Aparcamiento gratuito para su veh\u00edculo\n\n\u00a1Llegue f\u00e1cilmente a la R\u00e9sidence Les Villas CROMA*** en coche!\nCada alojamiento dispone de una plaza de aparcamiento exterior gratuita junto a su apartamento. Esto le permite acceder f\u00e1cilmente a su veh\u00edculo para sus excursiones, ya sea de compras en el centro de La Roche-Posay o explorando los tesoros de la regi\u00f3n.\n\nNuestro aparcamiento tambi\u00e9n est\u00e1 equipado con estaciones de carga para veh\u00edculos el\u00e9ctricos y plazas reservadas para personas con movilidad reducida (PMR), lo que garantiza la comodidad de todos nuestros hu\u00e9spedes.\"><span class=\"Y2IQFc\" lang=\"es\">Esto le permite acceder f\u00e1cilmente a su veh\u00edculo para sus excursiones, ya sea de compras en el centro de La Roche-Posay o explorando los tesoros de la regi\u00f3n. <\/span><\/h3>\n<h3 class=\"tw-data-text tw-text-large tw-ta\" dir=\"ltr\" role=\"text\" data-placeholder=\"Traduction\" data-ved=\"2ahUKEwjyr9Gm-LeSAxVcVKQEHdhBIYoQ3ewLegQIDBAV\" aria-label=\"Texte traduit\u00a0: Aparcamiento gratuito para su veh\u00edculo\n\n\u00a1Llegue f\u00e1cilmente a la R\u00e9sidence Les Villas CROMA*** en coche!\nCada alojamiento dispone de una plaza de aparcamiento exterior gratuita junto a su apartamento. Esto le permite acceder f\u00e1cilmente a su veh\u00edculo para sus excursiones, ya sea de compras en el centro de La Roche-Posay o explorando los tesoros de la regi\u00f3n.\n\nNuestro aparcamiento tambi\u00e9n est\u00e1 equipado con estaciones de carga para veh\u00edculos el\u00e9ctricos y plazas reservadas para personas con movilidad reducida (PMR), lo que garantiza la comodidad de todos nuestros hu\u00e9spedes.\"><span class=\"Y2IQFc\" lang=\"es\">Nuestro aparcamiento tambi\u00e9n est\u00e1 equipado con estaciones de carga para veh\u00edculos el\u00e9ctricos y plazas reservadas para personas con movilidad reducida (PMR), lo que garantiza la comodidad de todos nuestros hu\u00e9spedes.<\/span><\/h3>\n","protected":false},"excerpt":{"rendered":"<p>Aparcamiento gratuito para su veh\u00edculo \u00a1Llegue f\u00e1cilmente a la R\u00e9sidence Les Villas CROMA*** en coche! Cada alojamiento dispone de una plaza de aparcamiento exterior gratuita junto a su apartamento. Esto le permite acceder f\u00e1cilmente a su veh\u00edculo para sus excursiones, ya sea de compras en el centro de La Roche-Posay o explorando los tesoros de [&hellip;]<\/p>\n","protected":false},"author":375,"featured_media":0,"parent":576,"menu_order":330,"comment_status":"closed","ping_status":"closed","template":"template-default-3.php","meta":{"footnotes":""},"class_list":["post-580","page","type-page","status-publish","hentry"],"yoast_head":"<!-- This site is optimized with the Yoast SEO plugin v26.9 - https:\/\/yoast.com\/product\/yoast-seo-wordpress\/ -->\n<title>- Residence Croma<\/title>\n<meta name=\"description\" content=\"Aparcamiento gratuito para su veh\u00edculo \u00a1Llegue f\u00e1cilmente a la R\u00e9sidence Les Villas CROMA*** en coche! Cada alojamiento dispone de una plaza de\" \/>\n<meta name=\"robots\" content=\"index, follow, max-snippet:-1, max-image-preview:large, max-video-preview:-1\" \/>\n<link rel=\"canonical\" href=\"https:\/\/www.residence-croma.fr\/es\/nuestros-servicios\/580-2\/\" \/>\n<meta property=\"og:locale\" content=\"es_ES\" \/>\n<meta property=\"og:type\" content=\"article\" \/>\n<meta property=\"og:title\" content=\"- Residence Croma\" \/>\n<meta property=\"og:description\" content=\"Aparcamiento gratuito para su veh\u00edculo \u00a1Llegue f\u00e1cilmente a la R\u00e9sidence Les Villas CROMA*** en coche! Cada alojamiento dispone de una plaza de\" \/>\n<meta property=\"og:url\" content=\"https:\/\/www.residence-croma.fr\/es\/nuestros-servicios\/580-2\/\" \/>\n<meta property=\"og:site_name\" content=\"Residence Croma\" \/>\n<meta name=\"twitter:card\" content=\"summary_large_image\" \/>\n<script type=\"application\/ld+json\" class=\"yoast-schema-graph\">{\"@context\":\"https:\/\/schema.org\",\"@graph\":[{\"@type\":\"WebPage\",\"@id\":\"https:\/\/www.residence-croma.fr\/es\/nuestros-servicios\/580-2\/\",\"url\":\"https:\/\/www.residence-croma.fr\/es\/nuestros-servicios\/580-2\/\",\"name\":\"- Residence Croma\",\"isPartOf\":{\"@id\":\"https:\/\/www.residence-croma.fr\/es\/#website\"},\"datePublished\":\"2026-02-01T14:56:33+00:00\",\"description\":\"Aparcamiento gratuito para su veh\u00edculo \u00a1Llegue f\u00e1cilmente a la R\u00e9sidence Les Villas CROMA*** en coche! Cada alojamiento dispone de una plaza de\",\"breadcrumb\":{\"@id\":\"https:\/\/www.residence-croma.fr\/es\/nuestros-servicios\/580-2\/#breadcrumb\"},\"inLanguage\":\"es\",\"potentialAction\":[{\"@type\":\"ReadAction\",\"target\":[\"https:\/\/www.residence-croma.fr\/es\/nuestros-servicios\/580-2\/\"]}]},{\"@type\":\"BreadcrumbList\",\"@id\":\"https:\/\/www.residence-croma.fr\/es\/nuestros-servicios\/580-2\/#breadcrumb\",\"itemListElement\":[{\"@type\":\"ListItem\",\"position\":1,\"name\":\"Home\",\"item\":\"https:\/\/www.residence-croma.fr\/es\/\"},{\"@type\":\"ListItem\",\"position\":2,\"name\":\"nuestros servicios\",\"item\":\"https:\/\/www.residence-croma.fr\/es\/nuestros-servicios\/\"}]},{\"@type\":\"WebSite\",\"@id\":\"https:\/\/www.residence-croma.fr\/es\/#website\",\"url\":\"https:\/\/www.residence-croma.fr\/es\/\",\"name\":\"Residence Croma\",\"description\":\"\",\"potentialAction\":[{\"@type\":\"SearchAction\",\"target\":{\"@type\":\"EntryPoint\",\"urlTemplate\":\"https:\/\/www.residence-croma.fr\/es\/?s={search_term_string}\"},\"query-input\":{\"@type\":\"PropertyValueSpecification\",\"valueRequired\":true,\"valueName\":\"search_term_string\"}}],\"inLanguage\":\"es\"}]}<\/script>\n<!-- \/ Yoast SEO plugin. -->","yoast_head_json":{"title":"- Residence Croma","description":"Aparcamiento gratuito para su veh\u00edculo \u00a1Llegue f\u00e1cilmente a la R\u00e9sidence Les Villas CROMA*** en coche! Cada alojamiento dispone de una plaza de","robots":{"index":"index","follow":"follow","max-snippet":"max-snippet:-1","max-image-preview":"max-image-preview:large","max-video-preview":"max-video-preview:-1"},"canonical":"https:\/\/www.residence-croma.fr\/es\/nuestros-servicios\/580-2\/","og_locale":"es_ES","og_type":"article","og_title":"- Residence Croma","og_description":"Aparcamiento gratuito para su veh\u00edculo \u00a1Llegue f\u00e1cilmente a la R\u00e9sidence Les Villas CROMA*** en coche! Cada alojamiento dispone de una plaza de","og_url":"https:\/\/www.residence-croma.fr\/es\/nuestros-servicios\/580-2\/","og_site_name":"Residence Croma","twitter_card":"summary_large_image","schema":{"@context":"https:\/\/schema.org","@graph":[{"@type":"WebPage","@id":"https:\/\/www.residence-croma.fr\/es\/nuestros-servicios\/580-2\/","url":"https:\/\/www.residence-croma.fr\/es\/nuestros-servicios\/580-2\/","name":"- Residence Croma","isPartOf":{"@id":"https:\/\/www.residence-croma.fr\/es\/#website"},"datePublished":"2026-02-01T14:56:33+00:00","description":"Aparcamiento gratuito para su veh\u00edculo \u00a1Llegue f\u00e1cilmente a la R\u00e9sidence Les Villas CROMA*** en coche! Cada alojamiento dispone de una plaza de","breadcrumb":{"@id":"https:\/\/www.residence-croma.fr\/es\/nuestros-servicios\/580-2\/#breadcrumb"},"inLanguage":"es","potentialAction":[{"@type":"ReadAction","target":["https:\/\/www.residence-croma.fr\/es\/nuestros-servicios\/580-2\/"]}]},{"@type":"BreadcrumbList","@id":"https:\/\/www.residence-croma.fr\/es\/nuestros-servicios\/580-2\/#breadcrumb","itemListElement":[{"@type":"ListItem","position":1,"name":"Home","item":"https:\/\/www.residence-croma.fr\/es\/"},{"@type":"ListItem","position":2,"name":"nuestros servicios","item":"https:\/\/www.residence-croma.fr\/es\/nuestros-servicios\/"}]},{"@type":"WebSite","@id":"https:\/\/www.residence-croma.fr\/es\/#website","url":"https:\/\/www.residence-croma.fr\/es\/","name":"Residence Croma","description":"","potentialAction":[{"@type":"SearchAction","target":{"@type":"EntryPoint","urlTemplate":"https:\/\/www.residence-croma.fr\/es\/?s={search_term_string}"},"query-input":{"@type":"PropertyValueSpecification","valueRequired":true,"valueName":"search_term_string"}}],"inLanguage":"es"}]}},"acf":[],"_links":{"self":[{"href":"https:\/\/www.residence-croma.fr\/es\/wp-json\/wp\/v2\/pages\/580","targetHints":{"allow":["GET"]}}],"collection":[{"href":"https:\/\/www.residence-croma.fr\/es\/wp-json\/wp\/v2\/pages"}],"about":[{"href":"https:\/\/www.residence-croma.fr\/es\/wp-json\/wp\/v2\/types\/page"}],"author":[{"embeddable":true,"href":"https:\/\/www.residence-croma.fr\/es\/wp-json\/wp\/v2\/users\/375"}],"replies":[{"embeddable":true,"href":"https:\/\/www.residence-croma.fr\/es\/wp-json\/wp\/v2\/comments?post=580"}],"version-history":[{"count":0,"href":"https:\/\/www.residence-croma.fr\/es\/wp-json\/wp\/v2\/pages\/580\/revisions"}],"up":[{"embeddable":true,"href":"https:\/\/www.residence-croma.fr\/es\/wp-json\/wp\/v2\/pages\/576"}],"wp:attachment":[{"href":"https:\/\/www.residence-croma.fr\/es\/wp-json\/wp\/v2\/media?parent=580"}],"curies":[{"name":"wp","href":"https:\/\/api.w.org\/{rel}","templated":true}]}}