{"id":577,"date":"2026-02-01T14:53:00","date_gmt":"2026-02-01T14:53:00","guid":{"rendered":"https:\/\/www.residence-croma.fr\/?page_id=577"},"modified":"2026-02-01T14:53:00","modified_gmt":"2026-02-01T14:53:00","slug":"la-recepcion","status":"publish","type":"page","link":"https:\/\/www.residence-croma.fr\/es\/nuestros-servicios\/la-recepcion\/","title":{"rendered":"la recepci\u00f3n"},"content":{"rendered":"<h3 id=\"tw-target-text\" class=\"tw-data-text tw-text-large tw-ta\" dir=\"ltr\" role=\"text\" data-placeholder=\"Traduction\" data-ved=\"2ahUKEwjyr9Gm-LeSAxVcVKQEHdhBIYoQ3ewLegQIDBAV\" aria-label=\"Texte traduit\u00a0: Desde su llegada, nuestro equipo le recibir\u00e1 con una sonrisa y le brindar\u00e1 toda la atenci\u00f3n que merece.\n\nM\u00e1s que una simple recepci\u00f3n, es un espacio verdaderamente acogedor donde disfrutamos charlando y tom\u00e1ndonos nuestro tiempo.\n\nEn un entorno inspirado en la naturaleza, con su ambiente verde, l\u00edneas depuradas y c\u00f3modos sillones, acom\u00f3dese c\u00f3modamente y descubra la informaci\u00f3n pr\u00e1ctica disponible para que disfrute al m\u00e1ximo de su estancia.\n\nNuestro equipo multiling\u00fce (franc\u00e9s e ingl\u00e9s) est\u00e1 a su disposici\u00f3n para informarle sobre actividades, atracciones imprescindibles y los mejores lugares para comer y beber en La Roche-Posay y sus alrededores.\n\nAqu\u00ed, cada detalle est\u00e1 pensado para que se sienta como en casa. Bienvenido a nuestro hotel, bienvenido a casa.\"><span class=\"Y2IQFc\" lang=\"es\">Desde su llegada, nuestro equipo le recibir\u00e1 con una sonrisa y le brindar\u00e1 toda la atenci\u00f3n que merece. <\/span><\/h3>\n<h3 class=\"tw-data-text tw-text-large tw-ta\" dir=\"ltr\" role=\"text\" data-placeholder=\"Traduction\" data-ved=\"2ahUKEwjyr9Gm-LeSAxVcVKQEHdhBIYoQ3ewLegQIDBAV\" aria-label=\"Texte traduit\u00a0: Desde su llegada, nuestro equipo le recibir\u00e1 con una sonrisa y le brindar\u00e1 toda la atenci\u00f3n que merece.\n\nM\u00e1s que una simple recepci\u00f3n, es un espacio verdaderamente acogedor donde disfrutamos charlando y tom\u00e1ndonos nuestro tiempo.\n\nEn un entorno inspirado en la naturaleza, con su ambiente verde, l\u00edneas depuradas y c\u00f3modos sillones, acom\u00f3dese c\u00f3modamente y descubra la informaci\u00f3n pr\u00e1ctica disponible para que disfrute al m\u00e1ximo de su estancia.\n\nNuestro equipo multiling\u00fce (franc\u00e9s e ingl\u00e9s) est\u00e1 a su disposici\u00f3n para informarle sobre actividades, atracciones imprescindibles y los mejores lugares para comer y beber en La Roche-Posay y sus alrededores.\n\nAqu\u00ed, cada detalle est\u00e1 pensado para que se sienta como en casa. Bienvenido a nuestro hotel, bienvenido a casa.\"><span class=\"Y2IQFc\" lang=\"es\">M\u00e1s que una simple recepci\u00f3n, es un espacio verdaderamente acogedor donde disfrutamos charlando y tom\u00e1ndonos nuestro tiempo.<\/span><\/h3>\n<h3 class=\"tw-data-text tw-text-large tw-ta\" dir=\"ltr\" role=\"text\" data-placeholder=\"Traduction\" data-ved=\"2ahUKEwjyr9Gm-LeSAxVcVKQEHdhBIYoQ3ewLegQIDBAV\" aria-label=\"Texte traduit\u00a0: Desde su llegada, nuestro equipo le recibir\u00e1 con una sonrisa y le brindar\u00e1 toda la atenci\u00f3n que merece.\n\nM\u00e1s que una simple recepci\u00f3n, es un espacio verdaderamente acogedor donde disfrutamos charlando y tom\u00e1ndonos nuestro tiempo.\n\nEn un entorno inspirado en la naturaleza, con su ambiente verde, l\u00edneas depuradas y c\u00f3modos sillones, acom\u00f3dese c\u00f3modamente y descubra la informaci\u00f3n pr\u00e1ctica disponible para que disfrute al m\u00e1ximo de su estancia.\n\nNuestro equipo multiling\u00fce (franc\u00e9s e ingl\u00e9s) est\u00e1 a su disposici\u00f3n para informarle sobre actividades, atracciones imprescindibles y los mejores lugares para comer y beber en La Roche-Posay y sus alrededores.\n\nAqu\u00ed, cada detalle est\u00e1 pensado para que se sienta como en casa. Bienvenido a nuestro hotel, bienvenido a casa.\"><span class=\"Y2IQFc\" lang=\"es\">En un entorno inspirado en la naturaleza, con su ambiente verde, l\u00edneas depuradas y c\u00f3modos sillones, acom\u00f3dese c\u00f3modamente y descubra la informaci\u00f3n pr\u00e1ctica disponible para que disfrute al m\u00e1ximo de su estancia.<\/span><\/h3>\n<h3 class=\"tw-data-text tw-text-large tw-ta\" dir=\"ltr\" role=\"text\" data-placeholder=\"Traduction\" data-ved=\"2ahUKEwjyr9Gm-LeSAxVcVKQEHdhBIYoQ3ewLegQIDBAV\" aria-label=\"Texte traduit\u00a0: Desde su llegada, nuestro equipo le recibir\u00e1 con una sonrisa y le brindar\u00e1 toda la atenci\u00f3n que merece.\n\nM\u00e1s que una simple recepci\u00f3n, es un espacio verdaderamente acogedor donde disfrutamos charlando y tom\u00e1ndonos nuestro tiempo.\n\nEn un entorno inspirado en la naturaleza, con su ambiente verde, l\u00edneas depuradas y c\u00f3modos sillones, acom\u00f3dese c\u00f3modamente y descubra la informaci\u00f3n pr\u00e1ctica disponible para que disfrute al m\u00e1ximo de su estancia.\n\nNuestro equipo multiling\u00fce (franc\u00e9s e ingl\u00e9s) est\u00e1 a su disposici\u00f3n para informarle sobre actividades, atracciones imprescindibles y los mejores lugares para comer y beber en La Roche-Posay y sus alrededores.\n\nAqu\u00ed, cada detalle est\u00e1 pensado para que se sienta como en casa. Bienvenido a nuestro hotel, bienvenido a casa.\"><span class=\"Y2IQFc\" lang=\"es\">Nuestro equipo multiling\u00fce (franc\u00e9s e ingl\u00e9s) est\u00e1 a su disposici\u00f3n para informarle sobre actividades, atracciones imprescindibles y los mejores lugares para comer y beber en La Roche-Posay y sus alrededores.<\/span><\/h3>\n<h3 class=\"tw-data-text tw-text-large tw-ta\" dir=\"ltr\" role=\"text\" data-placeholder=\"Traduction\" data-ved=\"2ahUKEwjyr9Gm-LeSAxVcVKQEHdhBIYoQ3ewLegQIDBAV\" aria-label=\"Texte traduit\u00a0: Desde su llegada, nuestro equipo le recibir\u00e1 con una sonrisa y le brindar\u00e1 toda la atenci\u00f3n que merece.\n\nM\u00e1s que una simple recepci\u00f3n, es un espacio verdaderamente acogedor donde disfrutamos charlando y tom\u00e1ndonos nuestro tiempo.\n\nEn un entorno inspirado en la naturaleza, con su ambiente verde, l\u00edneas depuradas y c\u00f3modos sillones, acom\u00f3dese c\u00f3modamente y descubra la informaci\u00f3n pr\u00e1ctica disponible para que disfrute al m\u00e1ximo de su estancia.\n\nNuestro equipo multiling\u00fce (franc\u00e9s e ingl\u00e9s) est\u00e1 a su disposici\u00f3n para informarle sobre actividades, atracciones imprescindibles y los mejores lugares para comer y beber en La Roche-Posay y sus alrededores.\n\nAqu\u00ed, cada detalle est\u00e1 pensado para que se sienta como en casa. Bienvenido a nuestro hotel, bienvenido a casa.\"><span class=\"Y2IQFc\" lang=\"es\">Aqu\u00ed, cada detalle est\u00e1 pensado para que se sienta como en casa. <\/span><\/h3>\n<h3 class=\"tw-data-text tw-text-large tw-ta\" dir=\"ltr\" role=\"text\" data-placeholder=\"Traduction\" data-ved=\"2ahUKEwjyr9Gm-LeSAxVcVKQEHdhBIYoQ3ewLegQIDBAV\" aria-label=\"Texte traduit\u00a0: Desde su llegada, nuestro equipo le recibir\u00e1 con una sonrisa y le brindar\u00e1 toda la atenci\u00f3n que merece.\n\nM\u00e1s que una simple recepci\u00f3n, es un espacio verdaderamente acogedor donde disfrutamos charlando y tom\u00e1ndonos nuestro tiempo.\n\nEn un entorno inspirado en la naturaleza, con su ambiente verde, l\u00edneas depuradas y c\u00f3modos sillones, acom\u00f3dese c\u00f3modamente y descubra la informaci\u00f3n pr\u00e1ctica disponible para que disfrute al m\u00e1ximo de su estancia.\n\nNuestro equipo multiling\u00fce (franc\u00e9s e ingl\u00e9s) est\u00e1 a su disposici\u00f3n para informarle sobre actividades, atracciones imprescindibles y los mejores lugares para comer y beber en La Roche-Posay y sus alrededores.\n\nAqu\u00ed, cada detalle est\u00e1 pensado para que se sienta como en casa. Bienvenido a nuestro hotel, bienvenido a casa.\"><span class=\"Y2IQFc\" lang=\"es\">Bienvenido a nuestro hotel, bienvenido a casa<\/span><\/h3>\n","protected":false},"excerpt":{"rendered":"<p>Desde su llegada, nuestro equipo le recibir\u00e1 con una sonrisa y le brindar\u00e1 toda la atenci\u00f3n que merece. M\u00e1s que una simple recepci\u00f3n, es un espacio verdaderamente acogedor donde disfrutamos charlando y tom\u00e1ndonos nuestro tiempo. En un entorno inspirado en la naturaleza, con su ambiente verde, l\u00edneas depuradas y c\u00f3modos sillones, acom\u00f3dese c\u00f3modamente y descubra [&hellip;]<\/p>\n","protected":false},"author":375,"featured_media":0,"parent":576,"menu_order":310,"comment_status":"closed","ping_status":"closed","template":"template-default-3.php","meta":{"footnotes":""},"class_list":["post-577","page","type-page","status-publish","hentry"],"yoast_head":"<!-- This site is optimized with the Yoast SEO plugin v26.9 - https:\/\/yoast.com\/product\/yoast-seo-wordpress\/ -->\n<title>la recepci\u00f3n - Residence Croma<\/title>\n<meta name=\"description\" content=\"Desde su llegada, nuestro equipo le recibir\u00e1 con una sonrisa y le brindar\u00e1 toda la atenci\u00f3n que merece. M\u00e1s que una simple recepci\u00f3n, es un espacio\" \/>\n<meta name=\"robots\" content=\"index, follow, max-snippet:-1, max-image-preview:large, max-video-preview:-1\" \/>\n<link rel=\"canonical\" href=\"https:\/\/www.residence-croma.fr\/es\/nuestros-servicios\/la-recepcion\/\" \/>\n<meta property=\"og:locale\" content=\"es_ES\" \/>\n<meta property=\"og:type\" content=\"article\" \/>\n<meta property=\"og:title\" content=\"la recepci\u00f3n - Residence Croma\" \/>\n<meta property=\"og:description\" content=\"Desde su llegada, nuestro equipo le recibir\u00e1 con una sonrisa y le brindar\u00e1 toda la atenci\u00f3n que merece. M\u00e1s que una simple recepci\u00f3n, es un espacio\" \/>\n<meta property=\"og:url\" content=\"https:\/\/www.residence-croma.fr\/es\/nuestros-servicios\/la-recepcion\/\" \/>\n<meta property=\"og:site_name\" content=\"Residence Croma\" \/>\n<meta property=\"og:image\" content=\"https:\/\/www.residence-croma.fr\/wp-content\/uploads\/sites\/366\/2021\/11\/COMPTOIR-1-_ACCUEIL-.jpg\" \/>\n\t<meta property=\"og:image:width\" content=\"2200\" \/>\n\t<meta property=\"og:image:height\" content=\"1200\" \/>\n\t<meta property=\"og:image:type\" content=\"image\/jpeg\" \/>\n<meta name=\"twitter:card\" content=\"summary_large_image\" \/>\n<meta name=\"twitter:label1\" content=\"Tiempo de lectura\" \/>\n\t<meta name=\"twitter:data1\" content=\"1 minuto\" \/>\n<script type=\"application\/ld+json\" class=\"yoast-schema-graph\">{\"@context\":\"https:\/\/schema.org\",\"@graph\":[{\"@type\":\"WebPage\",\"@id\":\"https:\/\/www.residence-croma.fr\/es\/nuestros-servicios\/la-recepcion\/\",\"url\":\"https:\/\/www.residence-croma.fr\/es\/nuestros-servicios\/la-recepcion\/\",\"name\":\"la recepci\u00f3n - Residence Croma\",\"isPartOf\":{\"@id\":\"https:\/\/www.residence-croma.fr\/es\/#website\"},\"datePublished\":\"2026-02-01T14:53:00+00:00\",\"description\":\"Desde su llegada, nuestro equipo le recibir\u00e1 con una sonrisa y le brindar\u00e1 toda la atenci\u00f3n que merece. M\u00e1s que una simple recepci\u00f3n, es un espacio\",\"breadcrumb\":{\"@id\":\"https:\/\/www.residence-croma.fr\/es\/nuestros-servicios\/la-recepcion\/#breadcrumb\"},\"inLanguage\":\"es\",\"potentialAction\":[{\"@type\":\"ReadAction\",\"target\":[\"https:\/\/www.residence-croma.fr\/es\/nuestros-servicios\/la-recepcion\/\"]}]},{\"@type\":\"BreadcrumbList\",\"@id\":\"https:\/\/www.residence-croma.fr\/es\/nuestros-servicios\/la-recepcion\/#breadcrumb\",\"itemListElement\":[{\"@type\":\"ListItem\",\"position\":1,\"name\":\"Home\",\"item\":\"https:\/\/www.residence-croma.fr\/es\/\"},{\"@type\":\"ListItem\",\"position\":2,\"name\":\"nuestros servicios\",\"item\":\"https:\/\/www.residence-croma.fr\/es\/nuestros-servicios\/\"},{\"@type\":\"ListItem\",\"position\":3,\"name\":\"la recepci\u00f3n\"}]},{\"@type\":\"WebSite\",\"@id\":\"https:\/\/www.residence-croma.fr\/es\/#website\",\"url\":\"https:\/\/www.residence-croma.fr\/es\/\",\"name\":\"Residence Croma\",\"description\":\"\",\"potentialAction\":[{\"@type\":\"SearchAction\",\"target\":{\"@type\":\"EntryPoint\",\"urlTemplate\":\"https:\/\/www.residence-croma.fr\/es\/?s={search_term_string}\"},\"query-input\":{\"@type\":\"PropertyValueSpecification\",\"valueRequired\":true,\"valueName\":\"search_term_string\"}}],\"inLanguage\":\"es\"}]}<\/script>\n<!-- \/ Yoast SEO plugin. -->","yoast_head_json":{"title":"la recepci\u00f3n - Residence Croma","description":"Desde su llegada, nuestro equipo le recibir\u00e1 con una sonrisa y le brindar\u00e1 toda la atenci\u00f3n que merece. M\u00e1s que una simple recepci\u00f3n, es un espacio","robots":{"index":"index","follow":"follow","max-snippet":"max-snippet:-1","max-image-preview":"max-image-preview:large","max-video-preview":"max-video-preview:-1"},"canonical":"https:\/\/www.residence-croma.fr\/es\/nuestros-servicios\/la-recepcion\/","og_locale":"es_ES","og_type":"article","og_title":"la recepci\u00f3n - Residence Croma","og_description":"Desde su llegada, nuestro equipo le recibir\u00e1 con una sonrisa y le brindar\u00e1 toda la atenci\u00f3n que merece. M\u00e1s que una simple recepci\u00f3n, es un espacio","og_url":"https:\/\/www.residence-croma.fr\/es\/nuestros-servicios\/la-recepcion\/","og_site_name":"Residence Croma","og_image":[{"width":2200,"height":1200,"url":"https:\/\/www.residence-croma.fr\/wp-content\/uploads\/sites\/366\/2021\/11\/COMPTOIR-1-_ACCUEIL-.jpg","type":"image\/jpeg"}],"twitter_card":"summary_large_image","twitter_misc":{"Tiempo de lectura":"1 minuto"},"schema":{"@context":"https:\/\/schema.org","@graph":[{"@type":"WebPage","@id":"https:\/\/www.residence-croma.fr\/es\/nuestros-servicios\/la-recepcion\/","url":"https:\/\/www.residence-croma.fr\/es\/nuestros-servicios\/la-recepcion\/","name":"la recepci\u00f3n - Residence Croma","isPartOf":{"@id":"https:\/\/www.residence-croma.fr\/es\/#website"},"datePublished":"2026-02-01T14:53:00+00:00","description":"Desde su llegada, nuestro equipo le recibir\u00e1 con una sonrisa y le brindar\u00e1 toda la atenci\u00f3n que merece. M\u00e1s que una simple recepci\u00f3n, es un espacio","breadcrumb":{"@id":"https:\/\/www.residence-croma.fr\/es\/nuestros-servicios\/la-recepcion\/#breadcrumb"},"inLanguage":"es","potentialAction":[{"@type":"ReadAction","target":["https:\/\/www.residence-croma.fr\/es\/nuestros-servicios\/la-recepcion\/"]}]},{"@type":"BreadcrumbList","@id":"https:\/\/www.residence-croma.fr\/es\/nuestros-servicios\/la-recepcion\/#breadcrumb","itemListElement":[{"@type":"ListItem","position":1,"name":"Home","item":"https:\/\/www.residence-croma.fr\/es\/"},{"@type":"ListItem","position":2,"name":"nuestros servicios","item":"https:\/\/www.residence-croma.fr\/es\/nuestros-servicios\/"},{"@type":"ListItem","position":3,"name":"la recepci\u00f3n"}]},{"@type":"WebSite","@id":"https:\/\/www.residence-croma.fr\/es\/#website","url":"https:\/\/www.residence-croma.fr\/es\/","name":"Residence Croma","description":"","potentialAction":[{"@type":"SearchAction","target":{"@type":"EntryPoint","urlTemplate":"https:\/\/www.residence-croma.fr\/es\/?s={search_term_string}"},"query-input":{"@type":"PropertyValueSpecification","valueRequired":true,"valueName":"search_term_string"}}],"inLanguage":"es"}]}},"acf":[],"_links":{"self":[{"href":"https:\/\/www.residence-croma.fr\/es\/wp-json\/wp\/v2\/pages\/577","targetHints":{"allow":["GET"]}}],"collection":[{"href":"https:\/\/www.residence-croma.fr\/es\/wp-json\/wp\/v2\/pages"}],"about":[{"href":"https:\/\/www.residence-croma.fr\/es\/wp-json\/wp\/v2\/types\/page"}],"author":[{"embeddable":true,"href":"https:\/\/www.residence-croma.fr\/es\/wp-json\/wp\/v2\/users\/375"}],"replies":[{"embeddable":true,"href":"https:\/\/www.residence-croma.fr\/es\/wp-json\/wp\/v2\/comments?post=577"}],"version-history":[{"count":0,"href":"https:\/\/www.residence-croma.fr\/es\/wp-json\/wp\/v2\/pages\/577\/revisions"}],"up":[{"embeddable":true,"href":"https:\/\/www.residence-croma.fr\/es\/wp-json\/wp\/v2\/pages\/576"}],"wp:attachment":[{"href":"https:\/\/www.residence-croma.fr\/es\/wp-json\/wp\/v2\/media?parent=577"}],"curies":[{"name":"wp","href":"https:\/\/api.w.org\/{rel}","templated":true}]}}