{"id":576,"date":"2026-02-01T14:50:41","date_gmt":"2026-02-01T14:50:41","guid":{"rendered":"https:\/\/www.residence-croma.fr\/?page_id=576"},"modified":"2026-02-01T14:50:41","modified_gmt":"2026-02-01T14:50:41","slug":"nuestros-servicios","status":"publish","type":"page","link":"https:\/\/www.residence-croma.fr\/es\/nuestros-servicios\/","title":{"rendered":"nuestros servicios"},"content":{"rendered":"<div id=\"tw-target-text-container\" class=\"tw-ta-container tw-nfl\" role=\"text\">\n<h3 id=\"tw-target-text\" class=\"tw-data-text tw-text-large tw-ta\" dir=\"ltr\" role=\"text\" data-placeholder=\"Traduction\" data-ved=\"2ahUKEwjyr9Gm-LeSAxVcVKQEHdhBIYoQ3ewLegQIDBAV\" aria-label=\"Texte traduit\u00a0: Ya sea que viaje por turismo, negocios o para disfrutar de un retiro de bienestar, disfrute de los servicios de 3 estrellas de nuestra residencia ubicada en la famosa ciudad balneario de La Roche-Posay. Le damos la bienvenida a un ambiente acogedor en un entorno natural y tranquilo.\n\nNuestro equipo de recepci\u00f3n est\u00e1 a su disposici\u00f3n y estar\u00e1 encantado de informarle sobre nuestra hermosa regi\u00f3n y nuestros servicios. Tendr\u00e1 acceso a un aparcamiento exterior, una estaci\u00f3n de carga para veh\u00edculos el\u00e9ctricos, una lavander\u00eda, wifi gratuito durante toda su estancia y sus mascotas son bienvenidas.\n\nDisfrute de nuestro servicio de habitaciones: \u00a1le entregaremos las comidas o el desayuno en su habitaci\u00f3n a su llegada! \u00a1Solo le queda disfrutar de su estancia!\"><span class=\"Y2IQFc\" lang=\"es\">Ya sea que viaje por turismo, negocios o para disfrutar de un retiro de bienestar, disfrute de los servicios de 3 estrellas de nuestra residencia ubicada en la famosa ciudad balneario de La Roche-Posay. <\/span><\/h3>\n<h3 class=\"tw-data-text tw-text-large tw-ta\" dir=\"ltr\" role=\"text\" data-placeholder=\"Traduction\" data-ved=\"2ahUKEwjyr9Gm-LeSAxVcVKQEHdhBIYoQ3ewLegQIDBAV\" aria-label=\"Texte traduit\u00a0: Ya sea que viaje por turismo, negocios o para disfrutar de un retiro de bienestar, disfrute de los servicios de 3 estrellas de nuestra residencia ubicada en la famosa ciudad balneario de La Roche-Posay. Le damos la bienvenida a un ambiente acogedor en un entorno natural y tranquilo.\n\nNuestro equipo de recepci\u00f3n est\u00e1 a su disposici\u00f3n y estar\u00e1 encantado de informarle sobre nuestra hermosa regi\u00f3n y nuestros servicios. Tendr\u00e1 acceso a un aparcamiento exterior, una estaci\u00f3n de carga para veh\u00edculos el\u00e9ctricos, una lavander\u00eda, wifi gratuito durante toda su estancia y sus mascotas son bienvenidas.\n\nDisfrute de nuestro servicio de habitaciones: \u00a1le entregaremos las comidas o el desayuno en su habitaci\u00f3n a su llegada! \u00a1Solo le queda disfrutar de su estancia!\"><span class=\"Y2IQFc\" lang=\"es\">Le damos la bienvenida a un ambiente acogedor en un entorno natural y tranquilo. Nuestro equipo de recepci\u00f3n est\u00e1 a su disposici\u00f3n y estar\u00e1 encantado de informarle sobre nuestra hermosa regi\u00f3n y nuestros servicios. <\/span><\/h3>\n<h3 class=\"tw-data-text tw-text-large tw-ta\" dir=\"ltr\" role=\"text\" data-placeholder=\"Traduction\" data-ved=\"2ahUKEwjyr9Gm-LeSAxVcVKQEHdhBIYoQ3ewLegQIDBAV\" aria-label=\"Texte traduit\u00a0: Ya sea que viaje por turismo, negocios o para disfrutar de un retiro de bienestar, disfrute de los servicios de 3 estrellas de nuestra residencia ubicada en la famosa ciudad balneario de La Roche-Posay. Le damos la bienvenida a un ambiente acogedor en un entorno natural y tranquilo.\n\nNuestro equipo de recepci\u00f3n est\u00e1 a su disposici\u00f3n y estar\u00e1 encantado de informarle sobre nuestra hermosa regi\u00f3n y nuestros servicios. Tendr\u00e1 acceso a un aparcamiento exterior, una estaci\u00f3n de carga para veh\u00edculos el\u00e9ctricos, una lavander\u00eda, wifi gratuito durante toda su estancia y sus mascotas son bienvenidas.\n\nDisfrute de nuestro servicio de habitaciones: \u00a1le entregaremos las comidas o el desayuno en su habitaci\u00f3n a su llegada! \u00a1Solo le queda disfrutar de su estancia!\"><span class=\"Y2IQFc\" lang=\"es\">Tendr\u00e1 acceso a un aparcamiento exterior, una estaci\u00f3n de carga para veh\u00edculos el\u00e9ctricos, una lavander\u00eda, wifi gratuito durante toda su estancia y sus mascotas son bienvenidas. Disfrute de nuestro servicio de habitaciones: <\/span><\/h3>\n<h3 class=\"tw-data-text tw-text-large tw-ta\" dir=\"ltr\" role=\"text\" data-placeholder=\"Traduction\" data-ved=\"2ahUKEwjyr9Gm-LeSAxVcVKQEHdhBIYoQ3ewLegQIDBAV\" aria-label=\"Texte traduit\u00a0: Ya sea que viaje por turismo, negocios o para disfrutar de un retiro de bienestar, disfrute de los servicios de 3 estrellas de nuestra residencia ubicada en la famosa ciudad balneario de La Roche-Posay. Le damos la bienvenida a un ambiente acogedor en un entorno natural y tranquilo.\n\nNuestro equipo de recepci\u00f3n est\u00e1 a su disposici\u00f3n y estar\u00e1 encantado de informarle sobre nuestra hermosa regi\u00f3n y nuestros servicios. Tendr\u00e1 acceso a un aparcamiento exterior, una estaci\u00f3n de carga para veh\u00edculos el\u00e9ctricos, una lavander\u00eda, wifi gratuito durante toda su estancia y sus mascotas son bienvenidas.\n\nDisfrute de nuestro servicio de habitaciones: \u00a1le entregaremos las comidas o el desayuno en su habitaci\u00f3n a su llegada! \u00a1Solo le queda disfrutar de su estancia!\"><span class=\"Y2IQFc\" lang=\"es\">\u00a1le entregaremos las comidas o el desayuno en su habitaci\u00f3n a su llegada! <\/span><\/h3>\n<h3 class=\"tw-data-text tw-text-large tw-ta\" dir=\"ltr\" role=\"text\" data-placeholder=\"Traduction\" data-ved=\"2ahUKEwjyr9Gm-LeSAxVcVKQEHdhBIYoQ3ewLegQIDBAV\" aria-label=\"Texte traduit\u00a0: Ya sea que viaje por turismo, negocios o para disfrutar de un retiro de bienestar, disfrute de los servicios de 3 estrellas de nuestra residencia ubicada en la famosa ciudad balneario de La Roche-Posay. Le damos la bienvenida a un ambiente acogedor en un entorno natural y tranquilo.\n\nNuestro equipo de recepci\u00f3n est\u00e1 a su disposici\u00f3n y estar\u00e1 encantado de informarle sobre nuestra hermosa regi\u00f3n y nuestros servicios. Tendr\u00e1 acceso a un aparcamiento exterior, una estaci\u00f3n de carga para veh\u00edculos el\u00e9ctricos, una lavander\u00eda, wifi gratuito durante toda su estancia y sus mascotas son bienvenidas.\n\nDisfrute de nuestro servicio de habitaciones: \u00a1le entregaremos las comidas o el desayuno en su habitaci\u00f3n a su llegada! \u00a1Solo le queda disfrutar de su estancia!\"><span class=\"Y2IQFc\" lang=\"es\">\u00a1Solo le queda disfrutar de su estancia!<\/span><\/h3>\n<\/div>\n<div id=\"tw-target-rmn-container\" class=\"tw-target-rmn tw-ta-container tw-nfl\" role=\"text\">\n<h3 id=\"tw-target-rmn\" class=\"tw-data-placeholder tw-text-small tw-ta\" dir=\"ltr\" role=\"text\"><\/h3>\n<\/div>\n","protected":false},"excerpt":{"rendered":"<p>Ya sea que viaje por turismo, negocios o para disfrutar de un retiro de bienestar, disfrute de los servicios de 3 estrellas de nuestra residencia ubicada en la famosa ciudad balneario de La Roche-Posay. Le damos la bienvenida a un ambiente acogedor en un entorno natural y tranquilo. Nuestro equipo de recepci\u00f3n est\u00e1 a su [&hellip;]<\/p>\n","protected":false},"author":375,"featured_media":182,"parent":0,"menu_order":30,"comment_status":"closed","ping_status":"closed","template":"template-default-2.php","meta":{"footnotes":""},"class_list":["post-576","page","type-page","status-publish","has-post-thumbnail","hentry"],"yoast_head":"<!-- This site is optimized with the Yoast SEO plugin v26.9 - https:\/\/yoast.com\/product\/yoast-seo-wordpress\/ -->\n<title>nuestros servicios - Residence Croma<\/title>\n<meta name=\"description\" content=\"Ya sea que viaje por turismo, negocios o para disfrutar de un retiro de bienestar, disfrute de los servicios de 3 estrellas de nuestra residencia ubicada\" \/>\n<meta name=\"robots\" content=\"index, follow, max-snippet:-1, max-image-preview:large, max-video-preview:-1\" \/>\n<link rel=\"canonical\" href=\"https:\/\/www.residence-croma.fr\/es\/nuestros-servicios\/\" \/>\n<meta property=\"og:locale\" content=\"es_ES\" \/>\n<meta property=\"og:type\" content=\"article\" \/>\n<meta property=\"og:title\" content=\"nuestros servicios - Residence Croma\" \/>\n<meta property=\"og:description\" content=\"Ya sea que viaje por turismo, negocios o para disfrutar de un retiro de bienestar, disfrute de los servicios de 3 estrellas de nuestra residencia ubicada\" \/>\n<meta property=\"og:url\" content=\"https:\/\/www.residence-croma.fr\/es\/nuestros-servicios\/\" \/>\n<meta property=\"og:site_name\" content=\"Residence Croma\" \/>\n<meta property=\"og:image\" content=\"https:\/\/www.residence-croma.fr\/wp-content\/uploads\/sites\/366\/2021\/12\/WELCOME-2.jpg\" \/>\n\t<meta property=\"og:image:width\" content=\"2200\" \/>\n\t<meta property=\"og:image:height\" content=\"1200\" \/>\n\t<meta property=\"og:image:type\" content=\"image\/jpeg\" \/>\n<meta name=\"twitter:card\" content=\"summary_large_image\" \/>\n<meta name=\"twitter:label1\" content=\"Tiempo de lectura\" \/>\n\t<meta name=\"twitter:data1\" content=\"1 minuto\" \/>\n<script type=\"application\/ld+json\" class=\"yoast-schema-graph\">{\"@context\":\"https:\/\/schema.org\",\"@graph\":[{\"@type\":\"WebPage\",\"@id\":\"https:\/\/www.residence-croma.fr\/es\/nuestros-servicios\/\",\"url\":\"https:\/\/www.residence-croma.fr\/es\/nuestros-servicios\/\",\"name\":\"nuestros servicios - Residence Croma\",\"isPartOf\":{\"@id\":\"https:\/\/www.residence-croma.fr\/es\/#website\"},\"primaryImageOfPage\":{\"@id\":\"https:\/\/www.residence-croma.fr\/es\/nuestros-servicios\/#primaryimage\"},\"image\":{\"@id\":\"https:\/\/www.residence-croma.fr\/es\/nuestros-servicios\/#primaryimage\"},\"thumbnailUrl\":\"https:\/\/www.residence-croma.fr\/wp-content\/uploads\/sites\/366\/2021\/12\/WELCOME-2.jpg\",\"datePublished\":\"2026-02-01T14:50:41+00:00\",\"description\":\"Ya sea que viaje por turismo, negocios o para disfrutar de un retiro de bienestar, disfrute de los servicios de 3 estrellas de nuestra residencia ubicada\",\"breadcrumb\":{\"@id\":\"https:\/\/www.residence-croma.fr\/es\/nuestros-servicios\/#breadcrumb\"},\"inLanguage\":\"es\",\"potentialAction\":[{\"@type\":\"ReadAction\",\"target\":[\"https:\/\/www.residence-croma.fr\/es\/nuestros-servicios\/\"]}]},{\"@type\":\"ImageObject\",\"inLanguage\":\"es\",\"@id\":\"https:\/\/www.residence-croma.fr\/es\/nuestros-servicios\/#primaryimage\",\"url\":\"https:\/\/www.residence-croma.fr\/wp-content\/uploads\/sites\/366\/2021\/12\/WELCOME-2.jpg\",\"contentUrl\":\"https:\/\/www.residence-croma.fr\/wp-content\/uploads\/sites\/366\/2021\/12\/WELCOME-2.jpg\",\"width\":2200,\"height\":1200},{\"@type\":\"BreadcrumbList\",\"@id\":\"https:\/\/www.residence-croma.fr\/es\/nuestros-servicios\/#breadcrumb\",\"itemListElement\":[{\"@type\":\"ListItem\",\"position\":1,\"name\":\"Home\",\"item\":\"https:\/\/www.residence-croma.fr\/es\/\"},{\"@type\":\"ListItem\",\"position\":2,\"name\":\"nuestros servicios\"}]},{\"@type\":\"WebSite\",\"@id\":\"https:\/\/www.residence-croma.fr\/es\/#website\",\"url\":\"https:\/\/www.residence-croma.fr\/es\/\",\"name\":\"Residence Croma\",\"description\":\"\",\"potentialAction\":[{\"@type\":\"SearchAction\",\"target\":{\"@type\":\"EntryPoint\",\"urlTemplate\":\"https:\/\/www.residence-croma.fr\/es\/?s={search_term_string}\"},\"query-input\":{\"@type\":\"PropertyValueSpecification\",\"valueRequired\":true,\"valueName\":\"search_term_string\"}}],\"inLanguage\":\"es\"}]}<\/script>\n<!-- \/ Yoast SEO plugin. -->","yoast_head_json":{"title":"nuestros servicios - Residence Croma","description":"Ya sea que viaje por turismo, negocios o para disfrutar de un retiro de bienestar, disfrute de los servicios de 3 estrellas de nuestra residencia ubicada","robots":{"index":"index","follow":"follow","max-snippet":"max-snippet:-1","max-image-preview":"max-image-preview:large","max-video-preview":"max-video-preview:-1"},"canonical":"https:\/\/www.residence-croma.fr\/es\/nuestros-servicios\/","og_locale":"es_ES","og_type":"article","og_title":"nuestros servicios - Residence Croma","og_description":"Ya sea que viaje por turismo, negocios o para disfrutar de un retiro de bienestar, disfrute de los servicios de 3 estrellas de nuestra residencia ubicada","og_url":"https:\/\/www.residence-croma.fr\/es\/nuestros-servicios\/","og_site_name":"Residence Croma","og_image":[{"width":2200,"height":1200,"url":"https:\/\/www.residence-croma.fr\/wp-content\/uploads\/sites\/366\/2021\/12\/WELCOME-2.jpg","type":"image\/jpeg"}],"twitter_card":"summary_large_image","twitter_misc":{"Tiempo de lectura":"1 minuto"},"schema":{"@context":"https:\/\/schema.org","@graph":[{"@type":"WebPage","@id":"https:\/\/www.residence-croma.fr\/es\/nuestros-servicios\/","url":"https:\/\/www.residence-croma.fr\/es\/nuestros-servicios\/","name":"nuestros servicios - Residence Croma","isPartOf":{"@id":"https:\/\/www.residence-croma.fr\/es\/#website"},"primaryImageOfPage":{"@id":"https:\/\/www.residence-croma.fr\/es\/nuestros-servicios\/#primaryimage"},"image":{"@id":"https:\/\/www.residence-croma.fr\/es\/nuestros-servicios\/#primaryimage"},"thumbnailUrl":"https:\/\/www.residence-croma.fr\/wp-content\/uploads\/sites\/366\/2021\/12\/WELCOME-2.jpg","datePublished":"2026-02-01T14:50:41+00:00","description":"Ya sea que viaje por turismo, negocios o para disfrutar de un retiro de bienestar, disfrute de los servicios de 3 estrellas de nuestra residencia ubicada","breadcrumb":{"@id":"https:\/\/www.residence-croma.fr\/es\/nuestros-servicios\/#breadcrumb"},"inLanguage":"es","potentialAction":[{"@type":"ReadAction","target":["https:\/\/www.residence-croma.fr\/es\/nuestros-servicios\/"]}]},{"@type":"ImageObject","inLanguage":"es","@id":"https:\/\/www.residence-croma.fr\/es\/nuestros-servicios\/#primaryimage","url":"https:\/\/www.residence-croma.fr\/wp-content\/uploads\/sites\/366\/2021\/12\/WELCOME-2.jpg","contentUrl":"https:\/\/www.residence-croma.fr\/wp-content\/uploads\/sites\/366\/2021\/12\/WELCOME-2.jpg","width":2200,"height":1200},{"@type":"BreadcrumbList","@id":"https:\/\/www.residence-croma.fr\/es\/nuestros-servicios\/#breadcrumb","itemListElement":[{"@type":"ListItem","position":1,"name":"Home","item":"https:\/\/www.residence-croma.fr\/es\/"},{"@type":"ListItem","position":2,"name":"nuestros servicios"}]},{"@type":"WebSite","@id":"https:\/\/www.residence-croma.fr\/es\/#website","url":"https:\/\/www.residence-croma.fr\/es\/","name":"Residence Croma","description":"","potentialAction":[{"@type":"SearchAction","target":{"@type":"EntryPoint","urlTemplate":"https:\/\/www.residence-croma.fr\/es\/?s={search_term_string}"},"query-input":{"@type":"PropertyValueSpecification","valueRequired":true,"valueName":"search_term_string"}}],"inLanguage":"es"}]}},"acf":[],"_links":{"self":[{"href":"https:\/\/www.residence-croma.fr\/es\/wp-json\/wp\/v2\/pages\/576","targetHints":{"allow":["GET"]}}],"collection":[{"href":"https:\/\/www.residence-croma.fr\/es\/wp-json\/wp\/v2\/pages"}],"about":[{"href":"https:\/\/www.residence-croma.fr\/es\/wp-json\/wp\/v2\/types\/page"}],"author":[{"embeddable":true,"href":"https:\/\/www.residence-croma.fr\/es\/wp-json\/wp\/v2\/users\/375"}],"replies":[{"embeddable":true,"href":"https:\/\/www.residence-croma.fr\/es\/wp-json\/wp\/v2\/comments?post=576"}],"version-history":[{"count":0,"href":"https:\/\/www.residence-croma.fr\/es\/wp-json\/wp\/v2\/pages\/576\/revisions"}],"wp:featuredmedia":[{"embeddable":true,"href":"https:\/\/www.residence-croma.fr\/es\/wp-json\/wp\/v2\/media\/182"}],"wp:attachment":[{"href":"https:\/\/www.residence-croma.fr\/es\/wp-json\/wp\/v2\/media?parent=576"}],"curies":[{"name":"wp","href":"https:\/\/api.w.org\/{rel}","templated":true}]}}