{"id":568,"date":"2026-02-01T13:38:09","date_gmt":"2026-02-01T13:38:09","guid":{"rendered":"https:\/\/www.residence-croma.fr\/?page_id=568"},"modified":"2026-02-01T13:39:31","modified_gmt":"2026-02-01T13:39:31","slug":"apartamento-de-2-habitaciones-capacidad-para-4-a-6-personas-alquiler-totalmente-equipado","status":"publish","type":"page","link":"https:\/\/www.residence-croma.fr\/es\/562-2\/apartamento-de-2-habitaciones-capacidad-para-4-a-6-personas-alquiler-totalmente-equipado\/","title":{"rendered":"Apartamento de 2 habitaciones &#8211; capacidad para 4 a 6 personas &#8211; Alquiler totalmente equipado"},"content":{"rendered":"<div id=\"tw-target-text-container\" class=\"tw-ta-container tw-nfl\" role=\"text\">\n<h3 id=\"tw-target-text\" class=\"tw-data-text tw-text-large tw-ta\" dir=\"ltr\" role=\"text\" data-placeholder=\"Traduction\" data-ved=\"2ahUKEwjyr9Gm-LeSAxVcVKQEHdhBIYoQ3ewLegQIDBAV\" aria-label=\"Texte traduit\u00a0: Ideal para vacaciones en familia o con amigos, este apartamento familiar de 42 m\u00b2 para 4 a 6 personas les da la bienvenida a un entorno agradable con vistas al peque\u00f1o jard\u00edn o al parque de la residencia. Espacioso y funcional, es perfecto para estancias cortas o largas. Ubicado en la planta baja con mobiliario de jard\u00edn o en la primera planta con balc\u00f3n, este apartamento disfruta de abundante luz natural gracias a su ventanal y otras ventanas. Su decoraci\u00f3n c\u00e1lida y acogedora crea un ambiente ideal para relajarse despu\u00e9s de un d\u00eda de turismo. El apartamento consta de: un dormitorio con cama doble y litera, un sal\u00f3n con sof\u00e1 cama, una cocina totalmente equipada, ideal para preparar comidas de forma independiente, un ba\u00f1o con aseo independiente o con aseo combinado, seg\u00fan el apartamento. Dise\u00f1ado para alquileres vacacionales, reuniones familiares o escapadas de fin de semana con amigos para 4 a 6 personas, este apartamento familiar ofrece todas las comodidades necesarias para una estancia agradable en una residencia tranquila y verde.\"><span class=\"Y2IQFc\" lang=\"es\">Ideal para vacaciones en familia o con amigos,<br \/>\neste apartamento familiar de 42 m\u00b2 para 4 a 6 personas les da la bienvenida a un entorno agradable con vistas al peque\u00f1o jard\u00edn o al parque de la residencia.<br \/>\nEspacioso y funcional, es perfecto para estancias cortas o largas. Ubicado en la planta baja con mobiliario de jard\u00edn o en la primera planta con balc\u00f3n,<br \/>\neste apartamento disfruta de abundante luz natural gracias a su ventanal y otras ventanas.<br \/>\nSu decoraci\u00f3n c\u00e1lida y acogedora crea un ambiente ideal para relajarse despu\u00e9s de un d\u00eda de turismo.<\/span><\/h3>\n<h3 class=\"tw-data-text tw-text-large tw-ta\" dir=\"ltr\" role=\"text\" data-placeholder=\"Traduction\" data-ved=\"2ahUKEwjyr9Gm-LeSAxVcVKQEHdhBIYoQ3ewLegQIDBAV\" aria-label=\"Texte traduit\u00a0: Ideal para vacaciones en familia o con amigos, este apartamento familiar de 42 m\u00b2 para 4 a 6 personas les da la bienvenida a un entorno agradable con vistas al peque\u00f1o jard\u00edn o al parque de la residencia. Espacioso y funcional, es perfecto para estancias cortas o largas. Ubicado en la planta baja con mobiliario de jard\u00edn o en la primera planta con balc\u00f3n, este apartamento disfruta de abundante luz natural gracias a su ventanal y otras ventanas. Su decoraci\u00f3n c\u00e1lida y acogedora crea un ambiente ideal para relajarse despu\u00e9s de un d\u00eda de turismo. El apartamento consta de: un dormitorio con cama doble y litera, un sal\u00f3n con sof\u00e1 cama, una cocina totalmente equipada, ideal para preparar comidas de forma independiente, un ba\u00f1o con aseo independiente o con aseo combinado, seg\u00fan el apartamento. Dise\u00f1ado para alquileres vacacionales, reuniones familiares o escapadas de fin de semana con amigos para 4 a 6 personas, este apartamento familiar ofrece todas las comodidades necesarias para una estancia agradable en una residencia tranquila y verde.\"><span class=\"Y2IQFc\" lang=\"es\">El apartamento consta de: <\/span><\/h3>\n<h3 class=\"tw-data-text tw-text-large tw-ta\" dir=\"ltr\" role=\"text\" data-placeholder=\"Traduction\" data-ved=\"2ahUKEwjyr9Gm-LeSAxVcVKQEHdhBIYoQ3ewLegQIDBAV\" aria-label=\"Texte traduit\u00a0: Ideal para vacaciones en familia o con amigos, este apartamento familiar de 42 m\u00b2 para 4 a 6 personas les da la bienvenida a un entorno agradable con vistas al peque\u00f1o jard\u00edn o al parque de la residencia. Espacioso y funcional, es perfecto para estancias cortas o largas. Ubicado en la planta baja con mobiliario de jard\u00edn o en la primera planta con balc\u00f3n, este apartamento disfruta de abundante luz natural gracias a su ventanal y otras ventanas. Su decoraci\u00f3n c\u00e1lida y acogedora crea un ambiente ideal para relajarse despu\u00e9s de un d\u00eda de turismo. El apartamento consta de: un dormitorio con cama doble y litera, un sal\u00f3n con sof\u00e1 cama, una cocina totalmente equipada, ideal para preparar comidas de forma independiente, un ba\u00f1o con aseo independiente o con aseo combinado, seg\u00fan el apartamento. Dise\u00f1ado para alquileres vacacionales, reuniones familiares o escapadas de fin de semana con amigos para 4 a 6 personas, este apartamento familiar ofrece todas las comodidades necesarias para una estancia agradable en una residencia tranquila y verde.\"><span class=\"Y2IQFc\" lang=\"es\">un dormitorio con cama doble y litera,<\/span><\/h3>\n<h3 class=\"tw-data-text tw-text-large tw-ta\" dir=\"ltr\" role=\"text\" data-placeholder=\"Traduction\" data-ved=\"2ahUKEwjyr9Gm-LeSAxVcVKQEHdhBIYoQ3ewLegQIDBAV\" aria-label=\"Texte traduit\u00a0: Ideal para vacaciones en familia o con amigos, este apartamento familiar de 42 m\u00b2 para 4 a 6 personas les da la bienvenida a un entorno agradable con vistas al peque\u00f1o jard\u00edn o al parque de la residencia. Espacioso y funcional, es perfecto para estancias cortas o largas. Ubicado en la planta baja con mobiliario de jard\u00edn o en la primera planta con balc\u00f3n, este apartamento disfruta de abundante luz natural gracias a su ventanal y otras ventanas. Su decoraci\u00f3n c\u00e1lida y acogedora crea un ambiente ideal para relajarse despu\u00e9s de un d\u00eda de turismo. El apartamento consta de: un dormitorio con cama doble y litera, un sal\u00f3n con sof\u00e1 cama, una cocina totalmente equipada, ideal para preparar comidas de forma independiente, un ba\u00f1o con aseo independiente o con aseo combinado, seg\u00fan el apartamento. Dise\u00f1ado para alquileres vacacionales, reuniones familiares o escapadas de fin de semana con amigos para 4 a 6 personas, este apartamento familiar ofrece todas las comodidades necesarias para una estancia agradable en una residencia tranquila y verde.\"><span class=\"Y2IQFc\" lang=\"es\">un sal\u00f3n con sof\u00e1 cama,<\/span><\/h3>\n<h3 class=\"tw-data-text tw-text-large tw-ta\" dir=\"ltr\" role=\"text\" data-placeholder=\"Traduction\" data-ved=\"2ahUKEwjyr9Gm-LeSAxVcVKQEHdhBIYoQ3ewLegQIDBAV\" aria-label=\"Texte traduit\u00a0: Ideal para vacaciones en familia o con amigos, este apartamento familiar de 42 m\u00b2 para 4 a 6 personas les da la bienvenida a un entorno agradable con vistas al peque\u00f1o jard\u00edn o al parque de la residencia. Espacioso y funcional, es perfecto para estancias cortas o largas. Ubicado en la planta baja con mobiliario de jard\u00edn o en la primera planta con balc\u00f3n, este apartamento disfruta de abundante luz natural gracias a su ventanal y otras ventanas. Su decoraci\u00f3n c\u00e1lida y acogedora crea un ambiente ideal para relajarse despu\u00e9s de un d\u00eda de turismo. El apartamento consta de: un dormitorio con cama doble y litera, un sal\u00f3n con sof\u00e1 cama, una cocina totalmente equipada, ideal para preparar comidas de forma independiente, un ba\u00f1o con aseo independiente o con aseo combinado, seg\u00fan el apartamento. Dise\u00f1ado para alquileres vacacionales, reuniones familiares o escapadas de fin de semana con amigos para 4 a 6 personas, este apartamento familiar ofrece todas las comodidades necesarias para una estancia agradable en una residencia tranquila y verde.\"><span class=\"Y2IQFc\" lang=\"es\">una cocina totalmente equipada, ideal para preparar comidas de forma independiente, <\/span><\/h3>\n<h3 class=\"tw-data-text tw-text-large tw-ta\" dir=\"ltr\" role=\"text\" data-placeholder=\"Traduction\" data-ved=\"2ahUKEwjyr9Gm-LeSAxVcVKQEHdhBIYoQ3ewLegQIDBAV\" aria-label=\"Texte traduit\u00a0: Ideal para vacaciones en familia o con amigos, este apartamento familiar de 42 m\u00b2 para 4 a 6 personas les da la bienvenida a un entorno agradable con vistas al peque\u00f1o jard\u00edn o al parque de la residencia. Espacioso y funcional, es perfecto para estancias cortas o largas. Ubicado en la planta baja con mobiliario de jard\u00edn o en la primera planta con balc\u00f3n, este apartamento disfruta de abundante luz natural gracias a su ventanal y otras ventanas. Su decoraci\u00f3n c\u00e1lida y acogedora crea un ambiente ideal para relajarse despu\u00e9s de un d\u00eda de turismo. El apartamento consta de: un dormitorio con cama doble y litera, un sal\u00f3n con sof\u00e1 cama, una cocina totalmente equipada, ideal para preparar comidas de forma independiente, un ba\u00f1o con aseo independiente o con aseo combinado, seg\u00fan el apartamento. Dise\u00f1ado para alquileres vacacionales, reuniones familiares o escapadas de fin de semana con amigos para 4 a 6 personas, este apartamento familiar ofrece todas las comodidades necesarias para una estancia agradable en una residencia tranquila y verde.\"><span class=\"Y2IQFc\" lang=\"es\">un ba\u00f1o con aseo independiente o con aseo combinado, seg\u00fan el apartamento.<\/span><\/h3>\n<h3 class=\"tw-data-text tw-text-large tw-ta\" dir=\"ltr\" role=\"text\" data-placeholder=\"Traduction\" data-ved=\"2ahUKEwjyr9Gm-LeSAxVcVKQEHdhBIYoQ3ewLegQIDBAV\" aria-label=\"Texte traduit\u00a0: Ideal para vacaciones en familia o con amigos, este apartamento familiar de 42 m\u00b2 para 4 a 6 personas les da la bienvenida a un entorno agradable con vistas al peque\u00f1o jard\u00edn o al parque de la residencia. Espacioso y funcional, es perfecto para estancias cortas o largas. Ubicado en la planta baja con mobiliario de jard\u00edn o en la primera planta con balc\u00f3n, este apartamento disfruta de abundante luz natural gracias a su ventanal y otras ventanas. Su decoraci\u00f3n c\u00e1lida y acogedora crea un ambiente ideal para relajarse despu\u00e9s de un d\u00eda de turismo. El apartamento consta de: un dormitorio con cama doble y litera, un sal\u00f3n con sof\u00e1 cama, una cocina totalmente equipada, ideal para preparar comidas de forma independiente, un ba\u00f1o con aseo independiente o con aseo combinado, seg\u00fan el apartamento. Dise\u00f1ado para alquileres vacacionales, reuniones familiares o escapadas de fin de semana con amigos para 4 a 6 personas, este apartamento familiar ofrece todas las comodidades necesarias para una estancia agradable en una residencia tranquila y verde.\"><span class=\"Y2IQFc\" lang=\"es\"> Dise\u00f1ado para alquileres vacacionales, reuniones familiares o escapadas de fin de semana con amigos para 4 a 6 personas, <\/span><span class=\"Y2IQFc\" lang=\"es\">este apartamento familiar ofrece todas las comodidades necesarias para una estancia agradable en una residencia tranquila y verde.<\/span><\/h3>\n<\/div>\n<h4><\/h4>\n<div id=\"tw-target-rmn-container\" class=\"tw-target-rmn tw-ta-container tw-nfl\" role=\"text\">\n<h4 id=\"tw-target-text\" class=\"tw-data-text tw-text-large tw-ta\" dir=\"ltr\" role=\"text\" data-placeholder=\"Traduction\" data-ved=\"2ahUKEwjyr9Gm-LeSAxVcVKQEHdhBIYoQ3ewLegQIDBAV\" aria-label=\"Texte traduit\u00a0: El consumo de electricidad est\u00e1 incluido en el alquiler, basado en un consumo semanal promedio de 150 kWh. Si se supera este l\u00edmite durante la lectura del contador a la llegada, el propietario se reserva el derecho a exigir al inquilino el pago de la diferencia a una tarifa de 0,23 \u20ac\/kWh (tarifa vigente en 2023 en nuestro contrato de suministro de energ\u00eda con EDF).\"><span class=\"Y2IQFc\" lang=\"es\">El consumo de electricidad est\u00e1 incluido en el alquiler, basado en un consumo semanal promedio de 150 kWh.<br \/>\nSi se supera este l\u00edmite durante la lectura del contador a la llegada,<br \/>\nel propietario se reserva el derecho a exigir al inquilino el pago de la diferencia a una tarifa de 0,23 \u20ac\/kWh<br \/>\n(tarifa vigente en 2023 en nuestro contrato de suministro de energ\u00eda con EDF).<\/span><\/h4>\n<\/div>\n<p>&nbsp;<\/p>\n","protected":false},"excerpt":{"rendered":"<p>Ideal para vacaciones en familia o con amigos, este apartamento familiar de 42 m\u00b2 para 4 a 6 personas les da la bienvenida a un entorno agradable con vistas al peque\u00f1o jard\u00edn o al parque de la residencia. Espacioso y funcional, es perfecto para estancias cortas o largas. Ubicado en la planta baja con mobiliario [&hellip;]<\/p>\n","protected":false},"author":375,"featured_media":362,"parent":562,"menu_order":240,"comment_status":"closed","ping_status":"closed","template":"template-single-room.php","meta":{"footnotes":""},"class_list":["post-568","page","type-page","status-publish","has-post-thumbnail","hentry"],"yoast_head":"<!-- This site is optimized with the Yoast SEO plugin v26.9 - https:\/\/yoast.com\/product\/yoast-seo-wordpress\/ -->\n<title>Apartamento de 2 habitaciones - capacidad para 4 a 6 personas - Alquiler totalmente equipado - Residence Croma<\/title>\n<meta name=\"description\" content=\"Ideal para vacaciones en familia o con amigos, este apartamento familiar de 42 m\u00b2 para 4 a 6 personas les da la bienvenida a un entorno agradable con\" \/>\n<meta name=\"robots\" content=\"index, follow, max-snippet:-1, max-image-preview:large, max-video-preview:-1\" \/>\n<link rel=\"canonical\" href=\"https:\/\/www.residence-croma.fr\/es\/562-2\/apartamento-de-2-habitaciones-capacidad-para-4-a-6-personas-alquiler-totalmente-equipado\/\" \/>\n<meta property=\"og:locale\" content=\"es_ES\" \/>\n<meta property=\"og:type\" content=\"article\" \/>\n<meta property=\"og:title\" content=\"Apartamento de 2 habitaciones - capacidad para 4 a 6 personas - Alquiler totalmente equipado - Residence Croma\" \/>\n<meta property=\"og:description\" content=\"Ideal para vacaciones en familia o con amigos, este apartamento familiar de 42 m\u00b2 para 4 a 6 personas les da la bienvenida a un entorno agradable con\" \/>\n<meta property=\"og:url\" content=\"https:\/\/www.residence-croma.fr\/es\/562-2\/apartamento-de-2-habitaciones-capacidad-para-4-a-6-personas-alquiler-totalmente-equipado\/\" \/>\n<meta property=\"og:site_name\" content=\"Residence Croma\" \/>\n<meta property=\"article:modified_time\" content=\"2026-02-01T13:39:31+00:00\" \/>\n<meta property=\"og:image\" content=\"https:\/\/www.residence-croma.fr\/wp-content\/uploads\/sites\/366\/2022\/08\/fb_sm_instagram_2893065805785971282_6167480098-04_pic.jpg\" \/>\n\t<meta property=\"og:image:width\" content=\"961\" \/>\n\t<meta property=\"og:image:height\" content=\"1200\" \/>\n\t<meta property=\"og:image:type\" content=\"image\/jpeg\" \/>\n<meta name=\"twitter:card\" content=\"summary_large_image\" \/>\n<meta name=\"twitter:label1\" content=\"Tiempo de lectura\" \/>\n\t<meta name=\"twitter:data1\" content=\"1 minuto\" \/>\n<script type=\"application\/ld+json\" class=\"yoast-schema-graph\">{\"@context\":\"https:\/\/schema.org\",\"@graph\":[{\"@type\":\"WebPage\",\"@id\":\"https:\/\/www.residence-croma.fr\/es\/562-2\/apartamento-de-2-habitaciones-capacidad-para-4-a-6-personas-alquiler-totalmente-equipado\/\",\"url\":\"https:\/\/www.residence-croma.fr\/es\/562-2\/apartamento-de-2-habitaciones-capacidad-para-4-a-6-personas-alquiler-totalmente-equipado\/\",\"name\":\"Apartamento de 2 habitaciones - capacidad para 4 a 6 personas - Alquiler totalmente equipado - Residence Croma\",\"isPartOf\":{\"@id\":\"https:\/\/www.residence-croma.fr\/es\/#website\"},\"primaryImageOfPage\":{\"@id\":\"https:\/\/www.residence-croma.fr\/es\/562-2\/apartamento-de-2-habitaciones-capacidad-para-4-a-6-personas-alquiler-totalmente-equipado\/#primaryimage\"},\"image\":{\"@id\":\"https:\/\/www.residence-croma.fr\/es\/562-2\/apartamento-de-2-habitaciones-capacidad-para-4-a-6-personas-alquiler-totalmente-equipado\/#primaryimage\"},\"thumbnailUrl\":\"https:\/\/www.residence-croma.fr\/wp-content\/uploads\/sites\/366\/2022\/08\/fb_sm_instagram_2893065805785971282_6167480098-04_pic.jpg\",\"datePublished\":\"2026-02-01T13:38:09+00:00\",\"dateModified\":\"2026-02-01T13:39:31+00:00\",\"description\":\"Ideal para vacaciones en familia o con amigos, este apartamento familiar de 42 m\u00b2 para 4 a 6 personas les da la bienvenida a un entorno agradable con\",\"breadcrumb\":{\"@id\":\"https:\/\/www.residence-croma.fr\/es\/562-2\/apartamento-de-2-habitaciones-capacidad-para-4-a-6-personas-alquiler-totalmente-equipado\/#breadcrumb\"},\"inLanguage\":\"es\",\"potentialAction\":[{\"@type\":\"ReadAction\",\"target\":[\"https:\/\/www.residence-croma.fr\/es\/562-2\/apartamento-de-2-habitaciones-capacidad-para-4-a-6-personas-alquiler-totalmente-equipado\/\"]}]},{\"@type\":\"ImageObject\",\"inLanguage\":\"es\",\"@id\":\"https:\/\/www.residence-croma.fr\/es\/562-2\/apartamento-de-2-habitaciones-capacidad-para-4-a-6-personas-alquiler-totalmente-equipado\/#primaryimage\",\"url\":\"https:\/\/www.residence-croma.fr\/wp-content\/uploads\/sites\/366\/2022\/08\/fb_sm_instagram_2893065805785971282_6167480098-04_pic.jpg\",\"contentUrl\":\"https:\/\/www.residence-croma.fr\/wp-content\/uploads\/sites\/366\/2022\/08\/fb_sm_instagram_2893065805785971282_6167480098-04_pic.jpg\",\"width\":961,\"height\":1200},{\"@type\":\"BreadcrumbList\",\"@id\":\"https:\/\/www.residence-croma.fr\/es\/562-2\/apartamento-de-2-habitaciones-capacidad-para-4-a-6-personas-alquiler-totalmente-equipado\/#breadcrumb\",\"itemListElement\":[{\"@type\":\"ListItem\",\"position\":1,\"name\":\"Home\",\"item\":\"https:\/\/www.residence-croma.fr\/es\/\"},{\"@type\":\"ListItem\",\"position\":2,\"name\":\"Los 43 apartahoteles, con amplios espacios\",\"item\":\"https:\/\/www.residence-croma.fr\/es\/562-2\/\"},{\"@type\":\"ListItem\",\"position\":3,\"name\":\"Apartamento de 2 habitaciones &#8211; capacidad para 4 a 6 personas &#8211; Alquiler totalmente equipado\"}]},{\"@type\":\"WebSite\",\"@id\":\"https:\/\/www.residence-croma.fr\/es\/#website\",\"url\":\"https:\/\/www.residence-croma.fr\/es\/\",\"name\":\"Residence Croma\",\"description\":\"\",\"potentialAction\":[{\"@type\":\"SearchAction\",\"target\":{\"@type\":\"EntryPoint\",\"urlTemplate\":\"https:\/\/www.residence-croma.fr\/es\/?s={search_term_string}\"},\"query-input\":{\"@type\":\"PropertyValueSpecification\",\"valueRequired\":true,\"valueName\":\"search_term_string\"}}],\"inLanguage\":\"es\"}]}<\/script>\n<!-- \/ Yoast SEO plugin. -->","yoast_head_json":{"title":"Apartamento de 2 habitaciones - capacidad para 4 a 6 personas - Alquiler totalmente equipado - Residence Croma","description":"Ideal para vacaciones en familia o con amigos, este apartamento familiar de 42 m\u00b2 para 4 a 6 personas les da la bienvenida a un entorno agradable con","robots":{"index":"index","follow":"follow","max-snippet":"max-snippet:-1","max-image-preview":"max-image-preview:large","max-video-preview":"max-video-preview:-1"},"canonical":"https:\/\/www.residence-croma.fr\/es\/562-2\/apartamento-de-2-habitaciones-capacidad-para-4-a-6-personas-alquiler-totalmente-equipado\/","og_locale":"es_ES","og_type":"article","og_title":"Apartamento de 2 habitaciones - capacidad para 4 a 6 personas - Alquiler totalmente equipado - Residence Croma","og_description":"Ideal para vacaciones en familia o con amigos, este apartamento familiar de 42 m\u00b2 para 4 a 6 personas les da la bienvenida a un entorno agradable con","og_url":"https:\/\/www.residence-croma.fr\/es\/562-2\/apartamento-de-2-habitaciones-capacidad-para-4-a-6-personas-alquiler-totalmente-equipado\/","og_site_name":"Residence Croma","article_modified_time":"2026-02-01T13:39:31+00:00","og_image":[{"width":961,"height":1200,"url":"https:\/\/www.residence-croma.fr\/wp-content\/uploads\/sites\/366\/2022\/08\/fb_sm_instagram_2893065805785971282_6167480098-04_pic.jpg","type":"image\/jpeg"}],"twitter_card":"summary_large_image","twitter_misc":{"Tiempo de lectura":"1 minuto"},"schema":{"@context":"https:\/\/schema.org","@graph":[{"@type":"WebPage","@id":"https:\/\/www.residence-croma.fr\/es\/562-2\/apartamento-de-2-habitaciones-capacidad-para-4-a-6-personas-alquiler-totalmente-equipado\/","url":"https:\/\/www.residence-croma.fr\/es\/562-2\/apartamento-de-2-habitaciones-capacidad-para-4-a-6-personas-alquiler-totalmente-equipado\/","name":"Apartamento de 2 habitaciones - capacidad para 4 a 6 personas - Alquiler totalmente equipado - Residence Croma","isPartOf":{"@id":"https:\/\/www.residence-croma.fr\/es\/#website"},"primaryImageOfPage":{"@id":"https:\/\/www.residence-croma.fr\/es\/562-2\/apartamento-de-2-habitaciones-capacidad-para-4-a-6-personas-alquiler-totalmente-equipado\/#primaryimage"},"image":{"@id":"https:\/\/www.residence-croma.fr\/es\/562-2\/apartamento-de-2-habitaciones-capacidad-para-4-a-6-personas-alquiler-totalmente-equipado\/#primaryimage"},"thumbnailUrl":"https:\/\/www.residence-croma.fr\/wp-content\/uploads\/sites\/366\/2022\/08\/fb_sm_instagram_2893065805785971282_6167480098-04_pic.jpg","datePublished":"2026-02-01T13:38:09+00:00","dateModified":"2026-02-01T13:39:31+00:00","description":"Ideal para vacaciones en familia o con amigos, este apartamento familiar de 42 m\u00b2 para 4 a 6 personas les da la bienvenida a un entorno agradable con","breadcrumb":{"@id":"https:\/\/www.residence-croma.fr\/es\/562-2\/apartamento-de-2-habitaciones-capacidad-para-4-a-6-personas-alquiler-totalmente-equipado\/#breadcrumb"},"inLanguage":"es","potentialAction":[{"@type":"ReadAction","target":["https:\/\/www.residence-croma.fr\/es\/562-2\/apartamento-de-2-habitaciones-capacidad-para-4-a-6-personas-alquiler-totalmente-equipado\/"]}]},{"@type":"ImageObject","inLanguage":"es","@id":"https:\/\/www.residence-croma.fr\/es\/562-2\/apartamento-de-2-habitaciones-capacidad-para-4-a-6-personas-alquiler-totalmente-equipado\/#primaryimage","url":"https:\/\/www.residence-croma.fr\/wp-content\/uploads\/sites\/366\/2022\/08\/fb_sm_instagram_2893065805785971282_6167480098-04_pic.jpg","contentUrl":"https:\/\/www.residence-croma.fr\/wp-content\/uploads\/sites\/366\/2022\/08\/fb_sm_instagram_2893065805785971282_6167480098-04_pic.jpg","width":961,"height":1200},{"@type":"BreadcrumbList","@id":"https:\/\/www.residence-croma.fr\/es\/562-2\/apartamento-de-2-habitaciones-capacidad-para-4-a-6-personas-alquiler-totalmente-equipado\/#breadcrumb","itemListElement":[{"@type":"ListItem","position":1,"name":"Home","item":"https:\/\/www.residence-croma.fr\/es\/"},{"@type":"ListItem","position":2,"name":"Los 43 apartahoteles, con amplios espacios","item":"https:\/\/www.residence-croma.fr\/es\/562-2\/"},{"@type":"ListItem","position":3,"name":"Apartamento de 2 habitaciones &#8211; capacidad para 4 a 6 personas &#8211; Alquiler totalmente equipado"}]},{"@type":"WebSite","@id":"https:\/\/www.residence-croma.fr\/es\/#website","url":"https:\/\/www.residence-croma.fr\/es\/","name":"Residence Croma","description":"","potentialAction":[{"@type":"SearchAction","target":{"@type":"EntryPoint","urlTemplate":"https:\/\/www.residence-croma.fr\/es\/?s={search_term_string}"},"query-input":{"@type":"PropertyValueSpecification","valueRequired":true,"valueName":"search_term_string"}}],"inLanguage":"es"}]}},"acf":[],"_links":{"self":[{"href":"https:\/\/www.residence-croma.fr\/es\/wp-json\/wp\/v2\/pages\/568","targetHints":{"allow":["GET"]}}],"collection":[{"href":"https:\/\/www.residence-croma.fr\/es\/wp-json\/wp\/v2\/pages"}],"about":[{"href":"https:\/\/www.residence-croma.fr\/es\/wp-json\/wp\/v2\/types\/page"}],"author":[{"embeddable":true,"href":"https:\/\/www.residence-croma.fr\/es\/wp-json\/wp\/v2\/users\/375"}],"replies":[{"embeddable":true,"href":"https:\/\/www.residence-croma.fr\/es\/wp-json\/wp\/v2\/comments?post=568"}],"version-history":[{"count":0,"href":"https:\/\/www.residence-croma.fr\/es\/wp-json\/wp\/v2\/pages\/568\/revisions"}],"up":[{"embeddable":true,"href":"https:\/\/www.residence-croma.fr\/es\/wp-json\/wp\/v2\/pages\/562"}],"wp:featuredmedia":[{"embeddable":true,"href":"https:\/\/www.residence-croma.fr\/es\/wp-json\/wp\/v2\/media\/362"}],"wp:attachment":[{"href":"https:\/\/www.residence-croma.fr\/es\/wp-json\/wp\/v2\/media?parent=568"}],"curies":[{"name":"wp","href":"https:\/\/api.w.org\/{rel}","templated":true}]}}