{"id":564,"date":"2026-02-01T13:02:33","date_gmt":"2026-02-01T13:02:33","guid":{"rendered":"https:\/\/www.residence-croma.fr\/?page_id=564"},"modified":"2026-02-01T13:03:05","modified_gmt":"2026-02-01T13:03:05","slug":"564-2","status":"publish","type":"page","link":"https:\/\/www.residence-croma.fr\/es\/562-2\/564-2\/","title":{"rendered":"El estudio con terraza privada ofrece 15 m\u00b2 en la planta baja con un peque\u00f1o jard\u00edn."},"content":{"rendered":"<div id=\"tw-target-text-container\" class=\"tw-ta-container tw-nfl\" role=\"text\">\n<h3 id=\"tw-target-text\" class=\"tw-data-text tw-text-large tw-ta\" dir=\"ltr\" role=\"text\" data-placeholder=\"Traduction\" data-ved=\"2ahUKEwjyr9Gm-LeSAxVcVKQEHdhBIYoQ3ewLegQIDBAV\" aria-label=\"Texte traduit\u00a0: El estudio con terraza privada ofrece 15 m\u00b2 en la planta baja con un peque\u00f1o jard\u00edn. Este estudio tiene capacidad para 1 o 2 personas y ofrece una estancia relajante. Est\u00e1 totalmente equipado con una decoraci\u00f3n moderna y acogedora. Encontrar\u00e1 numerosas comodidades, como una cama doble (140 cm), cocina americana, TV de pantalla plana, wifi gratuito, ba\u00f1o con ducha e inodoro, y muebles de jard\u00edn. Los estudios con jard\u00edn se encuentran en la planta baja y son muy luminosos gracias a sus puertas francesas que dan al exterior, lo que garantiza una estancia agradable (excepto dos estudios ubicados en la primera planta, con puertas francesas que dan a un balc\u00f3n sin aire acondicionado). El consumo de electricidad est\u00e1 incluido en el alquiler, basado en un consumo medio semanal de 80 kWh. En caso de exceder esta cantidad durante la lectura del contador a la llegada, el propietario se reserva el derecho de solicitar al inquilino el pago de la diferencia a 0,23 \u20ac\/kWh (tarifa vigente en 2023 en nuestro contrato de suministro de energ\u00eda EDF).\"><span class=\"Y2IQFc\" lang=\"es\">El estudio con terraza privada ofrece 15 m\u00b2 en la planta baja con un peque\u00f1o jard\u00edn.<br \/>\nEste estudio tiene capacidad para 1 o 2 personas y ofrece una estancia relajante. Est\u00e1 totalmente equipado con una decoraci\u00f3n moderna y acogedora.<br \/>\nEncontrar\u00e1 numerosas comodidades, como una cama doble (140 cm), cocina americana, TV de pantalla plana, wifi gratuito, ba\u00f1o con ducha e inodoro, y muebles de jard\u00edn.<br \/>\nLos estudios con jard\u00edn se encuentran en la planta baja y son muy luminosos gracias a sus puertas francesas que dan al exterior, lo que garantiza una estancia agradable <\/span><span class=\"Y2IQFc\" lang=\"es\">(excepto dos estudios ubicados en la primera planta, con puertas francesas que dan a un balc\u00f3n sin aire acondicionado). <\/span><\/h3>\n<h3 dir=\"ltr\" role=\"text\" data-placeholder=\"Traduction\" data-ved=\"2ahUKEwjyr9Gm-LeSAxVcVKQEHdhBIYoQ3ewLegQIDBAV\" aria-label=\"Texte traduit\u00a0: El estudio con terraza privada ofrece 15 m\u00b2 en la planta baja con un peque\u00f1o jard\u00edn. Este estudio tiene capacidad para 1 o 2 personas y ofrece una estancia relajante. Est\u00e1 totalmente equipado con una decoraci\u00f3n moderna y acogedora. Encontrar\u00e1 numerosas comodidades, como una cama doble (140 cm), cocina americana, TV de pantalla plana, wifi gratuito, ba\u00f1o con ducha e inodoro, y muebles de jard\u00edn. Los estudios con jard\u00edn se encuentran en la planta baja y son muy luminosos gracias a sus puertas francesas que dan al exterior, lo que garantiza una estancia agradable (excepto dos estudios ubicados en la primera planta, con puertas francesas que dan a un balc\u00f3n sin aire acondicionado). El consumo de electricidad est\u00e1 incluido en el alquiler, basado en un consumo medio semanal de 80 kWh. En caso de exceder esta cantidad durante la lectura del contador a la llegada, el propietario se reserva el derecho de solicitar al inquilino el pago de la diferencia a 0,23 \u20ac\/kWh (tarifa vigente en 2023 en nuestro contrato de suministro de energ\u00eda EDF).\"><\/h3>\n<h4 class=\"tw-data-text tw-text-large tw-ta\" dir=\"ltr\" role=\"text\" data-placeholder=\"Traduction\" data-ved=\"2ahUKEwjyr9Gm-LeSAxVcVKQEHdhBIYoQ3ewLegQIDBAV\" aria-label=\"Texte traduit\u00a0: El estudio con terraza privada ofrece 15 m\u00b2 en la planta baja con un peque\u00f1o jard\u00edn. Este estudio tiene capacidad para 1 o 2 personas y ofrece una estancia relajante. Est\u00e1 totalmente equipado con una decoraci\u00f3n moderna y acogedora. Encontrar\u00e1 numerosas comodidades, como una cama doble (140 cm), cocina americana, TV de pantalla plana, wifi gratuito, ba\u00f1o con ducha e inodoro, y muebles de jard\u00edn. Los estudios con jard\u00edn se encuentran en la planta baja y son muy luminosos gracias a sus puertas francesas que dan al exterior, lo que garantiza una estancia agradable (excepto dos estudios ubicados en la primera planta, con puertas francesas que dan a un balc\u00f3n sin aire acondicionado). El consumo de electricidad est\u00e1 incluido en el alquiler, basado en un consumo medio semanal de 80 kWh. En caso de exceder esta cantidad durante la lectura del contador a la llegada, el propietario se reserva el derecho de solicitar al inquilino el pago de la diferencia a 0,23 \u20ac\/kWh (tarifa vigente en 2023 en nuestro contrato de suministro de energ\u00eda EDF).\"><span class=\"Y2IQFc\" lang=\"es\">El consumo de electricidad est\u00e1 incluido en el alquiler, basado en un consumo medio semanal de 80 kWh.<br \/>\nEn caso de exceder esta cantidad durante la lectura del contador a la llegada,<br \/>\nel propietario se reserva el derecho de solicitar al inquilino el pago de la diferencia a 0,23 \u20ac\/kWh<br \/>\n(tarifa vigente en 2023 en nuestro contrato de suministro de energ\u00eda EDF).<\/span><\/h4>\n<\/div>\n<div id=\"tw-target-rmn-container\" class=\"tw-target-rmn tw-ta-container tw-nfl\" role=\"text\">\n<pre id=\"tw-target-rmn\" class=\"tw-data-placeholder tw-text-small tw-ta\" dir=\"ltr\" role=\"text\" data-placeholder=\"\"><\/pre>\n<\/div>\n","protected":false},"excerpt":{"rendered":"<p>El estudio con terraza privada ofrece 15 m\u00b2 en la planta baja con un peque\u00f1o jard\u00edn. Este estudio tiene capacidad para 1 o 2 personas y ofrece una estancia relajante. Est\u00e1 totalmente equipado con una decoraci\u00f3n moderna y acogedora. Encontrar\u00e1 numerosas comodidades, como una cama doble (140 cm), cocina americana, TV de pantalla plana, wifi [&hellip;]<\/p>\n","protected":false},"author":375,"featured_media":423,"parent":562,"menu_order":220,"comment_status":"closed","ping_status":"closed","template":"template-single-room.php","meta":{"footnotes":""},"class_list":["post-564","page","type-page","status-publish","has-post-thumbnail","hentry"],"yoast_head":"<!-- This site is optimized with the Yoast SEO plugin v26.9 - https:\/\/yoast.com\/product\/yoast-seo-wordpress\/ -->\n<title>El estudio con terraza privada ofrece 15 m\u00b2 en la planta baja con un peque\u00f1o jard\u00edn. - Residence Croma<\/title>\n<meta name=\"description\" content=\"El estudio con terraza privada ofrece 15 m\u00b2 en la planta baja con un peque\u00f1o jard\u00edn. Este estudio tiene capacidad para 1 o 2 personas y ofrece una\" \/>\n<meta name=\"robots\" content=\"index, follow, max-snippet:-1, max-image-preview:large, max-video-preview:-1\" \/>\n<link rel=\"canonical\" href=\"https:\/\/www.residence-croma.fr\/es\/562-2\/564-2\/\" \/>\n<meta property=\"og:locale\" content=\"es_ES\" \/>\n<meta property=\"og:type\" content=\"article\" \/>\n<meta property=\"og:title\" content=\"El estudio con terraza privada ofrece 15 m\u00b2 en la planta baja con un peque\u00f1o jard\u00edn. - Residence Croma\" \/>\n<meta property=\"og:description\" content=\"El estudio con terraza privada ofrece 15 m\u00b2 en la planta baja con un peque\u00f1o jard\u00edn. Este estudio tiene capacidad para 1 o 2 personas y ofrece una\" \/>\n<meta property=\"og:url\" content=\"https:\/\/www.residence-croma.fr\/es\/562-2\/564-2\/\" \/>\n<meta property=\"og:site_name\" content=\"Residence Croma\" \/>\n<meta property=\"article:modified_time\" content=\"2026-02-01T13:03:05+00:00\" \/>\n<meta property=\"og:image\" content=\"https:\/\/www.residence-croma.fr\/wp-content\/uploads\/sites\/366\/2023\/10\/IMG-0365-rotated.jpg\" \/>\n\t<meta property=\"og:image:width\" content=\"1200\" \/>\n\t<meta property=\"og:image:height\" content=\"1600\" \/>\n\t<meta property=\"og:image:type\" content=\"image\/jpeg\" \/>\n<meta name=\"twitter:card\" content=\"summary_large_image\" \/>\n<meta name=\"twitter:label1\" content=\"Tiempo de lectura\" \/>\n\t<meta name=\"twitter:data1\" content=\"1 minuto\" \/>\n<script type=\"application\/ld+json\" class=\"yoast-schema-graph\">{\"@context\":\"https:\/\/schema.org\",\"@graph\":[{\"@type\":\"WebPage\",\"@id\":\"https:\/\/www.residence-croma.fr\/es\/562-2\/564-2\/\",\"url\":\"https:\/\/www.residence-croma.fr\/es\/562-2\/564-2\/\",\"name\":\"El estudio con terraza privada ofrece 15 m\u00b2 en la planta baja con un peque\u00f1o jard\u00edn. - Residence Croma\",\"isPartOf\":{\"@id\":\"https:\/\/www.residence-croma.fr\/es\/#website\"},\"primaryImageOfPage\":{\"@id\":\"https:\/\/www.residence-croma.fr\/es\/562-2\/564-2\/#primaryimage\"},\"image\":{\"@id\":\"https:\/\/www.residence-croma.fr\/es\/562-2\/564-2\/#primaryimage\"},\"thumbnailUrl\":\"https:\/\/www.residence-croma.fr\/wp-content\/uploads\/sites\/366\/2023\/10\/IMG-0365-rotated.jpg\",\"datePublished\":\"2026-02-01T13:02:33+00:00\",\"dateModified\":\"2026-02-01T13:03:05+00:00\",\"description\":\"El estudio con terraza privada ofrece 15 m\u00b2 en la planta baja con un peque\u00f1o jard\u00edn. Este estudio tiene capacidad para 1 o 2 personas y ofrece una\",\"breadcrumb\":{\"@id\":\"https:\/\/www.residence-croma.fr\/es\/562-2\/564-2\/#breadcrumb\"},\"inLanguage\":\"es\",\"potentialAction\":[{\"@type\":\"ReadAction\",\"target\":[\"https:\/\/www.residence-croma.fr\/es\/562-2\/564-2\/\"]}]},{\"@type\":\"ImageObject\",\"inLanguage\":\"es\",\"@id\":\"https:\/\/www.residence-croma.fr\/es\/562-2\/564-2\/#primaryimage\",\"url\":\"https:\/\/www.residence-croma.fr\/wp-content\/uploads\/sites\/366\/2023\/10\/IMG-0365-rotated.jpg\",\"contentUrl\":\"https:\/\/www.residence-croma.fr\/wp-content\/uploads\/sites\/366\/2023\/10\/IMG-0365-rotated.jpg\",\"width\":1200,\"height\":1600},{\"@type\":\"BreadcrumbList\",\"@id\":\"https:\/\/www.residence-croma.fr\/es\/562-2\/564-2\/#breadcrumb\",\"itemListElement\":[{\"@type\":\"ListItem\",\"position\":1,\"name\":\"Home\",\"item\":\"https:\/\/www.residence-croma.fr\/es\/\"},{\"@type\":\"ListItem\",\"position\":2,\"name\":\"Los 43 apartahoteles, con amplios espacios\",\"item\":\"https:\/\/www.residence-croma.fr\/es\/562-2\/\"},{\"@type\":\"ListItem\",\"position\":3,\"name\":\"El estudio con terraza privada ofrece 15 m\u00b2 en la planta baja con un peque\u00f1o jard\u00edn.\"}]},{\"@type\":\"WebSite\",\"@id\":\"https:\/\/www.residence-croma.fr\/es\/#website\",\"url\":\"https:\/\/www.residence-croma.fr\/es\/\",\"name\":\"Residence Croma\",\"description\":\"\",\"potentialAction\":[{\"@type\":\"SearchAction\",\"target\":{\"@type\":\"EntryPoint\",\"urlTemplate\":\"https:\/\/www.residence-croma.fr\/es\/?s={search_term_string}\"},\"query-input\":{\"@type\":\"PropertyValueSpecification\",\"valueRequired\":true,\"valueName\":\"search_term_string\"}}],\"inLanguage\":\"es\"}]}<\/script>\n<!-- \/ Yoast SEO plugin. -->","yoast_head_json":{"title":"El estudio con terraza privada ofrece 15 m\u00b2 en la planta baja con un peque\u00f1o jard\u00edn. - Residence Croma","description":"El estudio con terraza privada ofrece 15 m\u00b2 en la planta baja con un peque\u00f1o jard\u00edn. Este estudio tiene capacidad para 1 o 2 personas y ofrece una","robots":{"index":"index","follow":"follow","max-snippet":"max-snippet:-1","max-image-preview":"max-image-preview:large","max-video-preview":"max-video-preview:-1"},"canonical":"https:\/\/www.residence-croma.fr\/es\/562-2\/564-2\/","og_locale":"es_ES","og_type":"article","og_title":"El estudio con terraza privada ofrece 15 m\u00b2 en la planta baja con un peque\u00f1o jard\u00edn. - Residence Croma","og_description":"El estudio con terraza privada ofrece 15 m\u00b2 en la planta baja con un peque\u00f1o jard\u00edn. Este estudio tiene capacidad para 1 o 2 personas y ofrece una","og_url":"https:\/\/www.residence-croma.fr\/es\/562-2\/564-2\/","og_site_name":"Residence Croma","article_modified_time":"2026-02-01T13:03:05+00:00","og_image":[{"width":1200,"height":1600,"url":"https:\/\/www.residence-croma.fr\/wp-content\/uploads\/sites\/366\/2023\/10\/IMG-0365-rotated.jpg","type":"image\/jpeg"}],"twitter_card":"summary_large_image","twitter_misc":{"Tiempo de lectura":"1 minuto"},"schema":{"@context":"https:\/\/schema.org","@graph":[{"@type":"WebPage","@id":"https:\/\/www.residence-croma.fr\/es\/562-2\/564-2\/","url":"https:\/\/www.residence-croma.fr\/es\/562-2\/564-2\/","name":"El estudio con terraza privada ofrece 15 m\u00b2 en la planta baja con un peque\u00f1o jard\u00edn. - Residence Croma","isPartOf":{"@id":"https:\/\/www.residence-croma.fr\/es\/#website"},"primaryImageOfPage":{"@id":"https:\/\/www.residence-croma.fr\/es\/562-2\/564-2\/#primaryimage"},"image":{"@id":"https:\/\/www.residence-croma.fr\/es\/562-2\/564-2\/#primaryimage"},"thumbnailUrl":"https:\/\/www.residence-croma.fr\/wp-content\/uploads\/sites\/366\/2023\/10\/IMG-0365-rotated.jpg","datePublished":"2026-02-01T13:02:33+00:00","dateModified":"2026-02-01T13:03:05+00:00","description":"El estudio con terraza privada ofrece 15 m\u00b2 en la planta baja con un peque\u00f1o jard\u00edn. Este estudio tiene capacidad para 1 o 2 personas y ofrece una","breadcrumb":{"@id":"https:\/\/www.residence-croma.fr\/es\/562-2\/564-2\/#breadcrumb"},"inLanguage":"es","potentialAction":[{"@type":"ReadAction","target":["https:\/\/www.residence-croma.fr\/es\/562-2\/564-2\/"]}]},{"@type":"ImageObject","inLanguage":"es","@id":"https:\/\/www.residence-croma.fr\/es\/562-2\/564-2\/#primaryimage","url":"https:\/\/www.residence-croma.fr\/wp-content\/uploads\/sites\/366\/2023\/10\/IMG-0365-rotated.jpg","contentUrl":"https:\/\/www.residence-croma.fr\/wp-content\/uploads\/sites\/366\/2023\/10\/IMG-0365-rotated.jpg","width":1200,"height":1600},{"@type":"BreadcrumbList","@id":"https:\/\/www.residence-croma.fr\/es\/562-2\/564-2\/#breadcrumb","itemListElement":[{"@type":"ListItem","position":1,"name":"Home","item":"https:\/\/www.residence-croma.fr\/es\/"},{"@type":"ListItem","position":2,"name":"Los 43 apartahoteles, con amplios espacios","item":"https:\/\/www.residence-croma.fr\/es\/562-2\/"},{"@type":"ListItem","position":3,"name":"El estudio con terraza privada ofrece 15 m\u00b2 en la planta baja con un peque\u00f1o jard\u00edn."}]},{"@type":"WebSite","@id":"https:\/\/www.residence-croma.fr\/es\/#website","url":"https:\/\/www.residence-croma.fr\/es\/","name":"Residence Croma","description":"","potentialAction":[{"@type":"SearchAction","target":{"@type":"EntryPoint","urlTemplate":"https:\/\/www.residence-croma.fr\/es\/?s={search_term_string}"},"query-input":{"@type":"PropertyValueSpecification","valueRequired":true,"valueName":"search_term_string"}}],"inLanguage":"es"}]}},"acf":[],"_links":{"self":[{"href":"https:\/\/www.residence-croma.fr\/es\/wp-json\/wp\/v2\/pages\/564","targetHints":{"allow":["GET"]}}],"collection":[{"href":"https:\/\/www.residence-croma.fr\/es\/wp-json\/wp\/v2\/pages"}],"about":[{"href":"https:\/\/www.residence-croma.fr\/es\/wp-json\/wp\/v2\/types\/page"}],"author":[{"embeddable":true,"href":"https:\/\/www.residence-croma.fr\/es\/wp-json\/wp\/v2\/users\/375"}],"replies":[{"embeddable":true,"href":"https:\/\/www.residence-croma.fr\/es\/wp-json\/wp\/v2\/comments?post=564"}],"version-history":[{"count":0,"href":"https:\/\/www.residence-croma.fr\/es\/wp-json\/wp\/v2\/pages\/564\/revisions"}],"up":[{"embeddable":true,"href":"https:\/\/www.residence-croma.fr\/es\/wp-json\/wp\/v2\/pages\/562"}],"wp:featuredmedia":[{"embeddable":true,"href":"https:\/\/www.residence-croma.fr\/es\/wp-json\/wp\/v2\/media\/423"}],"wp:attachment":[{"href":"https:\/\/www.residence-croma.fr\/es\/wp-json\/wp\/v2\/media?parent=564"}],"curies":[{"name":"wp","href":"https:\/\/api.w.org\/{rel}","templated":true}]}}