{"id":562,"date":"2026-02-01T09:27:19","date_gmt":"2026-02-01T09:27:19","guid":{"rendered":"https:\/\/www.residence-croma.fr\/?page_id=562"},"modified":"2026-02-07T15:17:26","modified_gmt":"2026-02-07T15:17:26","slug":"562-2","status":"publish","type":"page","link":"https:\/\/www.residence-croma.fr\/es\/562-2\/","title":{"rendered":"Los 43 apartahoteles, con amplios espacios"},"content":{"rendered":"<h3 id=\"tw-target-text\" class=\"tw-data-text tw-text-large tw-ta\" dir=\"ltr\" role=\"text\" data-placeholder=\"Traduction\" data-ved=\"2ahUKEwjyr9Gm-LeSAxVcVKQEHdhBIYoQ3ewLegQIDBAV\" aria-label=\"Texte traduit\u00a0: Los 43 apartahoteles, con amplios espacios, ofrecen una decoraci\u00f3n refinada con materiales cuidadosamente seleccionados, pensados \u200b\u200bpara el bienestar y la comodidad. La paleta de colores suaves y relajantes se inspira en el cielo, la vegetaci\u00f3n, los minerales y todo el entorno natural de la regi\u00f3n de Nueva Aquitania. Para garantizar una estancia serena, los apartamentos de la residencia Les Villas CROMA*** ofrecen servicios de alta calidad: la mayor\u00eda de los estudios y apartamentos cuentan con balc\u00f3n o jard\u00edn privado con zona de estar al aire libre y vistas al valle, lo que le permite conectar plenamente con la naturaleza. Desde estudios hasta d\u00faplex con capacidad para entre 1 y 8 personas, podr\u00e1 reunirse f\u00e1cilmente en un espacio dise\u00f1ado para grupos. Nuestra residencia ofrece alojamientos flexibles y din\u00e1micos para recibir a familias y amigos de todas las edades. Cada uno tiene su propio espacio mientras disfruta de momentos compartidos en nuestros jardines, terrazas o salones comunes. Cerca de tiendas y restaurantes, podr\u00e1 organizar sus comidas a su gusto. Venga a recargar energ\u00edas en nuestra Residencia Les Villas CROMA***.\"><span class=\"Y2IQFc\" lang=\"es\">Los 43 apartahoteles, con amplios espacios, ofrecen una decoraci\u00f3n refinada con materiales cuidadosamente seleccionados, pensados \u200b\u200bpara el bienestar y la comodidad.<br \/>\nLa paleta de colores suaves y relajantes se inspira en el cielo, la vegetaci\u00f3n, los minerales y todo el entorno natural de la regi\u00f3n de Nueva Aquitania.<br \/>\nPara garantizar una estancia serena, los apartamentos de la residencia Les Villas CROMA*** ofrecen servicios de alta calidad:<br \/>\nla mayor\u00eda de los estudios y apartamentos cuentan con balc\u00f3n o jard\u00edn privado con zona de estar al aire libre y vistas al valle,<br \/>\nlo que le permite conectar plenamente con la naturaleza. Desde estudios hasta d\u00faplex con capacidad para entre 1 y 8 personas, podr\u00e1 reunirse f\u00e1cilmente en un espacio<br \/>\ndise\u00f1ado para grupos.<br \/>\nNuestra residencia ofrece alojamientos flexibles y din\u00e1micos para recibir a familias y amigos de todas las edades. Cada uno tiene su propio espacio mientras disfruta<br \/>\nde momentos compartidos en nuestros jardines, terrazas o salones comunes.<br \/>\nCerca de tiendas y restaurantes, podr\u00e1 organizar sus comidas a su gusto. Venga a recargar energ\u00edas en nuestra Residencia Les Villas CROMA***.<\/span><\/h3>\n<p>&nbsp;<\/p>\n<pre id=\"tw-target-text\" class=\"tw-data-text tw-text-large tw-ta\" dir=\"ltr\" role=\"text\" data-placeholder=\"Traduction\" data-ved=\"2ahUKEwjyr9Gm-LeSAxVcVKQEHdhBIYoQ3ewLegQIDBAV\" aria-label=\"Texte traduit\u00a0: Para alquileres de m\u00e1s de 6 noches, el consumo de electricidad est\u00e1 incluido en el alquiler en base a un consumo medio semanal: \u2022 Estudio: 80 kWh \u2022 Apartamento de 2 habitaciones: 150 kWh \u2022 Apartamento de 2 habitaciones y d\u00faplex: 175 kWh Si se supera este l\u00edmite en la lectura del contador a la llegada, el propietario se reserva el derecho de solicitar al inquilino el pago de la diferencia en base a 0,23 \u20ac\/kWh (tarifa vigente en 2023 en nuestro contrato de suministro de energ\u00eda EDF).\"><span class=\"Y2IQFc\" lang=\"es\">Para alquileres de m\u00e1s de 6 noches, el consumo de electricidad est\u00e1 incluido en el alquiler en base a un consumo medio semanal:\r\n\u2022 Estudio: 80 kWh \r\n\u2022 Apartamento de 2 habitaciones: 150 kWh \r\n\u2022 Apartamento de 2 habitaciones y d\u00faplex: 175 kWh Si se supera este l\u00edmite en la lectura del contador a la llegada,\r\n el propietario se reserva el derecho de solicitar al inquilino el pago de la diferencia en base a 0,23 \u20ac\/kWh \r\n(tarifa vigente en 2023 en nuestro contrato de suministro de energ\u00eda EDF).<\/span><\/pre>\n<p>&nbsp;<\/p>\n","protected":false},"excerpt":{"rendered":"<p>Los 43 apartahoteles, con amplios espacios, ofrecen una decoraci\u00f3n refinada con materiales cuidadosamente seleccionados, pensados \u200b\u200bpara el bienestar y la comodidad. La paleta de colores suaves y relajantes se inspira en el cielo, la vegetaci\u00f3n, los minerales y todo el entorno natural de la regi\u00f3n de Nueva Aquitania. Para garantizar una estancia serena, los apartamentos [&hellip;]<\/p>\n","protected":false},"author":375,"featured_media":110,"parent":0,"menu_order":20,"comment_status":"closed","ping_status":"closed","template":"template-rooms.php","meta":{"footnotes":""},"class_list":["post-562","page","type-page","status-publish","has-post-thumbnail","hentry"],"yoast_head":"<!-- This site is optimized with the Yoast SEO plugin v26.9 - https:\/\/yoast.com\/product\/yoast-seo-wordpress\/ -->\n<title>Los 43 apartahoteles, con amplios espacios - Residence Croma<\/title>\n<meta name=\"description\" content=\"Los 43 apartahoteles, con amplios espacios, ofrecen una decoraci\u00f3n refinada con materiales cuidadosamente seleccionados, pensados \u200b\u200bpara el bienestar y la\" \/>\n<meta name=\"robots\" content=\"index, follow, max-snippet:-1, max-image-preview:large, max-video-preview:-1\" \/>\n<link rel=\"canonical\" href=\"https:\/\/www.residence-croma.fr\/es\/562-2\/\" \/>\n<meta property=\"og:locale\" content=\"es_ES\" \/>\n<meta property=\"og:type\" content=\"article\" \/>\n<meta property=\"og:title\" content=\"Los 43 apartahoteles, con amplios espacios - Residence Croma\" \/>\n<meta property=\"og:description\" content=\"Los 43 apartahoteles, con amplios espacios, ofrecen una decoraci\u00f3n refinada con materiales cuidadosamente seleccionados, pensados \u200b\u200bpara el bienestar y la\" \/>\n<meta property=\"og:url\" content=\"https:\/\/www.residence-croma.fr\/es\/562-2\/\" \/>\n<meta property=\"og:site_name\" content=\"Residence Croma\" \/>\n<meta property=\"article:modified_time\" content=\"2026-02-07T15:17:26+00:00\" \/>\n<meta property=\"og:image\" content=\"https:\/\/www.residence-croma.fr\/wp-content\/uploads\/sites\/366\/2021\/11\/PIECE-DE-VIE-2_-T3-8-PERS.jpg\" \/>\n\t<meta property=\"og:image:width\" content=\"2200\" \/>\n\t<meta property=\"og:image:height\" content=\"1200\" \/>\n\t<meta property=\"og:image:type\" content=\"image\/jpeg\" \/>\n<meta name=\"twitter:card\" content=\"summary_large_image\" \/>\n<meta name=\"twitter:label1\" content=\"Tiempo de lectura\" \/>\n\t<meta name=\"twitter:data1\" content=\"1 minuto\" \/>\n<script type=\"application\/ld+json\" class=\"yoast-schema-graph\">{\"@context\":\"https:\/\/schema.org\",\"@graph\":[{\"@type\":\"WebPage\",\"@id\":\"https:\/\/www.residence-croma.fr\/es\/562-2\/\",\"url\":\"https:\/\/www.residence-croma.fr\/es\/562-2\/\",\"name\":\"Los 43 apartahoteles, con amplios espacios - Residence Croma\",\"isPartOf\":{\"@id\":\"https:\/\/www.residence-croma.fr\/es\/#website\"},\"primaryImageOfPage\":{\"@id\":\"https:\/\/www.residence-croma.fr\/es\/562-2\/#primaryimage\"},\"image\":{\"@id\":\"https:\/\/www.residence-croma.fr\/es\/562-2\/#primaryimage\"},\"thumbnailUrl\":\"https:\/\/www.residence-croma.fr\/wp-content\/uploads\/sites\/366\/2021\/11\/PIECE-DE-VIE-2_-T3-8-PERS.jpg\",\"datePublished\":\"2026-02-01T09:27:19+00:00\",\"dateModified\":\"2026-02-07T15:17:26+00:00\",\"description\":\"Los 43 apartahoteles, con amplios espacios, ofrecen una decoraci\u00f3n refinada con materiales cuidadosamente seleccionados, pensados \u200b\u200bpara el bienestar y la\",\"breadcrumb\":{\"@id\":\"https:\/\/www.residence-croma.fr\/es\/562-2\/#breadcrumb\"},\"inLanguage\":\"es\",\"potentialAction\":[{\"@type\":\"ReadAction\",\"target\":[\"https:\/\/www.residence-croma.fr\/es\/562-2\/\"]}]},{\"@type\":\"ImageObject\",\"inLanguage\":\"es\",\"@id\":\"https:\/\/www.residence-croma.fr\/es\/562-2\/#primaryimage\",\"url\":\"https:\/\/www.residence-croma.fr\/wp-content\/uploads\/sites\/366\/2021\/11\/PIECE-DE-VIE-2_-T3-8-PERS.jpg\",\"contentUrl\":\"https:\/\/www.residence-croma.fr\/wp-content\/uploads\/sites\/366\/2021\/11\/PIECE-DE-VIE-2_-T3-8-PERS.jpg\",\"width\":2200,\"height\":1200},{\"@type\":\"BreadcrumbList\",\"@id\":\"https:\/\/www.residence-croma.fr\/es\/562-2\/#breadcrumb\",\"itemListElement\":[{\"@type\":\"ListItem\",\"position\":1,\"name\":\"Home\",\"item\":\"https:\/\/www.residence-croma.fr\/es\/\"},{\"@type\":\"ListItem\",\"position\":2,\"name\":\"Los 43 apartahoteles, con amplios espacios\"}]},{\"@type\":\"WebSite\",\"@id\":\"https:\/\/www.residence-croma.fr\/es\/#website\",\"url\":\"https:\/\/www.residence-croma.fr\/es\/\",\"name\":\"Residence Croma\",\"description\":\"\",\"potentialAction\":[{\"@type\":\"SearchAction\",\"target\":{\"@type\":\"EntryPoint\",\"urlTemplate\":\"https:\/\/www.residence-croma.fr\/es\/?s={search_term_string}\"},\"query-input\":{\"@type\":\"PropertyValueSpecification\",\"valueRequired\":true,\"valueName\":\"search_term_string\"}}],\"inLanguage\":\"es\"}]}<\/script>\n<!-- \/ Yoast SEO plugin. -->","yoast_head_json":{"title":"Los 43 apartahoteles, con amplios espacios - Residence Croma","description":"Los 43 apartahoteles, con amplios espacios, ofrecen una decoraci\u00f3n refinada con materiales cuidadosamente seleccionados, pensados \u200b\u200bpara el bienestar y la","robots":{"index":"index","follow":"follow","max-snippet":"max-snippet:-1","max-image-preview":"max-image-preview:large","max-video-preview":"max-video-preview:-1"},"canonical":"https:\/\/www.residence-croma.fr\/es\/562-2\/","og_locale":"es_ES","og_type":"article","og_title":"Los 43 apartahoteles, con amplios espacios - Residence Croma","og_description":"Los 43 apartahoteles, con amplios espacios, ofrecen una decoraci\u00f3n refinada con materiales cuidadosamente seleccionados, pensados \u200b\u200bpara el bienestar y la","og_url":"https:\/\/www.residence-croma.fr\/es\/562-2\/","og_site_name":"Residence Croma","article_modified_time":"2026-02-07T15:17:26+00:00","og_image":[{"width":2200,"height":1200,"url":"https:\/\/www.residence-croma.fr\/wp-content\/uploads\/sites\/366\/2021\/11\/PIECE-DE-VIE-2_-T3-8-PERS.jpg","type":"image\/jpeg"}],"twitter_card":"summary_large_image","twitter_misc":{"Tiempo de lectura":"1 minuto"},"schema":{"@context":"https:\/\/schema.org","@graph":[{"@type":"WebPage","@id":"https:\/\/www.residence-croma.fr\/es\/562-2\/","url":"https:\/\/www.residence-croma.fr\/es\/562-2\/","name":"Los 43 apartahoteles, con amplios espacios - Residence Croma","isPartOf":{"@id":"https:\/\/www.residence-croma.fr\/es\/#website"},"primaryImageOfPage":{"@id":"https:\/\/www.residence-croma.fr\/es\/562-2\/#primaryimage"},"image":{"@id":"https:\/\/www.residence-croma.fr\/es\/562-2\/#primaryimage"},"thumbnailUrl":"https:\/\/www.residence-croma.fr\/wp-content\/uploads\/sites\/366\/2021\/11\/PIECE-DE-VIE-2_-T3-8-PERS.jpg","datePublished":"2026-02-01T09:27:19+00:00","dateModified":"2026-02-07T15:17:26+00:00","description":"Los 43 apartahoteles, con amplios espacios, ofrecen una decoraci\u00f3n refinada con materiales cuidadosamente seleccionados, pensados \u200b\u200bpara el bienestar y la","breadcrumb":{"@id":"https:\/\/www.residence-croma.fr\/es\/562-2\/#breadcrumb"},"inLanguage":"es","potentialAction":[{"@type":"ReadAction","target":["https:\/\/www.residence-croma.fr\/es\/562-2\/"]}]},{"@type":"ImageObject","inLanguage":"es","@id":"https:\/\/www.residence-croma.fr\/es\/562-2\/#primaryimage","url":"https:\/\/www.residence-croma.fr\/wp-content\/uploads\/sites\/366\/2021\/11\/PIECE-DE-VIE-2_-T3-8-PERS.jpg","contentUrl":"https:\/\/www.residence-croma.fr\/wp-content\/uploads\/sites\/366\/2021\/11\/PIECE-DE-VIE-2_-T3-8-PERS.jpg","width":2200,"height":1200},{"@type":"BreadcrumbList","@id":"https:\/\/www.residence-croma.fr\/es\/562-2\/#breadcrumb","itemListElement":[{"@type":"ListItem","position":1,"name":"Home","item":"https:\/\/www.residence-croma.fr\/es\/"},{"@type":"ListItem","position":2,"name":"Los 43 apartahoteles, con amplios espacios"}]},{"@type":"WebSite","@id":"https:\/\/www.residence-croma.fr\/es\/#website","url":"https:\/\/www.residence-croma.fr\/es\/","name":"Residence Croma","description":"","potentialAction":[{"@type":"SearchAction","target":{"@type":"EntryPoint","urlTemplate":"https:\/\/www.residence-croma.fr\/es\/?s={search_term_string}"},"query-input":{"@type":"PropertyValueSpecification","valueRequired":true,"valueName":"search_term_string"}}],"inLanguage":"es"}]}},"acf":[],"_links":{"self":[{"href":"https:\/\/www.residence-croma.fr\/es\/wp-json\/wp\/v2\/pages\/562","targetHints":{"allow":["GET"]}}],"collection":[{"href":"https:\/\/www.residence-croma.fr\/es\/wp-json\/wp\/v2\/pages"}],"about":[{"href":"https:\/\/www.residence-croma.fr\/es\/wp-json\/wp\/v2\/types\/page"}],"author":[{"embeddable":true,"href":"https:\/\/www.residence-croma.fr\/es\/wp-json\/wp\/v2\/users\/375"}],"replies":[{"embeddable":true,"href":"https:\/\/www.residence-croma.fr\/es\/wp-json\/wp\/v2\/comments?post=562"}],"version-history":[{"count":0,"href":"https:\/\/www.residence-croma.fr\/es\/wp-json\/wp\/v2\/pages\/562\/revisions"}],"wp:featuredmedia":[{"embeddable":true,"href":"https:\/\/www.residence-croma.fr\/es\/wp-json\/wp\/v2\/media\/110"}],"wp:attachment":[{"href":"https:\/\/www.residence-croma.fr\/es\/wp-json\/wp\/v2\/media?parent=562"}],"curies":[{"name":"wp","href":"https:\/\/api.w.org\/{rel}","templated":true}]}}