{"id":203,"date":"2021-11-03T14:47:38","date_gmt":"2021-11-03T14:47:38","guid":{"rendered":"https:\/\/croma.ms.decms.eu\/leisure-and-activities\/balades-a-velo\/"},"modified":"2026-02-01T14:20:16","modified_gmt":"2026-02-01T14:20:16","slug":"cycling-tours","status":"publish","type":"page","link":"https:\/\/www.residence-croma.fr\/en\/leisure-and-activities\/cycling-tours\/","title":{"rendered":"Cycling tours"},"content":{"rendered":"<div id=\"tw-target-text-container\" class=\"tw-ta-container tw-nfl\" role=\"text\">\n<h3 id=\"tw-target-text\" class=\"tw-data-text tw-text-large tw-ta\" dir=\"ltr\" role=\"text\" data-placeholder=\"Traduction\" data-ved=\"2ahUKEwio2Jvz77yRAxXrNPsDHbMkNz4Q3ewLegQICxAV\" aria-label=\"Texte traduit\u00a0: Discover the peaceful landscapes of the Gartempe Valley: shaded paths, wild riverbanks, and charming villages accompany you with every pedal stroke. Whether you're with family, friends, or on your own, our routes, suitable for all levels, transform a simple ride into a true nature adventure. Bike Rental: We offer easy-to-use, regularly maintained bikes for adults and children. Helmets, route maps, and personalized advice are available upon request for a worry-free ride. Advice and Routes: Contact the La Roche-Posay Tourist Office or our reception to find the best routes based on the length of your outing and your fitness level. Our team will guide you towards family-friendly loops, more challenging routes, or leisurely rides along the river. La Roche-Posay Tourist Office: https:\/\/www.larocheposay-tourisme.com\/\"><span class=\"Y2IQFc\" lang=\"en\">Bike Rental: <\/span><\/h3>\n<h3 class=\"tw-data-text tw-text-large tw-ta\" dir=\"ltr\" role=\"text\" data-placeholder=\"Traduction\" data-ved=\"2ahUKEwio2Jvz77yRAxXrNPsDHbMkNz4Q3ewLegQICxAV\" aria-label=\"Texte traduit\u00a0: Discover the peaceful landscapes of the Gartempe Valley: shaded paths, wild riverbanks, and charming villages accompany you with every pedal stroke. Whether you're with family, friends, or on your own, our routes, suitable for all levels, transform a simple ride into a true nature adventure. Bike Rental: We offer easy-to-use, regularly maintained bikes for adults and children. Helmets, route maps, and personalized advice are available upon request for a worry-free ride. Advice and Routes: Contact the La Roche-Posay Tourist Office or our reception to find the best routes based on the length of your outing and your fitness level. Our team will guide you towards family-friendly loops, more challenging routes, or leisurely rides along the river. La Roche-Posay Tourist Office: https:\/\/www.larocheposay-tourisme.com\/\"><span class=\"Y2IQFc\" lang=\"en\">We offer easy-to-use, regularly maintained bikes for adults and children. Helmets, route maps, and personalized advice are available upon request for a worry-free ride. Advice and Routes: Contact the La Roche-Posay Tourist Office or our reception to find the best routes based on the length of your outing and your fitness level. Our team will guide you towards family-friendly loops, more challenging routes, or leisurely rides along the river.<\/span><\/h3>\n<h3 class=\"tw-data-text tw-text-large tw-ta\" dir=\"ltr\" role=\"text\" data-placeholder=\"Traduction\" data-ved=\"2ahUKEwio2Jvz77yRAxXrNPsDHbMkNz4Q3ewLegQICxAV\" aria-label=\"Texte traduit\u00a0: Discover the peaceful landscapes of the Gartempe Valley: shaded paths, wild riverbanks, and charming villages accompany you with every pedal stroke. Whether you're with family, friends, or on your own, our routes, suitable for all levels, transform a simple ride into a true nature adventure. Bike Rental: We offer easy-to-use, regularly maintained bikes for adults and children. Helmets, route maps, and personalized advice are available upon request for a worry-free ride. Advice and Routes: Contact the La Roche-Posay Tourist Office or our reception to find the best routes based on the length of your outing and your fitness level. Our team will guide you towards family-friendly loops, more challenging routes, or leisurely rides along the river. La Roche-Posay Tourist Office: https:\/\/www.larocheposay-tourisme.com\/\"><span class=\"Y2IQFc\" lang=\"en\">La Roche-Posay Tourist Office: <a href=\"https:\/\/www.larocheposay-tourisme.com\/\">https:\/\/www.larocheposay-tourisme.com\/<\/a><\/span><\/h3>\n<\/div>\n<div id=\"tw-target-rmn-container\" class=\"tw-target-rmn tw-ta-container tw-nfl\" role=\"text\">\n<pre id=\"tw-target-rmn\" class=\"tw-data-placeholder tw-text-small tw-ta\" dir=\"ltr\" role=\"text\" data-placeholder=\"\"><\/pre>\n<\/div>\n","protected":false},"excerpt":{"rendered":"<p>Bike Rental: We offer easy-to-use, regularly maintained bikes for adults and children. Helmets, route maps, and personalized advice are available upon request for a worry-free ride. Advice and Routes: Contact the La Roche-Posay Tourist Office or our reception to find the best routes based on the length of your outing and your fitness level. Our [&hellip;]<\/p>\n","protected":false},"author":46,"featured_media":93,"parent":197,"menu_order":440,"comment_status":"closed","ping_status":"closed","template":"template-default-3.php","meta":{"footnotes":""},"class_list":["post-203","page","type-page","status-publish","has-post-thumbnail","hentry"],"yoast_head":"<!-- This site is optimized with the Yoast SEO plugin v26.9 - https:\/\/yoast.com\/product\/yoast-seo-wordpress\/ -->\n<title>Location et balades \u00e0 v\u00e9lo - R\u00e9sidence CROMA - La Roche-Posay<\/title>\n<meta name=\"description\" content=\"Louez un v\u00e9lo depuis notre appart-h\u00f4tel 3* \u00e0 La Roche-Posay, pour explorer la r\u00e9gion.\" \/>\n<meta name=\"robots\" content=\"index, follow, max-snippet:-1, max-image-preview:large, max-video-preview:-1\" \/>\n<link rel=\"canonical\" href=\"https:\/\/www.residence-croma.fr\/en\/leisure-and-activities\/cycling-tours\/\" \/>\n<meta property=\"og:locale\" content=\"en_US\" \/>\n<meta property=\"og:type\" content=\"article\" \/>\n<meta property=\"og:title\" content=\"Location et balades \u00e0 v\u00e9lo - R\u00e9sidence CROMA - La Roche-Posay\" \/>\n<meta property=\"og:description\" content=\"Louez un v\u00e9lo depuis notre appart-h\u00f4tel 3* \u00e0 La Roche-Posay, pour explorer la r\u00e9gion.\" \/>\n<meta property=\"og:url\" content=\"https:\/\/www.residence-croma.fr\/en\/leisure-and-activities\/cycling-tours\/\" \/>\n<meta property=\"og:site_name\" content=\"Residence Croma\" \/>\n<meta property=\"article:modified_time\" content=\"2026-02-01T14:20:16+00:00\" \/>\n<meta property=\"og:image\" content=\"https:\/\/www.residence-croma.fr\/wp-content\/uploads\/sites\/366\/2021\/11\/LA-PHOTO-SITE.jpg\" \/>\n\t<meta property=\"og:image:width\" content=\"2200\" \/>\n\t<meta property=\"og:image:height\" content=\"1200\" \/>\n\t<meta property=\"og:image:type\" content=\"image\/jpeg\" \/>\n<meta name=\"twitter:card\" content=\"summary_large_image\" \/>\n<meta name=\"twitter:label1\" content=\"Est. reading time\" \/>\n\t<meta name=\"twitter:data1\" content=\"1 minute\" \/>\n<script type=\"application\/ld+json\" class=\"yoast-schema-graph\">{\"@context\":\"https:\/\/schema.org\",\"@graph\":[{\"@type\":\"WebPage\",\"@id\":\"https:\/\/www.residence-croma.fr\/en\/leisure-and-activities\/cycling-tours\/\",\"url\":\"https:\/\/www.residence-croma.fr\/en\/leisure-and-activities\/cycling-tours\/\",\"name\":\"Location et balades \u00e0 v\u00e9lo - R\u00e9sidence CROMA - La Roche-Posay\",\"isPartOf\":{\"@id\":\"https:\/\/www.residence-croma.fr\/en\/#website\"},\"primaryImageOfPage\":{\"@id\":\"https:\/\/www.residence-croma.fr\/en\/leisure-and-activities\/cycling-tours\/#primaryimage\"},\"image\":{\"@id\":\"https:\/\/www.residence-croma.fr\/en\/leisure-and-activities\/cycling-tours\/#primaryimage\"},\"thumbnailUrl\":\"https:\/\/www.residence-croma.fr\/wp-content\/uploads\/sites\/366\/2021\/11\/LA-PHOTO-SITE.jpg\",\"datePublished\":\"2021-11-03T14:47:38+00:00\",\"dateModified\":\"2026-02-01T14:20:16+00:00\",\"description\":\"Louez un v\u00e9lo depuis notre appart-h\u00f4tel 3* \u00e0 La Roche-Posay, pour explorer la r\u00e9gion.\",\"breadcrumb\":{\"@id\":\"https:\/\/www.residence-croma.fr\/en\/leisure-and-activities\/cycling-tours\/#breadcrumb\"},\"inLanguage\":\"en-US\",\"potentialAction\":[{\"@type\":\"ReadAction\",\"target\":[\"https:\/\/www.residence-croma.fr\/en\/leisure-and-activities\/cycling-tours\/\"]}]},{\"@type\":\"ImageObject\",\"inLanguage\":\"en-US\",\"@id\":\"https:\/\/www.residence-croma.fr\/en\/leisure-and-activities\/cycling-tours\/#primaryimage\",\"url\":\"https:\/\/www.residence-croma.fr\/wp-content\/uploads\/sites\/366\/2021\/11\/LA-PHOTO-SITE.jpg\",\"contentUrl\":\"https:\/\/www.residence-croma.fr\/wp-content\/uploads\/sites\/366\/2021\/11\/LA-PHOTO-SITE.jpg\",\"width\":2200,\"height\":1200},{\"@type\":\"BreadcrumbList\",\"@id\":\"https:\/\/www.residence-croma.fr\/en\/leisure-and-activities\/cycling-tours\/#breadcrumb\",\"itemListElement\":[{\"@type\":\"ListItem\",\"position\":1,\"name\":\"Home\",\"item\":\"https:\/\/www.residence-croma.fr\/en\/\"},{\"@type\":\"ListItem\",\"position\":2,\"name\":\"Leisure and activities\",\"item\":\"https:\/\/www.residence-croma.fr\/en\/leisure-and-activities\/\"},{\"@type\":\"ListItem\",\"position\":3,\"name\":\"Cycling tours\"}]},{\"@type\":\"WebSite\",\"@id\":\"https:\/\/www.residence-croma.fr\/en\/#website\",\"url\":\"https:\/\/www.residence-croma.fr\/en\/\",\"name\":\"Residence Croma\",\"description\":\"\",\"potentialAction\":[{\"@type\":\"SearchAction\",\"target\":{\"@type\":\"EntryPoint\",\"urlTemplate\":\"https:\/\/www.residence-croma.fr\/en\/?s={search_term_string}\"},\"query-input\":{\"@type\":\"PropertyValueSpecification\",\"valueRequired\":true,\"valueName\":\"search_term_string\"}}],\"inLanguage\":\"en-US\"}]}<\/script>\n<!-- \/ Yoast SEO plugin. -->","yoast_head_json":{"title":"Location et balades \u00e0 v\u00e9lo - R\u00e9sidence CROMA - La Roche-Posay","description":"Louez un v\u00e9lo depuis notre appart-h\u00f4tel 3* \u00e0 La Roche-Posay, pour explorer la r\u00e9gion.","robots":{"index":"index","follow":"follow","max-snippet":"max-snippet:-1","max-image-preview":"max-image-preview:large","max-video-preview":"max-video-preview:-1"},"canonical":"https:\/\/www.residence-croma.fr\/en\/leisure-and-activities\/cycling-tours\/","og_locale":"en_US","og_type":"article","og_title":"Location et balades \u00e0 v\u00e9lo - R\u00e9sidence CROMA - La Roche-Posay","og_description":"Louez un v\u00e9lo depuis notre appart-h\u00f4tel 3* \u00e0 La Roche-Posay, pour explorer la r\u00e9gion.","og_url":"https:\/\/www.residence-croma.fr\/en\/leisure-and-activities\/cycling-tours\/","og_site_name":"Residence Croma","article_modified_time":"2026-02-01T14:20:16+00:00","og_image":[{"width":2200,"height":1200,"url":"https:\/\/www.residence-croma.fr\/wp-content\/uploads\/sites\/366\/2021\/11\/LA-PHOTO-SITE.jpg","type":"image\/jpeg"}],"twitter_card":"summary_large_image","twitter_misc":{"Est. reading time":"1 minute"},"schema":{"@context":"https:\/\/schema.org","@graph":[{"@type":"WebPage","@id":"https:\/\/www.residence-croma.fr\/en\/leisure-and-activities\/cycling-tours\/","url":"https:\/\/www.residence-croma.fr\/en\/leisure-and-activities\/cycling-tours\/","name":"Location et balades \u00e0 v\u00e9lo - R\u00e9sidence CROMA - La Roche-Posay","isPartOf":{"@id":"https:\/\/www.residence-croma.fr\/en\/#website"},"primaryImageOfPage":{"@id":"https:\/\/www.residence-croma.fr\/en\/leisure-and-activities\/cycling-tours\/#primaryimage"},"image":{"@id":"https:\/\/www.residence-croma.fr\/en\/leisure-and-activities\/cycling-tours\/#primaryimage"},"thumbnailUrl":"https:\/\/www.residence-croma.fr\/wp-content\/uploads\/sites\/366\/2021\/11\/LA-PHOTO-SITE.jpg","datePublished":"2021-11-03T14:47:38+00:00","dateModified":"2026-02-01T14:20:16+00:00","description":"Louez un v\u00e9lo depuis notre appart-h\u00f4tel 3* \u00e0 La Roche-Posay, pour explorer la r\u00e9gion.","breadcrumb":{"@id":"https:\/\/www.residence-croma.fr\/en\/leisure-and-activities\/cycling-tours\/#breadcrumb"},"inLanguage":"en-US","potentialAction":[{"@type":"ReadAction","target":["https:\/\/www.residence-croma.fr\/en\/leisure-and-activities\/cycling-tours\/"]}]},{"@type":"ImageObject","inLanguage":"en-US","@id":"https:\/\/www.residence-croma.fr\/en\/leisure-and-activities\/cycling-tours\/#primaryimage","url":"https:\/\/www.residence-croma.fr\/wp-content\/uploads\/sites\/366\/2021\/11\/LA-PHOTO-SITE.jpg","contentUrl":"https:\/\/www.residence-croma.fr\/wp-content\/uploads\/sites\/366\/2021\/11\/LA-PHOTO-SITE.jpg","width":2200,"height":1200},{"@type":"BreadcrumbList","@id":"https:\/\/www.residence-croma.fr\/en\/leisure-and-activities\/cycling-tours\/#breadcrumb","itemListElement":[{"@type":"ListItem","position":1,"name":"Home","item":"https:\/\/www.residence-croma.fr\/en\/"},{"@type":"ListItem","position":2,"name":"Leisure and activities","item":"https:\/\/www.residence-croma.fr\/en\/leisure-and-activities\/"},{"@type":"ListItem","position":3,"name":"Cycling tours"}]},{"@type":"WebSite","@id":"https:\/\/www.residence-croma.fr\/en\/#website","url":"https:\/\/www.residence-croma.fr\/en\/","name":"Residence Croma","description":"","potentialAction":[{"@type":"SearchAction","target":{"@type":"EntryPoint","urlTemplate":"https:\/\/www.residence-croma.fr\/en\/?s={search_term_string}"},"query-input":{"@type":"PropertyValueSpecification","valueRequired":true,"valueName":"search_term_string"}}],"inLanguage":"en-US"}]}},"acf":[],"_links":{"self":[{"href":"https:\/\/www.residence-croma.fr\/en\/wp-json\/wp\/v2\/pages\/203","targetHints":{"allow":["GET"]}}],"collection":[{"href":"https:\/\/www.residence-croma.fr\/en\/wp-json\/wp\/v2\/pages"}],"about":[{"href":"https:\/\/www.residence-croma.fr\/en\/wp-json\/wp\/v2\/types\/page"}],"author":[{"embeddable":true,"href":"https:\/\/www.residence-croma.fr\/en\/wp-json\/wp\/v2\/users\/46"}],"replies":[{"embeddable":true,"href":"https:\/\/www.residence-croma.fr\/en\/wp-json\/wp\/v2\/comments?post=203"}],"version-history":[{"count":0,"href":"https:\/\/www.residence-croma.fr\/en\/wp-json\/wp\/v2\/pages\/203\/revisions"}],"up":[{"embeddable":true,"href":"https:\/\/www.residence-croma.fr\/en\/wp-json\/wp\/v2\/pages\/197"}],"wp:featuredmedia":[{"embeddable":true,"href":"https:\/\/www.residence-croma.fr\/en\/wp-json\/wp\/v2\/media\/93"}],"wp:attachment":[{"href":"https:\/\/www.residence-croma.fr\/en\/wp-json\/wp\/v2\/media?parent=203"}],"curies":[{"name":"wp","href":"https:\/\/api.w.org\/{rel}","templated":true}]}}